{"id":112,"date":"2018-03-18T16:44:52","date_gmt":"2018-03-18T14:44:52","guid":{"rendered":"https:\/\/www.nokiankylat.fi\/kulovesi\/?page_id=112"},"modified":"2026-04-23T11:07:20","modified_gmt":"2026-04-23T08:07:20","slug":"kuloveden-eramiehet-ry","status":"publish","type":"page","link":"https:\/\/www.nokiankylat.fi\/kulovesi\/kuloveden-eramiehet-ry\/","title":{"rendered":"Kuloveden Er\u00e4miehet ry"},"content":{"rendered":"<p>Seuran toimialueena on <strong>Kuljun ja Kauniaisten kyl\u00e4t.<\/strong> Seurassa on t\u00e4ll\u00e4 hetkell\u00e4 noin 63 j\u00e4sent\u00e4.<\/p>\n<p>&nbsp;<\/p>\n<h2>Johtokunta ja yhdyshenkil\u00f6t vuosina 2025-2026<\/h2>\n<ul>\n<li>Ari Sten (puheenjohtaja). S-posti ari_389(at)hotmail.com<\/li>\n<li>Petri Matikainen (varapuheenjohtaja)<\/li>\n<li>Sauli Lind (sihteeri). S-posti sauli.lind(at)hotmail.fi<\/li>\n<li>Pasi Sten (k\u00e4mpp\u00e4varaukset), S-posti pasisten(at)yahoo.com<\/li>\n<li>Jarmo Karttunen (rahastonhoitaja)<\/li>\n<li>Petri Ojala<\/li>\n<li>Ville Raatikainen<\/li>\n<\/ul>\n<p>&nbsp;<\/p>\n<p>Seuran suurpetoyhdyshenkil\u00f6 on Markku Rajasilta.<\/p>\n<h2>Tiedotteita<\/h2>\n<ul>\n<li><u>Ilmoita s\u00e4hk\u00f6postiosoitteesi<\/u>\u00a0ja matkapuhelinnumerosi seuran sihteerille, niin jatkossa voitaisiin tehokkaammin k\u00e4ytt\u00e4\u00e4 s\u00e4hk\u00f6ist\u00e4 viestint\u00e4\u00e4 seuran asioista tiedottamiseen.<\/li>\n<li>Muistathan k\u00e4yd\u00e4 katsomassa onko\u00a0<u>mets\u00e4stysalueissa tapahtunut muutoksia.<\/u> Paljassuon k\u00e4mp\u00e4n tuvassa olevasta kartasta n\u00e4et kulloinkin vuokrattuna olevat mets\u00e4stysmaat ja niiden mahdolliset rajoitukset. Samoin Tracker-sovellus (maksullinen) kertoo miss\u00e4 saat mets\u00e4st\u00e4\u00e4 ja millaisia rajoituksia alueilla on voimassa.<\/li>\n<li>Jos sinulla on joku mielenkiintoinen riista- tai luontohavainto, muista merkit\u00e4 se k\u00e4mp\u00e4ll\u00e4 olevaan vieraskirjaan. Se saattaa kiinnostaa muitakin.<\/li>\n<li>Seurassa on tarjolla WhatsApp-tiedotus koko seuran j\u00e4senist\u00f6lle. Samoin on avoimia ja suljettuja ryhmi\u00e4 kuten peura- hirvi- ilves- ja pienpetoryhm\u00e4t. Kysy asiasta johtokunnan j\u00e4senilt\u00e4 jos olet kiinnostunut liittym\u00e4\u00e4n kyseisiin ryhmiin.<\/li>\n<\/ul>\n<h2>Toimikuntien kokoonpanot:<\/h2>\n<p><b>Kilpailu- ja ampumatoimikunta:<\/b> Puheenjohtaja Ari Sten.<br \/>\nJ\u00e4senet Risto V\u00e4yrynen ja Marko Sten.<br \/>\nAmpumatoimikunta j\u00e4rjest\u00e4\u00e4 ampumakilpailuja ja harjoituksia mm. hirvenhiihdossa, pienoishirvess\u00e4, hirvess\u00e4 sek\u00e4 haulikkolajeissa.<\/p>\n<p><b>Riistanhoitotoimikunta:<\/b> Puheenjohtaja Ville Raatikainen.<br \/>\nJ\u00e4senet Valtteri Tykki, Ralf Olan, Lauri Sorri, Aleksi Kauppila, Ossi Honkala ja Riku Kolehmainen.<br \/>\nRiistanhoitotoimikunta j\u00e4rjest\u00e4\u00e4 riistanhoitoon liittyv\u00e4t asiat mm. ruokintapaikat, nuolukivet, riistapellot.<\/p>\n<p>&nbsp;<\/p>\n","protected":false},"excerpt":{"rendered":"<p>Seuran toimialueena on Kuljun ja Kauniaisten kyl\u00e4t. Seurassa on t\u00e4ll\u00e4 hetkell\u00e4 noin 63 j\u00e4sent\u00e4. &nbsp; Johtokunta ja yhdyshenkil\u00f6t vuosina 2025-2026 Ari Sten (puheenjohtaja). S-posti ari_389(at)hotmail.com Petri Matikainen (varapuheenjohtaja) Sauli Lind (sihteeri). S-posti sauli.lind(at)hotmail.fi Pasi Sten (k\u00e4mpp\u00e4varaukset), S-posti pasisten(at)yahoo.com Jarmo Karttunen (rahastonhoitaja) Petri Ojala Ville Raatikainen &nbsp; Seuran suurpetoyhdyshenkil\u00f6 on Markku Rajasilta. Tiedotteita Ilmoita s\u00e4hk\u00f6postiosoitteesi\u00a0ja matkapuhelinnumerosi &hellip; <a href=\"https:\/\/www.nokiankylat.fi\/kulovesi\/kuloveden-eramiehet-ry\/\">Jatkuu<\/a><\/p>\n","protected":false},"author":15,"featured_media":0,"parent":0,"menu_order":0,"comment_status":"closed","ping_status":"closed","template":"","meta":{"_acf_changed":false,"footnotes":""},"class_list":["post-112","page","type-page","status-publish","hentry"],"acf":[],"_links":{"self":[{"href":"https:\/\/www.nokiankylat.fi\/kulovesi\/wp-json\/wp\/v2\/pages\/112","targetHints":{"allow":["GET"]}}],"collection":[{"href":"https:\/\/www.nokiankylat.fi\/kulovesi\/wp-json\/wp\/v2\/pages"}],"about":[{"href":"https:\/\/www.nokiankylat.fi\/kulovesi\/wp-json\/wp\/v2\/types\/page"}],"author":[{"embeddable":true,"href":"https:\/\/www.nokiankylat.fi\/kulovesi\/wp-json\/wp\/v2\/users\/15"}],"replies":[{"embeddable":true,"href":"https:\/\/www.nokiankylat.fi\/kulovesi\/wp-json\/wp\/v2\/comments?post=112"}],"version-history":[{"count":57,"href":"https:\/\/www.nokiankylat.fi\/kulovesi\/wp-json\/wp\/v2\/pages\/112\/revisions"}],"predecessor-version":[{"id":739,"href":"https:\/\/www.nokiankylat.fi\/kulovesi\/wp-json\/wp\/v2\/pages\/112\/revisions\/739"}],"wp:attachment":[{"href":"https:\/\/www.nokiankylat.fi\/kulovesi\/wp-json\/wp\/v2\/media?parent=112"}],"curies":[{"name":"wp","href":"https:\/\/api.w.org\/{rel}","templated":true}]}}