{"id":115,"date":"2018-03-18T16:44:52","date_gmt":"2018-03-18T14:44:52","guid":{"rendered":"https:\/\/www.nokiankylat.fi\/kulovesi\/?page_id=115"},"modified":"2023-03-20T08:09:16","modified_gmt":"2023-03-20T06:09:16","slug":"sata-hameen-vasamat","status":"publish","type":"page","link":"https:\/\/www.nokiankylat.fi\/kulovesi\/sata-hameen-vasamat\/","title":{"rendered":"Sata-H\u00e4meen Vasamat"},"content":{"rendered":"<p>Sata-H\u00e4meen Vasamat ry on partiolippukunta, joka toimii Siuro-Linnavuori alueella. Toimintaamme kuuluu ryhmien viikoittaiset kokoontumiset, retket, leirit ja muu partiotoiminta.<\/p>\n<p>Lippukunnan toiminnassa on mukana lapsia, nuoria ja aikuisia. Uusia j\u00e4seni\u00e4 otamme mielell\u00e4mme mukaan.<\/p>\n<p>Lippukunnan nettisivut l\u00f6ytyv\u00e4t osoitteesta: <a href=\"http:\/\/www.sava-partio.fi\">www.sava-partio.fi<\/a><\/p>\n<p>Lis\u00e4tietoa antaa lippukunnanjohtaja Kaisa Hautakoski, puhelin 045 679 4883.<\/p>\n","protected":false},"excerpt":{"rendered":"<p>Sata-H\u00e4meen Vasamat ry on partiolippukunta, joka toimii Siuro-Linnavuori alueella. Toimintaamme kuuluu ryhmien viikoittaiset kokoontumiset, retket, leirit ja muu partiotoiminta. Lippukunnan toiminnassa on mukana lapsia, nuoria ja aikuisia. Uusia j\u00e4seni\u00e4 otamme mielell\u00e4mme mukaan. Lippukunnan nettisivut l\u00f6ytyv\u00e4t osoitteesta: www.sava-partio.fi Lis\u00e4tietoa antaa lippukunnanjohtaja Kaisa Hautakoski, puhelin 045 679 4883.<\/p>\n","protected":false},"author":15,"featured_media":0,"parent":0,"menu_order":0,"comment_status":"closed","ping_status":"closed","template":"","meta":{"_acf_changed":false,"footnotes":""},"class_list":["post-115","page","type-page","status-publish","hentry"],"acf":[],"_links":{"self":[{"href":"https:\/\/www.nokiankylat.fi\/kulovesi\/wp-json\/wp\/v2\/pages\/115","targetHints":{"allow":["GET"]}}],"collection":[{"href":"https:\/\/www.nokiankylat.fi\/kulovesi\/wp-json\/wp\/v2\/pages"}],"about":[{"href":"https:\/\/www.nokiankylat.fi\/kulovesi\/wp-json\/wp\/v2\/types\/page"}],"author":[{"embeddable":true,"href":"https:\/\/www.nokiankylat.fi\/kulovesi\/wp-json\/wp\/v2\/users\/15"}],"replies":[{"embeddable":true,"href":"https:\/\/www.nokiankylat.fi\/kulovesi\/wp-json\/wp\/v2\/comments?post=115"}],"version-history":[{"count":8,"href":"https:\/\/www.nokiankylat.fi\/kulovesi\/wp-json\/wp\/v2\/pages\/115\/revisions"}],"predecessor-version":[{"id":576,"href":"https:\/\/www.nokiankylat.fi\/kulovesi\/wp-json\/wp\/v2\/pages\/115\/revisions\/576"}],"wp:attachment":[{"href":"https:\/\/www.nokiankylat.fi\/kulovesi\/wp-json\/wp\/v2\/media?parent=115"}],"curies":[{"name":"wp","href":"https:\/\/api.w.org\/{rel}","templated":true}]}}