{"id":160,"date":"2018-03-19T06:39:48","date_gmt":"2018-03-19T04:39:48","guid":{"rendered":"https:\/\/www.nokiankylat.fi\/kulovesi\/?page_id=160"},"modified":"2025-06-18T07:57:16","modified_gmt":"2025-06-18T04:57:16","slug":"kauniaisten-osakaskunta","status":"publish","type":"page","link":"https:\/\/www.nokiankylat.fi\/kulovesi\/kauniaisten-osakaskunta\/","title":{"rendered":"Kauniaisten osakaskunta"},"content":{"rendered":"<h2>Toimialue:<\/h2>\n<p>Piikkil\u00e4j\u00e4rvi ja Kulovesi.<br \/>\nOsakaskunnan kuloveden puoleiset alueet ovat ns. yhteisalueen piiriss\u00e4 ja niiden hoidosta, kunnossapidosta ja kalastusluvista vastaa Kokem\u00e4enjoen yl\u00e4osan kalatalousalue.<br \/>\nPiikkil\u00e4nj\u00e4rvi ja muut osakaskunnan vesialueet eiv\u00e4t kuulu yhteislupa-alueeseen. Alueen kartta ja kalastuslupamaksut ovat n\u00e4ht\u00e4vill\u00e4 Huhtivalkaman ilmoitustaululla. Voit katsoa ne my\u00f6s t\u00e4m\u00e4n sivun oikeassa reunassa olevista linkeist\u00e4.<\/p>\n<h2>Toimihenkil\u00f6t:<\/h2>\n<p>Eino Haapahuhta, puheenjohtaja, 040-5088 764.<\/p>\n<h2>Lupien myynti:<\/h2>\n<p>Grilli Pia &amp; Katja, Miharintie 1, 37200 Siuro.<\/p>\n","protected":false},"excerpt":{"rendered":"<p>Toimialue: Piikkil\u00e4j\u00e4rvi ja Kulovesi. Osakaskunnan kuloveden puoleiset alueet ovat ns. yhteisalueen piiriss\u00e4 ja niiden hoidosta, kunnossapidosta ja kalastusluvista vastaa Kokem\u00e4enjoen yl\u00e4osan kalatalousalue. Piikkil\u00e4nj\u00e4rvi ja muut osakaskunnan vesialueet eiv\u00e4t kuulu yhteislupa-alueeseen. Alueen kartta ja kalastuslupamaksut ovat n\u00e4ht\u00e4vill\u00e4 Huhtivalkaman ilmoitustaululla. Voit katsoa ne my\u00f6s t\u00e4m\u00e4n sivun oikeassa reunassa olevista linkeist\u00e4. Toimihenkil\u00f6t: Eino Haapahuhta, puheenjohtaja, 040-5088 764. Lupien &hellip; <a href=\"https:\/\/www.nokiankylat.fi\/kulovesi\/kauniaisten-osakaskunta\/\">Jatkuu<\/a><\/p>\n","protected":false},"author":15,"featured_media":0,"parent":0,"menu_order":0,"comment_status":"closed","ping_status":"closed","template":"","meta":{"_acf_changed":false,"footnotes":""},"class_list":["post-160","page","type-page","status-publish","hentry"],"acf":[],"_links":{"self":[{"href":"https:\/\/www.nokiankylat.fi\/kulovesi\/wp-json\/wp\/v2\/pages\/160","targetHints":{"allow":["GET"]}}],"collection":[{"href":"https:\/\/www.nokiankylat.fi\/kulovesi\/wp-json\/wp\/v2\/pages"}],"about":[{"href":"https:\/\/www.nokiankylat.fi\/kulovesi\/wp-json\/wp\/v2\/types\/page"}],"author":[{"embeddable":true,"href":"https:\/\/www.nokiankylat.fi\/kulovesi\/wp-json\/wp\/v2\/users\/15"}],"replies":[{"embeddable":true,"href":"https:\/\/www.nokiankylat.fi\/kulovesi\/wp-json\/wp\/v2\/comments?post=160"}],"version-history":[{"count":14,"href":"https:\/\/www.nokiankylat.fi\/kulovesi\/wp-json\/wp\/v2\/pages\/160\/revisions"}],"predecessor-version":[{"id":699,"href":"https:\/\/www.nokiankylat.fi\/kulovesi\/wp-json\/wp\/v2\/pages\/160\/revisions\/699"}],"wp:attachment":[{"href":"https:\/\/www.nokiankylat.fi\/kulovesi\/wp-json\/wp\/v2\/media?parent=160"}],"curies":[{"name":"wp","href":"https:\/\/api.w.org\/{rel}","templated":true}]}}