{"id":2,"date":"2015-05-22T14:15:38","date_gmt":"2015-05-22T11:15:38","guid":{"rendered":"http:\/\/nokiankylat.wysiwyg.fi\/kulovesi\/?page_id=2"},"modified":"2026-04-22T09:57:45","modified_gmt":"2026-04-22T06:57:45","slug":"etusivu","status":"publish","type":"page","link":"https:\/\/www.nokiankylat.fi\/kulovesi\/","title":{"rendered":"Etusivu"},"content":{"rendered":"<h2>Tervetuloa Kuloveden Kylille!<\/h2>\n<p>&#8221;Kylill\u00e4&#8221; tarkoitetaan melko laajaa aluetta, joka koostuu Kuljun, Kauniaisen, Urmian ja Pakkalan alueista. Alue on syntynyt alkujaan Kuljun ja Kauniaisten kartanoiden my\u00f6t\u00e4 ja on edelleen kartanoistaan tunnettu. Kyl\u00e4t sijaitsevat <a href=\"http:\/\/www.hameenkyro.fi\/\" target=\"_blank\" rel=\"noopener noreferrer\">H\u00e4meenkyr\u00f6n <\/a>ja <a href=\"http:\/\/www.sastamala.fi\/\" target=\"_blank\" rel=\"noopener noreferrer\">Sastamalan <\/a>rajalla ja ovat maaseututyyppinen jatke <a href=\"http:\/\/www.siuro.info\/\" target=\"_blank\" rel=\"noopener noreferrer\">Siurolle.<\/a> Etel\u00e4ss\u00e4 rajana on Kulovesi ja koillisessa Jokistenj\u00e4rvi. Kuljun kyl\u00e4l\u00e4iset matkustavat <a href=\"http:\/\/www.nokiankaupunki.fi\/\" target=\"_blank\" rel=\"noopener noreferrer\">Nokialle <\/a>12 km ja Urmiasta matkaa kertyy likimain 25 km. My\u00f6s H\u00e4ij\u00e4\u00e4n palveluja k\u00e4ytet\u00e4\u00e4n runsaasti ja matkaa siihen suuntaan kertyy 10 &#8211; 14 kilometri\u00e4.<\/p>\n<h2>Liity Kuloveden kylien tekstiviestipalveluun ilmaiseksi!<\/h2>\n<p>Liittyminen Kuloveden Kyl\u00e4t ry:n j\u00e4seneksi kannattaa. J\u00e4senyys ei maksa mit\u00e4\u00e4n eik\u00e4 velvoita mihink\u00e4\u00e4n. Haluamme ker\u00e4t\u00e4 j\u00e4senilt\u00e4mme matkapuhelinnumeroita, jotta voimme tehokkaasti ja nopeasti tiedottaa kyl\u00e4ll\u00e4 tapahtuvista asioista. Ilmoita nimesi, osoitteesi ja matkapuhelinnumerosi s\u00e4hk\u00f6postilla osoitteeseen kulovedenkylat (\u00e4t) gmail.com tai kyl\u00e4luuriin 044 372 0015 tekstiviestill\u00e4 tai soittamalla.<\/p>\n","protected":false},"excerpt":{"rendered":"<p>Tervetuloa Kuloveden Kylille! &#8221;Kylill\u00e4&#8221; tarkoitetaan melko laajaa aluetta, joka koostuu Kuljun, Kauniaisen, Urmian ja Pakkalan alueista. Alue on syntynyt alkujaan Kuljun ja Kauniaisten kartanoiden my\u00f6t\u00e4 ja on edelleen kartanoistaan tunnettu. Kyl\u00e4t sijaitsevat H\u00e4meenkyr\u00f6n ja Sastamalan rajalla ja ovat maaseututyyppinen jatke Siurolle. Etel\u00e4ss\u00e4 rajana on Kulovesi ja koillisessa Jokistenj\u00e4rvi. Kuljun kyl\u00e4l\u00e4iset matkustavat Nokialle 12 km ja &hellip; <a href=\"https:\/\/www.nokiankylat.fi\/kulovesi\/\">Jatkuu<\/a><\/p>\n","protected":false},"author":1,"featured_media":0,"parent":0,"menu_order":0,"comment_status":"open","ping_status":"open","template":"","meta":{"_acf_changed":false,"footnotes":""},"class_list":["post-2","page","type-page","status-publish","hentry"],"acf":[],"_links":{"self":[{"href":"https:\/\/www.nokiankylat.fi\/kulovesi\/wp-json\/wp\/v2\/pages\/2","targetHints":{"allow":["GET"]}}],"collection":[{"href":"https:\/\/www.nokiankylat.fi\/kulovesi\/wp-json\/wp\/v2\/pages"}],"about":[{"href":"https:\/\/www.nokiankylat.fi\/kulovesi\/wp-json\/wp\/v2\/types\/page"}],"author":[{"embeddable":true,"href":"https:\/\/www.nokiankylat.fi\/kulovesi\/wp-json\/wp\/v2\/users\/1"}],"replies":[{"embeddable":true,"href":"https:\/\/www.nokiankylat.fi\/kulovesi\/wp-json\/wp\/v2\/comments?post=2"}],"version-history":[{"count":52,"href":"https:\/\/www.nokiankylat.fi\/kulovesi\/wp-json\/wp\/v2\/pages\/2\/revisions"}],"predecessor-version":[{"id":731,"href":"https:\/\/www.nokiankylat.fi\/kulovesi\/wp-json\/wp\/v2\/pages\/2\/revisions\/731"}],"wp:attachment":[{"href":"https:\/\/www.nokiankylat.fi\/kulovesi\/wp-json\/wp\/v2\/media?parent=2"}],"curies":[{"name":"wp","href":"https:\/\/api.w.org\/{rel}","templated":true}]}}