{"id":56,"date":"2018-03-18T16:20:08","date_gmt":"2018-03-18T14:20:08","guid":{"rendered":"https:\/\/www.nokiankylat.fi\/kulovesi\/?page_id=56"},"modified":"2026-01-08T10:41:45","modified_gmt":"2026-01-08T08:41:45","slug":"palvelut","status":"publish","type":"page","link":"https:\/\/www.nokiankylat.fi\/kulovesi\/palvelut\/","title":{"rendered":"Palvelut"},"content":{"rendered":"<h2>Asuminen, sisustaminen, puutarha<\/h2>\n<ul>\n<li><b>Iso-Pahkalan puutarha. <\/b>&#8221;Omin k\u00e4sin ja suurella syd\u00e4mell\u00e4 kasvatettuja kes\u00e4kukkien, yrttien sek\u00e4 kasvisten taimia suoraan puutarhalta&#8221;. Osoite: Rantapellontie 52, puhelin: 044-9826524.<\/li>\n<li><b>Savia Pasi<\/b>, Likakaivojen tyhjennyst\u00e4 j\u00e4telain asetuksia noudattaen, tienhoitoa (lanaus, suolaus, harjaus), murskeen- ja maanajoa liikennetraktorilla ja kuorma-autolla, talvikunnossapitoa (auraus, hiekoitus, polanteenpoisto), kuormainty\u00f6t, koneiden kuljetus lavetilla.<br \/>\nPuhelin: 0400-626 108.<\/li>\n<\/ul>\n<h2>Kuljetus, huolinta ja liikenne<\/h2>\n<ul>\n<li><b>OT-kiito, Olavi Tykki<\/b>, Kuljetukset, vaihtolavat, sorat ja hiekat, muutot. Puhelin: 0400-434 034.<\/li>\n<\/ul>\n<h2>Rakentaminen, maaseutupalvelut ja maataloustuotteet<\/h2>\n<ul>\n<li><b>Suomelan tila, Sten Pasi<\/b>, Pihapuunkaatoa sivutoimisesti. Itse sahattua lautaa, lankkua ja rimaa saatavana pieniss\u00e4 eriss\u00e4. Satunnaisesti tarjolla polttopuita sek\u00e4 tukkien pintalautoja.\u00a0 <a href=\"https:\/\/www.youtube.com\/watch?v=vmv4W34JSMU\" target=\"_blank\" rel=\"noopener noreferrer\">Video: Kev\u00e4\u00e4n 2016 puutavarasahaus<\/a>\u00a0 <a href=\"https:\/\/youtu.be\/xsMgSSJSpOY\">Video: Kev\u00e4\u00e4n 2021 klapintekoa<\/a><br \/>\nPuhelin: 040-865 4771. S-posti pasisten (\u00e4t) yahoo.com.<\/li>\n<li><b>Kauniaisten kartano<\/b>, aitoa laidunpihvilihaa tilauksesta. Yhteydenotot Anne-Marie Rosenlew, 040-590 5718 tai s-posti anne-marie.rosenlew(\u00e4t)finnbeef.fi.<br \/>\nPolttopuita 1,5 m3 s\u00e4keiss\u00e4 tai suuremmissa eriss\u00e4. Yhteydenotot Ralf Olan 040-778 5554.<\/li>\n<li><strong>Meskankulman hoiva ja hevoset<\/strong> tarjoaa hevosavusteista toimintaa islanninhevosten avustuksella erityisesti lapsille, nuorille ja erityisryhmille. Tervetulleita ovat my\u00f6s aikuiset, perheet ja vanhukset. Kysy lis\u00e4\u00e4, niin r\u00e4\u00e4t\u00e4l\u00f6id\u00e4\u00e4n teille sopiva paketti! Aiempaa hevoskokemusta ei tarvita. Palvelemme osoitteessa <a href=\"https:\/\/goo.gl\/maps\/Aoc2JgViDwkzosvN7\">Jumesniementie 716, Siuro<\/a>, ja otamme asiakkaita vastaan ajanvarauksella. Yhteydenotot kaisa@meskankulman.fi tai puhelimitse 0456794883. Lis\u00e4tietoa nettisivuiltamme <a href=\"http:\/\/www.meskankulman.fi\">www.meskankulman.fi<\/a><\/li>\n<\/ul>\n<h2>Muut palvelut<\/h2>\n<ul>\n<li><b>Kalevalainen j\u00e4senkorjaaja Mervi Tarkiainen<\/b>, Kalevalainen j\u00e4senkorjaus on koko kehon hoitomenetelm\u00e4, joka perustuu perinnetietoon ja ihmisen toiminnan ja rakenteen tuntemukseen. Jumesniementie 698. Puh: 044 254 8997<\/li>\n<\/ul>\n","protected":false},"excerpt":{"rendered":"<p>Asuminen, sisustaminen, puutarha Iso-Pahkalan puutarha. &#8221;Omin k\u00e4sin ja suurella syd\u00e4mell\u00e4 kasvatettuja kes\u00e4kukkien, yrttien sek\u00e4 kasvisten taimia suoraan puutarhalta&#8221;. Osoite: Rantapellontie 52, puhelin: 044-9826524. Savia Pasi, Likakaivojen tyhjennyst\u00e4 j\u00e4telain asetuksia noudattaen, tienhoitoa (lanaus, suolaus, harjaus), murskeen- ja maanajoa liikennetraktorilla ja kuorma-autolla, talvikunnossapitoa (auraus, hiekoitus, polanteenpoisto), kuormainty\u00f6t, koneiden kuljetus lavetilla. Puhelin: 0400-626 108. Kuljetus, huolinta ja liikenne &hellip; <a href=\"https:\/\/www.nokiankylat.fi\/kulovesi\/palvelut\/\">Jatkuu<\/a><\/p>\n","protected":false},"author":15,"featured_media":0,"parent":0,"menu_order":0,"comment_status":"closed","ping_status":"closed","template":"","meta":{"_acf_changed":false,"footnotes":""},"class_list":["post-56","page","type-page","status-publish","hentry"],"acf":[],"_links":{"self":[{"href":"https:\/\/www.nokiankylat.fi\/kulovesi\/wp-json\/wp\/v2\/pages\/56","targetHints":{"allow":["GET"]}}],"collection":[{"href":"https:\/\/www.nokiankylat.fi\/kulovesi\/wp-json\/wp\/v2\/pages"}],"about":[{"href":"https:\/\/www.nokiankylat.fi\/kulovesi\/wp-json\/wp\/v2\/types\/page"}],"author":[{"embeddable":true,"href":"https:\/\/www.nokiankylat.fi\/kulovesi\/wp-json\/wp\/v2\/users\/15"}],"replies":[{"embeddable":true,"href":"https:\/\/www.nokiankylat.fi\/kulovesi\/wp-json\/wp\/v2\/comments?post=56"}],"version-history":[{"count":22,"href":"https:\/\/www.nokiankylat.fi\/kulovesi\/wp-json\/wp\/v2\/pages\/56\/revisions"}],"predecessor-version":[{"id":718,"href":"https:\/\/www.nokiankylat.fi\/kulovesi\/wp-json\/wp\/v2\/pages\/56\/revisions\/718"}],"wp:attachment":[{"href":"https:\/\/www.nokiankylat.fi\/kulovesi\/wp-json\/wp\/v2\/media?parent=56"}],"curies":[{"name":"wp","href":"https:\/\/api.w.org\/{rel}","templated":true}]}}