{"id":77,"date":"2018-03-18T16:31:25","date_gmt":"2018-03-18T14:31:25","guid":{"rendered":"https:\/\/www.nokiankylat.fi\/kulovesi\/?page_id=77"},"modified":"2026-04-22T10:01:31","modified_gmt":"2026-04-22T07:01:31","slug":"ajankohtaista","status":"publish","type":"page","link":"https:\/\/www.nokiankylat.fi\/kulovesi\/ajankohtaista\/","title":{"rendered":"Ajankohtaista"},"content":{"rendered":"<p>Huom: <b>Nokian kirjastoauton<\/b> liikenn\u00f6inti on p\u00e4\u00e4ttynyt 1.1.2026 ja <strong>Linnavuoren kirjaston<\/strong> toiminta on p\u00e4\u00e4ttynyt 19.12.2025<\/p>\n<p><b>Yhdeks\u00e4n litran kahvinkeitin sek\u00e4 telttakatos (huom: katos v\u00e4liaikaisesti poissa k\u00e4yt\u00f6st\u00e4)<\/b>\u00a0l\u00f6ytyv\u00e4t kyl\u00e4yhdistykselt\u00e4. Niit\u00e4 k\u00e4ytet\u00e4\u00e4n kylien tapahtumissa, mutta my\u00f6s vuokrataan edullisesti. Yhteyshenkil\u00f6n\u00e4 Kaisa Hautakoski, puhelin: 044-3720015 (kyl\u00e4luuri).<\/p>\n<p><b>Tienk\u00e4ytt\u00e4j\u00e4n linja.<\/b>\u00a0Tien kuntoon tai tien kunnossapitoon liittyv\u00e4t ilmoitukset voi tehd\u00e4 s\u00e4hk\u00f6isesti osoitteessa <a href=\"https:\/\/palautevayla.fi\/aspa\" target=\"_blank\" rel=\"noopener noreferrer\">palautevayla.fi<\/a>. S\u00e4hk\u00f6inen ilmoitus v\u00e4littyy liikenteen asiakaspalveluun, jossa ilmoituksia k\u00e4sitell\u00e4\u00e4n arkisin klo 8-16. Kaikki ilmoitukset v\u00e4litet\u00e4\u00e4n alueurakoitsijalle, joka p\u00e4\u00e4tt\u00e4\u00e4 tarvittavista toimenpiteist\u00e4 tielle asetettujen laatuvaatimusten perusteella. Palveluihin kuuluvia ilmoituksia ovat esimerkiksi maanteiden p\u00e4\u00e4llystevauriot (kuopat, rei\u00e4t), tiell\u00e4 oleva vesi, tielle kaatunut puu tai eritt\u00e4in liukas tie. <strong>Kiireellisist\u00e4 ja liikennett\u00e4 selv\u00e4sti vaarantavista<\/strong> ongelmista tiest\u00f6ll\u00e4 voi ilmoittaa soittamalla numeroon 0200 2100 (24 t\/ vrk). Ilmoittajilta pyydet\u00e4\u00e4n tarkka tieto ongelman sijaintipaikasta ja yhteystiedot.<\/p>\n<p><strong>Risujen yms. puutarhaj\u00e4tteen<\/strong> vienti Huhtivalkamaan on edelleen kielletty\u00e4!<\/p>\n<p><strong>J\u00e4seneksi Kuloveden Kyliin.\u00a0<\/strong>Kannattaa liitty\u00e4 Kuloveden Kyl\u00e4t ry:n j\u00e4seneksi. J\u00e4senyys ei maksa mit\u00e4\u00e4n eik\u00e4 velvoita mihink\u00e4\u00e4n mutta yhdistyslain mukaisesti jokaisella rekister\u00f6idyll\u00e4 yhdistyksell\u00e4 pit\u00e4\u00e4 olla ajantasainen j\u00e4senrekisteri.<br \/>\nHaluamme my\u00f6s ker\u00e4t\u00e4 j\u00e4senilt\u00e4mme niin matkapuhelinnumeroita kuin s\u00e4hk\u00f6postiosoitteita, jotta voimme jatkossa tehokkaasti ja nopeasti tiedottaa kyl\u00e4ll\u00e4 tapahtuvista asioista. Jos et ole viel\u00e4 liittynyt j\u00e4seneksi, voit l\u00e4het\u00e4 nimesi, osoitteesi ja matkapuhelinnumeron Kuloveden kylien s\u00e4hk\u00f6postiosoitteeseen.<\/p>\n<p><strong><span style=\"color: #000000\">Kyl\u00e4tiedote 1\/2022 julkaistu 27.4.2022<\/span><\/strong>: <a href=\"https:\/\/www.nokiankylat.fi\/kulovesi\/wp-content\/uploads\/sites\/8\/2022\/04\/Kylatiedote1_22.pdf\">linkki t\u00e4ss\u00e4<\/a><\/p>\n<p>&nbsp;<\/p>\n","protected":false},"excerpt":{"rendered":"<p>Huom: Nokian kirjastoauton liikenn\u00f6inti on p\u00e4\u00e4ttynyt 1.1.2026 ja Linnavuoren kirjaston toiminta on p\u00e4\u00e4ttynyt 19.12.2025 Yhdeks\u00e4n litran kahvinkeitin sek\u00e4 telttakatos (huom: katos v\u00e4liaikaisesti poissa k\u00e4yt\u00f6st\u00e4)\u00a0l\u00f6ytyv\u00e4t kyl\u00e4yhdistykselt\u00e4. Niit\u00e4 k\u00e4ytet\u00e4\u00e4n kylien tapahtumissa, mutta my\u00f6s vuokrataan edullisesti. Yhteyshenkil\u00f6n\u00e4 Kaisa Hautakoski, puhelin: 044-3720015 (kyl\u00e4luuri). Tienk\u00e4ytt\u00e4j\u00e4n linja.\u00a0Tien kuntoon tai tien kunnossapitoon liittyv\u00e4t ilmoitukset voi tehd\u00e4 s\u00e4hk\u00f6isesti osoitteessa palautevayla.fi. S\u00e4hk\u00f6inen ilmoitus v\u00e4littyy &hellip; <a href=\"https:\/\/www.nokiankylat.fi\/kulovesi\/ajankohtaista\/\">Jatkuu<\/a><\/p>\n","protected":false},"author":15,"featured_media":0,"parent":0,"menu_order":0,"comment_status":"closed","ping_status":"closed","template":"","meta":{"_acf_changed":false,"footnotes":""},"class_list":["post-77","page","type-page","status-publish","hentry"],"acf":[],"_links":{"self":[{"href":"https:\/\/www.nokiankylat.fi\/kulovesi\/wp-json\/wp\/v2\/pages\/77","targetHints":{"allow":["GET"]}}],"collection":[{"href":"https:\/\/www.nokiankylat.fi\/kulovesi\/wp-json\/wp\/v2\/pages"}],"about":[{"href":"https:\/\/www.nokiankylat.fi\/kulovesi\/wp-json\/wp\/v2\/types\/page"}],"author":[{"embeddable":true,"href":"https:\/\/www.nokiankylat.fi\/kulovesi\/wp-json\/wp\/v2\/users\/15"}],"replies":[{"embeddable":true,"href":"https:\/\/www.nokiankylat.fi\/kulovesi\/wp-json\/wp\/v2\/comments?post=77"}],"version-history":[{"count":42,"href":"https:\/\/www.nokiankylat.fi\/kulovesi\/wp-json\/wp\/v2\/pages\/77\/revisions"}],"predecessor-version":[{"id":733,"href":"https:\/\/www.nokiankylat.fi\/kulovesi\/wp-json\/wp\/v2\/pages\/77\/revisions\/733"}],"wp:attachment":[{"href":"https:\/\/www.nokiankylat.fi\/kulovesi\/wp-json\/wp\/v2\/media?parent=77"}],"curies":[{"name":"wp","href":"https:\/\/api.w.org\/{rel}","templated":true}]}}