{"id":1028,"date":"2020-05-18T16:04:14","date_gmt":"2020-05-18T13:04:14","guid":{"rendered":"https:\/\/www.nokiankylat.fi\/sorva\/?page_id=1028"},"modified":"2025-08-11T21:42:04","modified_gmt":"2025-08-11T18:42:04","slug":"hinnasto","status":"publish","type":"page","link":"https:\/\/www.nokiankylat.fi\/sorva\/hinnasto\/","title":{"rendered":"Vuokrahinnasto"},"content":{"rendered":"<h2>Riihilahti<\/h2>\n<p>Kyl\u00e4yhdistyksen j\u00e4senet puoleen hintaan.<\/p>\n<h3>Koko Riihilahti<\/h3>\n<ul>\n<li>Viikonloppu pe klo 15 &#8211; su klo 20: <strong>250\u20ac<\/strong><\/li>\n<li>Viikolla 23 tuntia: <strong>80\u20ac<\/strong><\/li>\n<li>Viikonloppuna 23 tuntia: <strong>125\u20ac<\/strong><\/li>\n<li>Juhannusviikonloppu 500\u20ac<\/li>\n<li>Uudenvuodenaatto 200\u20ac<\/li>\n<\/ul>\n<h3>Pelkk\u00e4 p\u00e4\u00e4rakennus arkip\u00e4iv\u00e4n\u00e4<\/h3>\n<ul>\n<li>Ei y\u00f6pymist\u00e4, m\u00f6kkej\u00e4 eik\u00e4 saunaa<\/li>\n<li><strong>Hinta 25\u20ac<\/strong><\/li>\n<\/ul>\n<h3>Pelkk\u00e4 m\u00f6kki<\/h3>\n<ul>\n<li><strong>25\u20ac<\/strong>\/huone\/y\u00f6.<\/li>\n<li>Lakanat 10\u20ac\/henkikl\u00f6<\/li>\n<\/ul>\n<h3>Muut<\/h3>\n<ul>\n<li>Riihilahdessa k\u00e4ytetyist\u00e4 polttopuista perimme <strong>5\u20ac<\/strong>\/kori<\/li>\n<li>Siivous ei sis\u00e4lly hintaan. Vuokralaisen on pyyhitt\u00e4v\u00e4t p\u00f6yd\u00e4t ja imuroitava lattiat l\u00e4htiess\u00e4\u00e4n<\/li>\n<\/ul>\n<h2>Telttakatos<\/h2>\n<ul>\n<li><strong>100 \u20ac<\/strong><\/li>\n<li>Yhdistyksen j\u00e4senille <strong>50 \u20ac<\/strong><\/li>\n<\/ul>\n<p>Teltan hinnat ovat per kokonainen p\u00e4iv\u00e4. Teltan noutamisesta edellisen\u00e4 p\u00e4iv\u00e4n\u00e4 tai palauttamisesta seuraavana p\u00e4iv\u00e4n\u00e4 ei peri\u00e4 maksua jos se ei est\u00e4 varausta noutop\u00e4iv\u00e4\u00e4 edelt\u00e4v\u00e4n\u00e4 tai palautusp\u00e4iv\u00e4\u00e4 seuraavana p\u00e4iv\u00e4n\u00e4.<\/p>\n<h2>Oksasilppuri<\/h2>\n<ul>\n<li>\n        <strong>10\u20ac<\/strong>\/vrk <\/li>\n<li>Yhdistyksen j\u00e4senille: <strong>5\u20ac<\/strong>\/vrk <\/li>\n<\/ul>\n<hr>\n<p>Muutoksia hinnastoon voidaan tehd\u00e4 koska tahansa. Hinnankorotukset koskevat kuitenkin vain uusia, muutoksen j\u00e4lkeen tehtyj\u00e4 varauksia.<\/p>\n","protected":false},"excerpt":{"rendered":"<p>Riihilahti Kyl\u00e4yhdistyksen j\u00e4senet puoleen hintaan. Koko Riihilahti Viikonloppu pe klo 15 &#8211; su klo 20: 250\u20ac Viikolla 23 tuntia: 80\u20ac Viikonloppuna 23 tuntia: 125\u20ac Juhannusviikonloppu 500\u20ac Uudenvuodenaatto 200\u20ac Pelkk\u00e4 p\u00e4\u00e4rakennus arkip\u00e4iv\u00e4n\u00e4 Ei y\u00f6pymist\u00e4, m\u00f6kkej\u00e4 eik\u00e4 saunaa Hinta 25\u20ac Pelkk\u00e4 m\u00f6kki 25\u20ac\/huone\/y\u00f6. Lakanat 10\u20ac\/henkikl\u00f6 Muut Riihilahdessa k\u00e4ytetyist\u00e4 polttopuista perimme 5\u20ac\/kori Siivous ei sis\u00e4lly hintaan. Vuokralaisen on &hellip; <a href=\"https:\/\/www.nokiankylat.fi\/sorva\/hinnasto\/\">Jatkuu<\/a><\/p>\n","protected":false},"author":2,"featured_media":0,"parent":0,"menu_order":0,"comment_status":"closed","ping_status":"closed","template":"","meta":{"_acf_changed":false,"footnotes":""},"class_list":["post-1028","page","type-page","status-publish","hentry"],"acf":[],"_links":{"self":[{"href":"https:\/\/www.nokiankylat.fi\/sorva\/wp-json\/wp\/v2\/pages\/1028","targetHints":{"allow":["GET"]}}],"collection":[{"href":"https:\/\/www.nokiankylat.fi\/sorva\/wp-json\/wp\/v2\/pages"}],"about":[{"href":"https:\/\/www.nokiankylat.fi\/sorva\/wp-json\/wp\/v2\/types\/page"}],"author":[{"embeddable":true,"href":"https:\/\/www.nokiankylat.fi\/sorva\/wp-json\/wp\/v2\/users\/2"}],"replies":[{"embeddable":true,"href":"https:\/\/www.nokiankylat.fi\/sorva\/wp-json\/wp\/v2\/comments?post=1028"}],"version-history":[{"count":16,"href":"https:\/\/www.nokiankylat.fi\/sorva\/wp-json\/wp\/v2\/pages\/1028\/revisions"}],"predecessor-version":[{"id":1042,"href":"https:\/\/www.nokiankylat.fi\/sorva\/wp-json\/wp\/v2\/pages\/1028\/revisions\/1042"}],"wp:attachment":[{"href":"https:\/\/www.nokiankylat.fi\/sorva\/wp-json\/wp\/v2\/media?parent=1028"}],"curies":[{"name":"wp","href":"https:\/\/api.w.org\/{rel}","templated":true}]}}