{"id":1091,"date":"2022-06-18T14:37:39","date_gmt":"2022-06-18T11:37:39","guid":{"rendered":"https:\/\/www.nokiankylat.fi\/sorva\/?page_id=1091"},"modified":"2022-12-17T14:57:41","modified_gmt":"2022-12-17T12:57:41","slug":"oksasilppuri","status":"publish","type":"page","link":"https:\/\/www.nokiankylat.fi\/sorva\/palvelut\/oksasilppuri\/","title":{"rendered":"Oksasilppuri"},"content":{"rendered":"<p>Kyl\u00e4yhdistyksell\u00e4 on pieni s\u00e4hk\u00f6k\u00e4ytt\u00f6inen oksasilppuri vuokrattavana.<\/p>\n<p>Vuokrahinta on 10\u20ac\/vuorokausi. (yhdistyksen j\u00e4senille puoleen hintaan)<\/p>\n<p>Lis\u00e4tietoja ja varaukset: <a href=\"mailto:sorvankylayhdistys@gmail.com\">sorvankylayhdistys@gmail.com<\/a> tai soita <a href=\"tel:+358407643426\">040 764 3426<\/a>(ei tekstiviestej\u00e4) tai <a href=\"https:\/\/xn--sorvankylyhdistys-yqb.dy.fi\/varaukset-matrix.html\">Matrixissa<\/a><\/p>\n","protected":false},"excerpt":{"rendered":"<p>Kyl\u00e4yhdistyksell\u00e4 on pieni s\u00e4hk\u00f6k\u00e4ytt\u00f6inen oksasilppuri vuokrattavana. Vuokrahinta on 10\u20ac\/vuorokausi. (yhdistyksen j\u00e4senille puoleen hintaan) Lis\u00e4tietoja ja varaukset: sorvankylayhdistys@gmail.com tai soita 040 764 3426(ei tekstiviestej\u00e4) tai Matrixissa<\/p>\n","protected":false},"author":2,"featured_media":0,"parent":19,"menu_order":0,"comment_status":"closed","ping_status":"closed","template":"","meta":{"_acf_changed":false,"footnotes":""},"class_list":["post-1091","page","type-page","status-publish","hentry"],"acf":[],"_links":{"self":[{"href":"https:\/\/www.nokiankylat.fi\/sorva\/wp-json\/wp\/v2\/pages\/1091","targetHints":{"allow":["GET"]}}],"collection":[{"href":"https:\/\/www.nokiankylat.fi\/sorva\/wp-json\/wp\/v2\/pages"}],"about":[{"href":"https:\/\/www.nokiankylat.fi\/sorva\/wp-json\/wp\/v2\/types\/page"}],"author":[{"embeddable":true,"href":"https:\/\/www.nokiankylat.fi\/sorva\/wp-json\/wp\/v2\/users\/2"}],"replies":[{"embeddable":true,"href":"https:\/\/www.nokiankylat.fi\/sorva\/wp-json\/wp\/v2\/comments?post=1091"}],"version-history":[{"count":4,"href":"https:\/\/www.nokiankylat.fi\/sorva\/wp-json\/wp\/v2\/pages\/1091\/revisions"}],"predecessor-version":[{"id":1124,"href":"https:\/\/www.nokiankylat.fi\/sorva\/wp-json\/wp\/v2\/pages\/1091\/revisions\/1124"}],"up":[{"embeddable":true,"href":"https:\/\/www.nokiankylat.fi\/sorva\/wp-json\/wp\/v2\/pages\/19"}],"wp:attachment":[{"href":"https:\/\/www.nokiankylat.fi\/sorva\/wp-json\/wp\/v2\/media?parent=1091"}],"curies":[{"name":"wp","href":"https:\/\/api.w.org\/{rel}","templated":true}]}}