{"id":122,"date":"2015-10-24T22:58:23","date_gmt":"2015-10-24T19:58:23","guid":{"rendered":"http:\/\/nokiankylat.wysiwyg.fi\/sorva\/?page_id=122"},"modified":"2015-10-24T23:06:18","modified_gmt":"2015-10-24T20:06:18","slug":"menneet-tapahtumat","status":"publish","type":"page","link":"https:\/\/www.nokiankylat.fi\/sorva\/tapahtumat\/menneet-tapahtumat\/","title":{"rendered":"Menneet tapahtumat"},"content":{"rendered":"<div class=\"em em-view-container\" id=\"em-view-679930473\" data-view=\"list\">\r\n\t<div class=\"em pixelbones em-list em-events-list\" id=\"em-events-list-679930473\" data-view-id=\"679930473\">\r\n\t<div class=\"em-event em-item \" style=\"--default-border:#a8d144;\">\n\t<div class=\"em-item-image has-placeholder\">\n\t\t\n\t\t\n\t\t<div class=\"em-item-image-placeholder\">\n\t\t\t<div class=\"date\">\n\t\t\t\t<span class=\"day\">03<\/span>\n\t\t\t\t<span class=\"month\">elo<\/span>\n\t\t\t<\/div>\n\t\t<\/div>\n\t\t\n\t<\/div>\n\t<div class=\"em-item-info\">\n\t\t<h3 class=\"em-item-title\"><a href=\"https:\/\/www.nokiankylat.fi\/sorva\/tapahtumat\/kirjastoauto-2015-08-03\/\">Kirjastoauto<\/a><\/h3>\n\t\t\n\t\t<div class=\"em-event-meta em-item-meta\">\n\t\t\t<div class=\"em-item-meta-line em-event-date em-event-meta-datetime\">\n\t\t\t\t<span class=\"em-icon-calendar em-icon\"><\/span>\n\t\t\t\t3.8.2015&nbsp;&nbsp;&nbsp;&nbsp;\n\t\t\t<\/div>\n\t\t\t<div class=\"em-item-meta-line em-event-time em-event-meta-datetime\">\n\t\t\t\t<span class=\"em-icon-clock em-icon\"><\/span>\n\t\t\t\t16:25 - 16:45\n\t\t\t<\/div>\n\t\t\t\n\t\t\t\n\t\t\t<div class=\"em-item-meta-line em-event-location\">\n\t\t\t\t<span class=\"em-icon-location em-icon\"><\/span>\n\t\t\t\t<a href=\"https:\/\/www.nokiankylat.fi\/sorva\/paikat\/kurvi\/\">Kurvi<\/a>\n\t\t\t<\/div>\n\t\t\t\n\t\t\t\n\t\t\t\n\t\t\t\n\t\t<\/div>\n\t\t<div class=\"em-item-desc\">\n\t\t\tKirjastoauto k\u00e4y Sorvassa parillisten viikkojen maanantaina. Pys\u00e4kki on Sorvantien ja Rantatien risteyksess\u00e4. Lis\u00e4tietoja kirjastoautosta Nokian kaupungin sivuilla.\n\t\t<\/div>\n\t\t<div class=\"em-item-actions input\">\n\t\t\t<a class=\"em-item-read-more button\" href=\"https:\/\/www.nokiankylat.fi\/sorva\/tapahtumat\/kirjastoauto-2015-08-03\/\">More Info<\/a>\n\t\t\t\n\t\t<\/div>\n\t<\/div>\n<\/div><div class=\"em-event em-item \" style=\"--default-border:#a8d144;\">\n\t<div class=\"em-item-image has-placeholder\">\n\t\t\n\t\t\n\t\t<div class=\"em-item-image-placeholder\">\n\t\t\t<div class=\"date\">\n\t\t\t\t<span class=\"day\">17<\/span>\n\t\t\t\t<span class=\"month\">elo<\/span>\n\t\t\t<\/div>\n\t\t<\/div>\n\t\t\n\t<\/div>\n\t<div class=\"em-item-info\">\n\t\t<h3 class=\"em-item-title\"><a href=\"https:\/\/www.nokiankylat.fi\/sorva\/tapahtumat\/kirjastoauto-2015-08-17\/\">Kirjastoauto<\/a><\/h3>\n\t\t\n\t\t<div class=\"em-event-meta em-item-meta\">\n\t\t\t<div class=\"em-item-meta-line em-event-date em-event-meta-datetime\">\n\t\t\t\t<span class=\"em-icon-calendar em-icon\"><\/span>\n\t\t\t\t17.8.2015&nbsp;&nbsp;&nbsp;&nbsp;\n\t\t\t<\/div>\n\t\t\t<div class=\"em-item-meta-line em-event-time em-event-meta-datetime\">\n\t\t\t\t<span class=\"em-icon-clock em-icon\"><\/span>\n\t\t\t\t16:25 - 16:45\n\t\t\t<\/div>\n\t\t\t\n\t\t\t\n\t\t\t<div class=\"em-item-meta-line em-event-location\">\n\t\t\t\t<span class=\"em-icon-location em-icon\"><\/span>\n\t\t\t\t<a href=\"https:\/\/www.nokiankylat.fi\/sorva\/paikat\/kurvi\/\">Kurvi<\/a>\n\t\t\t<\/div>\n\t\t\t\n\t\t\t\n\t\t\t\n\t\t\t\n\t\t<\/div>\n\t\t<div class=\"em-item-desc\">\n\t\t\tKirjastoauto k\u00e4y Sorvassa parillisten viikkojen maanantaina. Pys\u00e4kki on Sorvantien ja Rantatien risteyksess\u00e4. Lis\u00e4tietoja kirjastoautosta Nokian kaupungin sivuilla.\n\t\t<\/div>\n\t\t<div class=\"em-item-actions input\">\n\t\t\t<a class=\"em-item-read-more button\" href=\"https:\/\/www.nokiankylat.fi\/sorva\/tapahtumat\/kirjastoauto-2015-08-17\/\">More Info<\/a>\n\t\t\t\n\t\t<\/div>\n\t<\/div>\n<\/div><div class=\"em-event em-item \" style=\"--default-border:#a8d144;\">\n\t<div class=\"em-item-image has-placeholder\">\n\t\t\n\t\t\n\t\t<div class=\"em-item-image-placeholder\">\n\t\t\t<div class=\"date\">\n\t\t\t\t<span class=\"day\">31<\/span>\n\t\t\t\t<span class=\"month\">elo<\/span>\n\t\t\t<\/div>\n\t\t<\/div>\n\t\t\n\t<\/div>\n\t<div class=\"em-item-info\">\n\t\t<h3 class=\"em-item-title\"><a href=\"https:\/\/www.nokiankylat.fi\/sorva\/tapahtumat\/kirjastoauto-2015-08-31\/\">Kirjastoauto<\/a><\/h3>\n\t\t\n\t\t<div class=\"em-event-meta em-item-meta\">\n\t\t\t<div class=\"em-item-meta-line em-event-date em-event-meta-datetime\">\n\t\t\t\t<span class=\"em-icon-calendar em-icon\"><\/span>\n\t\t\t\t31.8.2015&nbsp;&nbsp;&nbsp;&nbsp;\n\t\t\t<\/div>\n\t\t\t<div class=\"em-item-meta-line em-event-time em-event-meta-datetime\">\n\t\t\t\t<span class=\"em-icon-clock em-icon\"><\/span>\n\t\t\t\t16:25 - 16:45\n\t\t\t<\/div>\n\t\t\t\n\t\t\t\n\t\t\t<div class=\"em-item-meta-line em-event-location\">\n\t\t\t\t<span class=\"em-icon-location em-icon\"><\/span>\n\t\t\t\t<a href=\"https:\/\/www.nokiankylat.fi\/sorva\/paikat\/kurvi\/\">Kurvi<\/a>\n\t\t\t<\/div>\n\t\t\t\n\t\t\t\n\t\t\t\n\t\t\t\n\t\t<\/div>\n\t\t<div class=\"em-item-desc\">\n\t\t\tKirjastoauto k\u00e4y Sorvassa parillisten viikkojen maanantaina. Pys\u00e4kki on Sorvantien ja Rantatien risteyksess\u00e4. Lis\u00e4tietoja kirjastoautosta Nokian kaupungin sivuilla.\n\t\t<\/div>\n\t\t<div class=\"em-item-actions input\">\n\t\t\t<a class=\"em-item-read-more button\" href=\"https:\/\/www.nokiankylat.fi\/sorva\/tapahtumat\/kirjastoauto-2015-08-31\/\">More Info<\/a>\n\t\t\t\n\t\t<\/div>\n\t<\/div>\n<\/div><div class=\"em-event em-item \" style=\"--default-border:#a8d144;\">\n\t<div class=\"em-item-image has-placeholder\">\n\t\t\n\t\t\n\t\t<div class=\"em-item-image-placeholder\">\n\t\t\t<div class=\"date\">\n\t\t\t\t<span class=\"day\">14<\/span>\n\t\t\t\t<span class=\"month\">syys<\/span>\n\t\t\t<\/div>\n\t\t<\/div>\n\t\t\n\t<\/div>\n\t<div class=\"em-item-info\">\n\t\t<h3 class=\"em-item-title\"><a href=\"https:\/\/www.nokiankylat.fi\/sorva\/tapahtumat\/kirjastoauto-2015-09-14\/\">Kirjastoauto<\/a><\/h3>\n\t\t\n\t\t<div class=\"em-event-meta em-item-meta\">\n\t\t\t<div class=\"em-item-meta-line em-event-date em-event-meta-datetime\">\n\t\t\t\t<span class=\"em-icon-calendar em-icon\"><\/span>\n\t\t\t\t14.9.2015&nbsp;&nbsp;&nbsp;&nbsp;\n\t\t\t<\/div>\n\t\t\t<div class=\"em-item-meta-line em-event-time em-event-meta-datetime\">\n\t\t\t\t<span class=\"em-icon-clock em-icon\"><\/span>\n\t\t\t\t16:25 - 16:45\n\t\t\t<\/div>\n\t\t\t\n\t\t\t\n\t\t\t<div class=\"em-item-meta-line em-event-location\">\n\t\t\t\t<span class=\"em-icon-location em-icon\"><\/span>\n\t\t\t\t<a href=\"https:\/\/www.nokiankylat.fi\/sorva\/paikat\/kurvi\/\">Kurvi<\/a>\n\t\t\t<\/div>\n\t\t\t\n\t\t\t\n\t\t\t\n\t\t\t\n\t\t<\/div>\n\t\t<div class=\"em-item-desc\">\n\t\t\tKirjastoauto k\u00e4y Sorvassa parillisten viikkojen maanantaina. Pys\u00e4kki on Sorvantien ja Rantatien risteyksess\u00e4. Lis\u00e4tietoja kirjastoautosta Nokian kaupungin sivuilla.\n\t\t<\/div>\n\t\t<div class=\"em-item-actions input\">\n\t\t\t<a class=\"em-item-read-more button\" href=\"https:\/\/www.nokiankylat.fi\/sorva\/tapahtumat\/kirjastoauto-2015-09-14\/\">More Info<\/a>\n\t\t\t\n\t\t<\/div>\n\t<\/div>\n<\/div><div class=\"em-event em-item \" style=\"--default-border:#a8d144;\">\n\t<div class=\"em-item-image has-placeholder\">\n\t\t\n\t\t\n\t\t<div class=\"em-item-image-placeholder\">\n\t\t\t<div class=\"date\">\n\t\t\t\t<span class=\"day\">28<\/span>\n\t\t\t\t<span class=\"month\">syys<\/span>\n\t\t\t<\/div>\n\t\t<\/div>\n\t\t\n\t<\/div>\n\t<div class=\"em-item-info\">\n\t\t<h3 class=\"em-item-title\"><a href=\"https:\/\/www.nokiankylat.fi\/sorva\/tapahtumat\/kirjastoauto-2015-09-28\/\">Kirjastoauto<\/a><\/h3>\n\t\t\n\t\t<div class=\"em-event-meta em-item-meta\">\n\t\t\t<div class=\"em-item-meta-line em-event-date em-event-meta-datetime\">\n\t\t\t\t<span class=\"em-icon-calendar em-icon\"><\/span>\n\t\t\t\t28.9.2015&nbsp;&nbsp;&nbsp;&nbsp;\n\t\t\t<\/div>\n\t\t\t<div class=\"em-item-meta-line em-event-time em-event-meta-datetime\">\n\t\t\t\t<span class=\"em-icon-clock em-icon\"><\/span>\n\t\t\t\t16:25 - 16:45\n\t\t\t<\/div>\n\t\t\t\n\t\t\t\n\t\t\t<div class=\"em-item-meta-line em-event-location\">\n\t\t\t\t<span class=\"em-icon-location em-icon\"><\/span>\n\t\t\t\t<a href=\"https:\/\/www.nokiankylat.fi\/sorva\/paikat\/kurvi\/\">Kurvi<\/a>\n\t\t\t<\/div>\n\t\t\t\n\t\t\t\n\t\t\t\n\t\t\t\n\t\t<\/div>\n\t\t<div class=\"em-item-desc\">\n\t\t\tKirjastoauto k\u00e4y Sorvassa parillisten viikkojen maanantaina. Pys\u00e4kki on Sorvantien ja Rantatien risteyksess\u00e4. Lis\u00e4tietoja kirjastoautosta Nokian kaupungin sivuilla.\n\t\t<\/div>\n\t\t<div class=\"em-item-actions input\">\n\t\t\t<a class=\"em-item-read-more button\" href=\"https:\/\/www.nokiankylat.fi\/sorva\/tapahtumat\/kirjastoauto-2015-09-28\/\">More Info<\/a>\n\t\t\t\n\t\t<\/div>\n\t<\/div>\n<\/div><div class=\"em-event em-item \" style=\"--default-border:#a8d144;\">\n\t<div class=\"em-item-image has-placeholder\">\n\t\t\n\t\t\n\t\t<div class=\"em-item-image-placeholder\">\n\t\t\t<div class=\"date\">\n\t\t\t\t<span class=\"day\">01<\/span>\n\t\t\t\t<span class=\"month\">loka<\/span>\n\t\t\t<\/div>\n\t\t<\/div>\n\t\t\n\t<\/div>\n\t<div class=\"em-item-info\">\n\t\t<h3 class=\"em-item-title\"><a href=\"https:\/\/www.nokiankylat.fi\/sorva\/tapahtumat\/salivuoro-2015-10-01\/\">Salivuoro<\/a><\/h3>\n\t\t\n\t\t<div class=\"em-event-meta em-item-meta\">\n\t\t\t<div class=\"em-item-meta-line em-event-date em-event-meta-datetime\">\n\t\t\t\t<span class=\"em-icon-calendar em-icon\"><\/span>\n\t\t\t\t1.10.2015&nbsp;&nbsp;&nbsp;&nbsp;\n\t\t\t<\/div>\n\t\t\t<div class=\"em-item-meta-line em-event-time em-event-meta-datetime\">\n\t\t\t\t<span class=\"em-icon-clock em-icon\"><\/span>\n\t\t\t\t17:30 - 18:30\n\t\t\t<\/div>\n\t\t\t\n\t\t\t\n\t\t\t<div class=\"em-item-meta-line em-event-location\">\n\t\t\t\t<span class=\"em-icon-location em-icon\"><\/span>\n\t\t\t\t<a href=\"https:\/\/www.nokiankylat.fi\/sorva\/paikat\/tervasuon-koulu\/\">Tervasuon koulu<\/a>\n\t\t\t<\/div>\n\t\t\t\n\t\t\t\n\t\t\t\n\t\t\t\n\t\t<\/div>\n\t\t<div class=\"em-item-desc\">\n\t\t\tVapaamuotoista liikuntaa koko perheelle torstaisin Tervasuon koulun liikuntasalissa. Kuun viimeinen torstai on pyhitetty s\u00e4hlylle. Ohjausta ei ole, vaan kaikki saavat temmelt\u00e4\u00e4 mielens\u00e4 mukaan. Vakuutustakaan ei [...]\n\t\t<\/div>\n\t\t<div class=\"em-item-actions input\">\n\t\t\t<a class=\"em-item-read-more button\" href=\"https:\/\/www.nokiankylat.fi\/sorva\/tapahtumat\/salivuoro-2015-10-01\/\">More Info<\/a>\n\t\t\t\n\t\t<\/div>\n\t<\/div>\n<\/div><div class=\"em-event em-item \" style=\"--default-border:#a8d144;\">\n\t<div class=\"em-item-image has-placeholder\">\n\t\t\n\t\t\n\t\t<div class=\"em-item-image-placeholder\">\n\t\t\t<div class=\"date\">\n\t\t\t\t<span class=\"day\">08<\/span>\n\t\t\t\t<span class=\"month\">loka<\/span>\n\t\t\t<\/div>\n\t\t<\/div>\n\t\t\n\t<\/div>\n\t<div class=\"em-item-info\">\n\t\t<h3 class=\"em-item-title\"><a href=\"https:\/\/www.nokiankylat.fi\/sorva\/tapahtumat\/salivuoro-2015-10-08\/\">Salivuoro<\/a><\/h3>\n\t\t\n\t\t<div class=\"em-event-meta em-item-meta\">\n\t\t\t<div class=\"em-item-meta-line em-event-date em-event-meta-datetime\">\n\t\t\t\t<span class=\"em-icon-calendar em-icon\"><\/span>\n\t\t\t\t8.10.2015&nbsp;&nbsp;&nbsp;&nbsp;\n\t\t\t<\/div>\n\t\t\t<div class=\"em-item-meta-line em-event-time em-event-meta-datetime\">\n\t\t\t\t<span class=\"em-icon-clock em-icon\"><\/span>\n\t\t\t\t17:30 - 18:30\n\t\t\t<\/div>\n\t\t\t\n\t\t\t\n\t\t\t<div class=\"em-item-meta-line em-event-location\">\n\t\t\t\t<span class=\"em-icon-location em-icon\"><\/span>\n\t\t\t\t<a href=\"https:\/\/www.nokiankylat.fi\/sorva\/paikat\/tervasuon-koulu\/\">Tervasuon koulu<\/a>\n\t\t\t<\/div>\n\t\t\t\n\t\t\t\n\t\t\t\n\t\t\t\n\t\t<\/div>\n\t\t<div class=\"em-item-desc\">\n\t\t\tVapaamuotoista liikuntaa koko perheelle torstaisin Tervasuon koulun liikuntasalissa. Kuun viimeinen torstai on pyhitetty s\u00e4hlylle. Ohjausta ei ole, vaan kaikki saavat temmelt\u00e4\u00e4 mielens\u00e4 mukaan. Vakuutustakaan ei [...]\n\t\t<\/div>\n\t\t<div class=\"em-item-actions input\">\n\t\t\t<a class=\"em-item-read-more button\" href=\"https:\/\/www.nokiankylat.fi\/sorva\/tapahtumat\/salivuoro-2015-10-08\/\">More Info<\/a>\n\t\t\t\n\t\t<\/div>\n\t<\/div>\n<\/div><div class=\"em-event em-item \" style=\"--default-border:#a8d144;\">\n\t<div class=\"em-item-image has-placeholder\">\n\t\t\n\t\t\n\t\t<div class=\"em-item-image-placeholder\">\n\t\t\t<div class=\"date\">\n\t\t\t\t<span class=\"day\">12<\/span>\n\t\t\t\t<span class=\"month\">loka<\/span>\n\t\t\t<\/div>\n\t\t<\/div>\n\t\t\n\t<\/div>\n\t<div class=\"em-item-info\">\n\t\t<h3 class=\"em-item-title\"><a href=\"https:\/\/www.nokiankylat.fi\/sorva\/tapahtumat\/kirjastoauto-2015-10-12\/\">Kirjastoauto<\/a><\/h3>\n\t\t\n\t\t<div class=\"em-event-meta em-item-meta\">\n\t\t\t<div class=\"em-item-meta-line em-event-date em-event-meta-datetime\">\n\t\t\t\t<span class=\"em-icon-calendar em-icon\"><\/span>\n\t\t\t\t12.10.2015&nbsp;&nbsp;&nbsp;&nbsp;\n\t\t\t<\/div>\n\t\t\t<div class=\"em-item-meta-line em-event-time em-event-meta-datetime\">\n\t\t\t\t<span class=\"em-icon-clock em-icon\"><\/span>\n\t\t\t\t16:25 - 16:45\n\t\t\t<\/div>\n\t\t\t\n\t\t\t\n\t\t\t<div class=\"em-item-meta-line em-event-location\">\n\t\t\t\t<span class=\"em-icon-location em-icon\"><\/span>\n\t\t\t\t<a href=\"https:\/\/www.nokiankylat.fi\/sorva\/paikat\/kurvi\/\">Kurvi<\/a>\n\t\t\t<\/div>\n\t\t\t\n\t\t\t\n\t\t\t\n\t\t\t\n\t\t<\/div>\n\t\t<div class=\"em-item-desc\">\n\t\t\tKirjastoauto k\u00e4y Sorvassa parillisten viikkojen maanantaina. Pys\u00e4kki on Sorvantien ja Rantatien risteyksess\u00e4. Lis\u00e4tietoja kirjastoautosta Nokian kaupungin sivuilla.\n\t\t<\/div>\n\t\t<div class=\"em-item-actions input\">\n\t\t\t<a class=\"em-item-read-more button\" href=\"https:\/\/www.nokiankylat.fi\/sorva\/tapahtumat\/kirjastoauto-2015-10-12\/\">More Info<\/a>\n\t\t\t\n\t\t<\/div>\n\t<\/div>\n<\/div><div class=\"em-event em-item \" style=\"--default-border:#a8d144;\">\n\t<div class=\"em-item-image has-placeholder\">\n\t\t\n\t\t\n\t\t<div class=\"em-item-image-placeholder\">\n\t\t\t<div class=\"date\">\n\t\t\t\t<span class=\"day\">15<\/span>\n\t\t\t\t<span class=\"month\">loka<\/span>\n\t\t\t<\/div>\n\t\t<\/div>\n\t\t\n\t<\/div>\n\t<div class=\"em-item-info\">\n\t\t<h3 class=\"em-item-title\"><a href=\"https:\/\/www.nokiankylat.fi\/sorva\/tapahtumat\/salivuoro-2015-10-15\/\">Salivuoro<\/a><\/h3>\n\t\t\n\t\t<div class=\"em-event-meta em-item-meta\">\n\t\t\t<div class=\"em-item-meta-line em-event-date em-event-meta-datetime\">\n\t\t\t\t<span class=\"em-icon-calendar em-icon\"><\/span>\n\t\t\t\t15.10.2015&nbsp;&nbsp;&nbsp;&nbsp;\n\t\t\t<\/div>\n\t\t\t<div class=\"em-item-meta-line em-event-time em-event-meta-datetime\">\n\t\t\t\t<span class=\"em-icon-clock em-icon\"><\/span>\n\t\t\t\t17:30 - 18:30\n\t\t\t<\/div>\n\t\t\t\n\t\t\t\n\t\t\t<div class=\"em-item-meta-line em-event-location\">\n\t\t\t\t<span class=\"em-icon-location em-icon\"><\/span>\n\t\t\t\t<a href=\"https:\/\/www.nokiankylat.fi\/sorva\/paikat\/tervasuon-koulu\/\">Tervasuon koulu<\/a>\n\t\t\t<\/div>\n\t\t\t\n\t\t\t\n\t\t\t\n\t\t\t\n\t\t<\/div>\n\t\t<div class=\"em-item-desc\">\n\t\t\tVapaamuotoista liikuntaa koko perheelle torstaisin Tervasuon koulun liikuntasalissa. Kuun viimeinen torstai on pyhitetty s\u00e4hlylle. Ohjausta ei ole, vaan kaikki saavat temmelt\u00e4\u00e4 mielens\u00e4 mukaan. Vakuutustakaan ei [...]\n\t\t<\/div>\n\t\t<div class=\"em-item-actions input\">\n\t\t\t<a class=\"em-item-read-more button\" href=\"https:\/\/www.nokiankylat.fi\/sorva\/tapahtumat\/salivuoro-2015-10-15\/\">More Info<\/a>\n\t\t\t\n\t\t<\/div>\n\t<\/div>\n<\/div><div class=\"em-event em-item \" style=\"--default-border:#a8d144;\">\n\t<div class=\"em-item-image has-placeholder\">\n\t\t\n\t\t\n\t\t<div class=\"em-item-image-placeholder\">\n\t\t\t<div class=\"date\">\n\t\t\t\t<span class=\"day\">22<\/span>\n\t\t\t\t<span class=\"month\">loka<\/span>\n\t\t\t<\/div>\n\t\t<\/div>\n\t\t\n\t<\/div>\n\t<div class=\"em-item-info\">\n\t\t<h3 class=\"em-item-title\"><a href=\"https:\/\/www.nokiankylat.fi\/sorva\/tapahtumat\/salivuoro-2015-10-22\/\">Salivuoro<\/a><\/h3>\n\t\t\n\t\t<div class=\"em-event-meta em-item-meta\">\n\t\t\t<div class=\"em-item-meta-line em-event-date em-event-meta-datetime\">\n\t\t\t\t<span class=\"em-icon-calendar em-icon\"><\/span>\n\t\t\t\t22.10.2015&nbsp;&nbsp;&nbsp;&nbsp;\n\t\t\t<\/div>\n\t\t\t<div class=\"em-item-meta-line em-event-time em-event-meta-datetime\">\n\t\t\t\t<span class=\"em-icon-clock em-icon\"><\/span>\n\t\t\t\t17:30 - 18:30\n\t\t\t<\/div>\n\t\t\t\n\t\t\t\n\t\t\t<div class=\"em-item-meta-line em-event-location\">\n\t\t\t\t<span class=\"em-icon-location em-icon\"><\/span>\n\t\t\t\t<a href=\"https:\/\/www.nokiankylat.fi\/sorva\/paikat\/tervasuon-koulu\/\">Tervasuon koulu<\/a>\n\t\t\t<\/div>\n\t\t\t\n\t\t\t\n\t\t\t\n\t\t\t\n\t\t<\/div>\n\t\t<div class=\"em-item-desc\">\n\t\t\tVapaamuotoista liikuntaa koko perheelle torstaisin Tervasuon koulun liikuntasalissa. Kuun viimeinen torstai on pyhitetty s\u00e4hlylle. Ohjausta ei ole, vaan kaikki saavat temmelt\u00e4\u00e4 mielens\u00e4 mukaan. Vakuutustakaan ei [...]\n\t\t<\/div>\n\t\t<div class=\"em-item-actions input\">\n\t\t\t<a class=\"em-item-read-more button\" href=\"https:\/\/www.nokiankylat.fi\/sorva\/tapahtumat\/salivuoro-2015-10-22\/\">More Info<\/a>\n\t\t\t\n\t\t<\/div>\n\t<\/div>\n<\/div>\t<\/div>\r\n<\/div>\n","protected":false},"excerpt":{"rendered":"","protected":false},"author":2,"featured_media":0,"parent":48,"menu_order":1,"comment_status":"closed","ping_status":"closed","template":"","meta":{"_acf_changed":false,"footnotes":""},"class_list":["post-122","page","type-page","status-publish","hentry"],"acf":[],"_links":{"self":[{"href":"https:\/\/www.nokiankylat.fi\/sorva\/wp-json\/wp\/v2\/pages\/122","targetHints":{"allow":["GET"]}}],"collection":[{"href":"https:\/\/www.nokiankylat.fi\/sorva\/wp-json\/wp\/v2\/pages"}],"about":[{"href":"https:\/\/www.nokiankylat.fi\/sorva\/wp-json\/wp\/v2\/types\/page"}],"author":[{"embeddable":true,"href":"https:\/\/www.nokiankylat.fi\/sorva\/wp-json\/wp\/v2\/users\/2"}],"replies":[{"embeddable":true,"href":"https:\/\/www.nokiankylat.fi\/sorva\/wp-json\/wp\/v2\/comments?post=122"}],"version-history":[{"count":1,"href":"https:\/\/www.nokiankylat.fi\/sorva\/wp-json\/wp\/v2\/pages\/122\/revisions"}],"predecessor-version":[{"id":123,"href":"https:\/\/www.nokiankylat.fi\/sorva\/wp-json\/wp\/v2\/pages\/122\/revisions\/123"}],"up":[{"embeddable":true,"href":"https:\/\/www.nokiankylat.fi\/sorva\/wp-json\/wp\/v2\/pages\/48"}],"wp:attachment":[{"href":"https:\/\/www.nokiankylat.fi\/sorva\/wp-json\/wp\/v2\/media?parent=122"}],"curies":[{"name":"wp","href":"https:\/\/api.w.org\/{rel}","templated":true}]}}