{"id":131,"date":"2015-10-24T23:18:54","date_gmt":"2015-10-24T20:18:54","guid":{"rendered":"http:\/\/nokiankylat.wysiwyg.fi\/sorva\/?page_id=131"},"modified":"2026-01-03T14:25:54","modified_gmt":"2026-01-03T12:25:54","slug":"sorvan-kylayhdistys-ry","status":"publish","type":"page","link":"https:\/\/www.nokiankylat.fi\/sorva\/yhdistykset\/sorvan-kylayhdistys-ry\/","title":{"rendered":"Sorvan kyl\u00e4yhdistys ry"},"content":{"rendered":"<p>Sorvan kyl\u00e4yhdistyksen tarkoituksena on edist\u00e4\u00e4 kyl\u00e4n asukkaiden yhteisty\u00f6t\u00e4, omatoimisuutta, kyl\u00e4n elinkelpoisuutta ja toim<span class=\"text_exposed_show\">ia sen edunvalvojana. Tarkoituksensa toteuttamiseksi yhdistys pyrkii edist\u00e4m\u00e4\u00e4n kyl\u00e4n asukkaiden toimeentulomahdollisuuksia, kyl\u00e4n vakinaisten ja vapaa-ajan asukkaiden viihtyvyytt\u00e4, harrastus- ja kulttuuritoimintaa ja yhteisty\u00f6t\u00e4.<\/span><\/p>\n<h2>Liity j\u00e4seneksi<\/h2>\n<p>J\u00e4senen\u00e4 tuet kyl\u00e4n kehityst\u00e4 ja saat j\u00e4senetuja. <a href=\"https:\/\/www.nokiankylat.fi\/sorva\/liity-jaseneksi\/\">Katso lis\u00e4tietoja!<\/a><\/p>\n<h2>Yhteystiedot<\/h2>\n<ul>\n<li>S\u00e4hk\u00f6posti: <a href=\"mailto:sorvankylayhdistys@nokiankylat.fi\">sorvankylayhdistys@nokiankylat.fi<\/a><\/li>\n<li>Puhelin: <a href=\"tel:+358407643426\">040 764 3426<\/a><\/li>\n<li>Verkkosivut: <a href=\"https:\/\/www.nokiankylat.fi\/sorva\">https:\/\/www.nokiankylat.fi\/sorva<\/a><\/li>\n<li>Facebook:\u00a0<a href=\"http:\/\/facebook.com\/sorvankylayhdistys\">http:\/\/facebook.com\/sorvankylayhdistys<\/a><\/li>\n<li>Tilinumero:\u00a0FI64 4503 3020 0308 37<\/li>\n<\/ul>\n<h2>Johtokunta 2026<\/h2>\n<ul>\n<li>Puheenjohtaja: Mikko Tuumanen<\/li>\n<li>Varapuheenjohtaja: Jarkko Lepp\u00e4m\u00e4ki<\/li>\n<li>Sihteeri: Anne Per\u00e4vainio<\/li>\n<li>Rahastonhoitaja: Pia Sparv-Honkanen<\/li>\n<li>Muut j\u00e4senet: Jari Honkanen, Anneli Tuumanen, Tapio Paukku<\/li>\n<li>Varaj\u00e4senet: Pirkko Isola, Sanna-Mari Lepp\u00e4m\u00e4ki<\/li>\n<\/li>\n<\/ul>\n","protected":false},"excerpt":{"rendered":"<p>Sorvan kyl\u00e4yhdistyksen tarkoituksena on edist\u00e4\u00e4 kyl\u00e4n asukkaiden yhteisty\u00f6t\u00e4, omatoimisuutta, kyl\u00e4n elinkelpoisuutta ja toimia sen edunvalvojana. Tarkoituksensa toteuttamiseksi yhdistys pyrkii edist\u00e4m\u00e4\u00e4n kyl\u00e4n asukkaiden toimeentulomahdollisuuksia, kyl\u00e4n vakinaisten ja vapaa-ajan asukkaiden viihtyvyytt\u00e4, harrastus- ja kulttuuritoimintaa ja yhteisty\u00f6t\u00e4. Liity j\u00e4seneksi J\u00e4senen\u00e4 tuet kyl\u00e4n kehityst\u00e4 ja saat j\u00e4senetuja. Katso lis\u00e4tietoja! Yhteystiedot S\u00e4hk\u00f6posti: sorvankylayhdistys@nokiankylat.fi Puhelin: 040 764 3426 Verkkosivut: https:\/\/www.nokiankylat.fi\/sorva Facebook:\u00a0http:\/\/facebook.com\/sorvankylayhdistys &hellip; <a href=\"https:\/\/www.nokiankylat.fi\/sorva\/yhdistykset\/sorvan-kylayhdistys-ry\/\">Jatkuu<\/a><\/p>\n","protected":false},"author":2,"featured_media":0,"parent":38,"menu_order":0,"comment_status":"closed","ping_status":"closed","template":"","meta":{"_acf_changed":false,"footnotes":""},"class_list":["post-131","page","type-page","status-publish","hentry"],"acf":[],"_links":{"self":[{"href":"https:\/\/www.nokiankylat.fi\/sorva\/wp-json\/wp\/v2\/pages\/131","targetHints":{"allow":["GET"]}}],"collection":[{"href":"https:\/\/www.nokiankylat.fi\/sorva\/wp-json\/wp\/v2\/pages"}],"about":[{"href":"https:\/\/www.nokiankylat.fi\/sorva\/wp-json\/wp\/v2\/types\/page"}],"author":[{"embeddable":true,"href":"https:\/\/www.nokiankylat.fi\/sorva\/wp-json\/wp\/v2\/users\/2"}],"replies":[{"embeddable":true,"href":"https:\/\/www.nokiankylat.fi\/sorva\/wp-json\/wp\/v2\/comments?post=131"}],"version-history":[{"count":10,"href":"https:\/\/www.nokiankylat.fi\/sorva\/wp-json\/wp\/v2\/pages\/131\/revisions"}],"predecessor-version":[{"id":1399,"href":"https:\/\/www.nokiankylat.fi\/sorva\/wp-json\/wp\/v2\/pages\/131\/revisions\/1399"}],"up":[{"embeddable":true,"href":"https:\/\/www.nokiankylat.fi\/sorva\/wp-json\/wp\/v2\/pages\/38"}],"wp:attachment":[{"href":"https:\/\/www.nokiankylat.fi\/sorva\/wp-json\/wp\/v2\/media?parent=131"}],"curies":[{"name":"wp","href":"https:\/\/api.w.org\/{rel}","templated":true}]}}