{"id":1342,"date":"2025-08-23T17:54:00","date_gmt":"2025-08-23T14:54:00","guid":{"rendered":"https:\/\/www.nokiankylat.fi\/sorva\/?page_id=1342"},"modified":"2026-02-28T11:21:04","modified_gmt":"2026-02-28T09:21:04","slug":"soita-kylayhdistykselle","status":"publish","type":"page","link":"https:\/\/www.nokiankylat.fi\/sorva\/soita-kylayhdistykselle\/","title":{"rendered":"Soita kyl\u00e4yhdistykselle"},"content":{"rendered":"<p>Ensisijainen puhelinnumero <a href=\"tel:+358407643426\">040 764 3426<\/a> (ei tekstiviestej\u00e4 t\u00e4h\u00e4n numeroon, kiitos)<br \/>\nJos soittoosi ei vastata, soita muutaman minuutin kuluttua uudelleen. Emme soita takaisin.<\/p>\n<p>Kiireellisiss\u00e4 asioissa, jos ensisijaisesta numerosta ei vastata: L\u00e4het\u00e4 tekstiviesti numeroon <a href=\"sms:\/\/+358505774336\">050 577 4336<\/a><\/p>\n<p>Signal-viesti\u00e4 voi yritt\u00e4\u00e4 numeroon 040 764 3426, mutta emme takaa ett\u00e4 viestit huomataan ajoissa.<\/p>\n<p>Katso muut yhteystiedot alta.<\/p>\n","protected":false},"excerpt":{"rendered":"<p>Ensisijainen puhelinnumero 040 764 3426 (ei tekstiviestej\u00e4 t\u00e4h\u00e4n numeroon, kiitos) Jos soittoosi ei vastata, soita muutaman minuutin kuluttua uudelleen. Emme soita takaisin. Kiireellisiss\u00e4 asioissa, jos ensisijaisesta numerosta ei vastata: L\u00e4het\u00e4 tekstiviesti numeroon 050 577 4336 Signal-viesti\u00e4 voi yritt\u00e4\u00e4 numeroon 040 764 3426, mutta emme takaa ett\u00e4 viestit huomataan ajoissa. Katso muut yhteystiedot alta.<\/p>\n","protected":false},"author":2,"featured_media":0,"parent":0,"menu_order":0,"comment_status":"closed","ping_status":"closed","template":"","meta":{"_acf_changed":false,"footnotes":""},"class_list":["post-1342","page","type-page","status-publish","hentry"],"acf":[],"_links":{"self":[{"href":"https:\/\/www.nokiankylat.fi\/sorva\/wp-json\/wp\/v2\/pages\/1342","targetHints":{"allow":["GET"]}}],"collection":[{"href":"https:\/\/www.nokiankylat.fi\/sorva\/wp-json\/wp\/v2\/pages"}],"about":[{"href":"https:\/\/www.nokiankylat.fi\/sorva\/wp-json\/wp\/v2\/types\/page"}],"author":[{"embeddable":true,"href":"https:\/\/www.nokiankylat.fi\/sorva\/wp-json\/wp\/v2\/users\/2"}],"replies":[{"embeddable":true,"href":"https:\/\/www.nokiankylat.fi\/sorva\/wp-json\/wp\/v2\/comments?post=1342"}],"version-history":[{"count":4,"href":"https:\/\/www.nokiankylat.fi\/sorva\/wp-json\/wp\/v2\/pages\/1342\/revisions"}],"predecessor-version":[{"id":1403,"href":"https:\/\/www.nokiankylat.fi\/sorva\/wp-json\/wp\/v2\/pages\/1342\/revisions\/1403"}],"wp:attachment":[{"href":"https:\/\/www.nokiankylat.fi\/sorva\/wp-json\/wp\/v2\/media?parent=1342"}],"curies":[{"name":"wp","href":"https:\/\/api.w.org\/{rel}","templated":true}]}}