{"id":142,"date":"2015-10-24T23:58:08","date_gmt":"2015-10-24T20:58:08","guid":{"rendered":"http:\/\/nokiankylat.wysiwyg.fi\/sorva\/?page_id=142"},"modified":"2024-06-12T18:04:16","modified_gmt":"2024-06-12T15:04:16","slug":"telttakatos","status":"publish","type":"page","link":"https:\/\/www.nokiankylat.fi\/sorva\/palvelut\/telttakatos\/","title":{"rendered":"Telttakatos"},"content":{"rendered":"<p>Kyl\u00e4yhdistyksell\u00e4 on vuokrattavana suuri telttakatos, ja siihen p\u00f6yd\u00e4t ja tuolit. Teltta sopii mainiosti esimerkiksi pihajuhliin. Teltta on kooltaan 4 x 8 m.<\/p>\n<p>Teltan ja kalusteiden vuokra on kyl\u00e4yhdistyksen j\u00e4senilt\u00e4 50 \u20ac ja muilta 100 \u20ac.<\/p>\n<p><a href=\"https:\/\/xn--sorvankylyhdistys-yqb.dy.fi\/nextcloud\/index.php\/apps\/calendar\/p\/XCfT4pRZQyYWjpWP\/Telttakatoksen-varauskalenteri\">Telttakatoksen varauskalenteri<\/a><\/p>\n<p>Lis\u00e4tietoja ja varaukset: <a href=\"mailto:sorvankylayhdistys@gmail.com\">sorvankylayhdistys@gmail.com<\/a> tai soita <a href=\"tel:+358407643426\">040 764 3426<\/a>(ei tekstiviestej\u00e4) tai <a href=\"https:\/\/xn--sorvankylyhdistys-yqb.dy.fi\/varaukset-matrix.html\">Matrixissa<\/a><\/p>\n<p>Telttakatos on pakattu kolmeen laatikkoon ja yhteen saaviin. Laatikoiden koot ovat 230\u00d737\u00d737, 75\u00d769\u00d737 ja 71\u00d768\u00d728 cm ja saavi \u230043cm, korkeus 60cm. Teltan pisimm\u00e4t putket ovat pituudeltaan 216 cm.<\/p>\n<p>Suorakaiteen muotoisia p\u00f6yti\u00e4 on 11 kpl, 150cm \u00d7 60cm.<br \/>\n<a href=\"https:\/\/www.nokiankylat.fi\/sorva\/wp-content\/uploads\/sites\/9\/2024\/06\/kulmapoyta.png\">Kulmap\u00f6yti\u00e4<\/a> on 5 kpl.<br \/>\nValkoisia tuoleja on noin 70 kpl. Tilantarve leveyssuunnassa 52cm\/kpl. V\u00e4rillisi\u00e4 tuoleja on noin 15 kpl.<\/p>\n<p><a href=\"http:\/\/nokiankylat.wysiwyg.fi\/sorva\/wp-content\/uploads\/sites\/9\/2015\/10\/teltta-640.jpeg\"><img loading=\"lazy\" decoding=\"async\" class=\"alignnone size-full wp-image-143\" src=\"http:\/\/nokiankylat.wysiwyg.fi\/sorva\/wp-content\/uploads\/sites\/9\/2015\/10\/teltta-640.jpeg\" alt=\"teltta-640\" width=\"640\" height=\"360\" srcset=\"https:\/\/www.nokiankylat.fi\/sorva\/wp-content\/uploads\/sites\/9\/2015\/10\/teltta-640.jpeg 640w, https:\/\/www.nokiankylat.fi\/sorva\/wp-content\/uploads\/sites\/9\/2015\/10\/teltta-640-300x169.jpeg 300w\" sizes=\"auto, (max-width: 640px) 100vw, 640px\" \/><\/a><\/p>\n","protected":false},"excerpt":{"rendered":"<p>Kyl\u00e4yhdistyksell\u00e4 on vuokrattavana suuri telttakatos, ja siihen p\u00f6yd\u00e4t ja tuolit. Teltta sopii mainiosti esimerkiksi pihajuhliin. Teltta on kooltaan 4 x 8 m. Teltan ja kalusteiden vuokra on kyl\u00e4yhdistyksen j\u00e4senilt\u00e4 50 \u20ac ja muilta 100 \u20ac. Telttakatoksen varauskalenteri Lis\u00e4tietoja ja varaukset: sorvankylayhdistys@gmail.com tai soita 040 764 3426(ei tekstiviestej\u00e4) tai Matrixissa Telttakatos on pakattu kolmeen laatikkoon ja &hellip; <a href=\"https:\/\/www.nokiankylat.fi\/sorva\/palvelut\/telttakatos\/\">Jatkuu<\/a><\/p>\n","protected":false},"author":2,"featured_media":0,"parent":19,"menu_order":0,"comment_status":"closed","ping_status":"closed","template":"","meta":{"_acf_changed":false,"footnotes":""},"class_list":["post-142","page","type-page","status-publish","hentry"],"acf":[],"_links":{"self":[{"href":"https:\/\/www.nokiankylat.fi\/sorva\/wp-json\/wp\/v2\/pages\/142","targetHints":{"allow":["GET"]}}],"collection":[{"href":"https:\/\/www.nokiankylat.fi\/sorva\/wp-json\/wp\/v2\/pages"}],"about":[{"href":"https:\/\/www.nokiankylat.fi\/sorva\/wp-json\/wp\/v2\/types\/page"}],"author":[{"embeddable":true,"href":"https:\/\/www.nokiankylat.fi\/sorva\/wp-json\/wp\/v2\/users\/2"}],"replies":[{"embeddable":true,"href":"https:\/\/www.nokiankylat.fi\/sorva\/wp-json\/wp\/v2\/comments?post=142"}],"version-history":[{"count":12,"href":"https:\/\/www.nokiankylat.fi\/sorva\/wp-json\/wp\/v2\/pages\/142\/revisions"}],"predecessor-version":[{"id":1248,"href":"https:\/\/www.nokiankylat.fi\/sorva\/wp-json\/wp\/v2\/pages\/142\/revisions\/1248"}],"up":[{"embeddable":true,"href":"https:\/\/www.nokiankylat.fi\/sorva\/wp-json\/wp\/v2\/pages\/19"}],"wp:attachment":[{"href":"https:\/\/www.nokiankylat.fi\/sorva\/wp-json\/wp\/v2\/media?parent=142"}],"curies":[{"name":"wp","href":"https:\/\/api.w.org\/{rel}","templated":true}]}}