{"id":2,"date":"2015-05-25T22:31:03","date_gmt":"2015-05-25T19:31:03","guid":{"rendered":"http:\/\/nokiankylat.wysiwyg.fi\/sorva\/?page_id=2"},"modified":"2026-01-03T14:16:44","modified_gmt":"2026-01-03T12:16:44","slug":"etusivu","status":"publish","type":"page","link":"https:\/\/www.nokiankylat.fi\/sorva\/","title":{"rendered":"Etusivu"},"content":{"rendered":"<div style=\"border-style: solid\">Riihilahden jatkosta p\u00e4\u00e4tet\u00e4\u00e4n alkuvuoden aikana. Neuvotteluita kaupungin kanssa jatketaan. Jatkossa kyl\u00e4yhdistys tarvitsee lis\u00e4\u00e4 tekij\u00f6it\u00e4 ja aktiivista toimintaa. Tule mukaan! Katso tulevat tapahtumat t\u00e4m\u00e4n sivun oikeasta reunasta.<\/p>\n<p><strong>Haluatko j\u00e4rjest\u00e4\u00e4<\/strong> yksityistilaisuuden, kaikille avoimen tapahtuman tai s\u00e4\u00e4nn\u00f6llisesti toistuvaa kerhotoimintaa Riihilahdessa? Ota yhteytt\u00e4 kyl\u00e4yhdistyksen johtokuntaan. Yhteystiedot t\u00e4m\u00e4n sivun alareunassa. Kaikille avoimen tai kyl\u00e4yhdistyksen tai muun sorvalaisen j\u00e4rjest\u00f6n j\u00e4senille suunnatun voittoa tavoittelemattoman tilaisuuden j\u00e4rjest\u00e4mist\u00e4 varten Riihilahden voi varata edullisesti tai jopa ilmaiseksi. Vapaat ajat ja muuta lis\u00e4tietoa <a href=\"\/sorva\/paikat\/riihilahden-vapaa-ajantalo\/\">Riihilahden sivulta<\/a><\/div>\n<p>Sorva on yksi Nokian kylist\u00e4 L\u00e4nsi-Suomen l\u00e4\u00e4niss\u00e4 Pirkanmaalla, Tampereen seutukunnassa. Sorvan kyl\u00e4 kulkee nauhamaisesti Pyh\u00e4j\u00e4rven rantaa pitkin. Luoteessa kyl\u00e4 rajoittuu Turuntiehen. Nokian keskustaan on matkaa 3-10 km ja Tottij\u00e4rven kyl\u00e4keskukseen n. 7 km.<\/p>\n<p>Kyl\u00e4yhdistys tiedottaa ajankohtaisista kyl\u00e4n tapahtumista t\u00e4ll\u00e4 sivustolla ja jakamalla tiedotteita muutaman kerran vuodessa. Lis\u00e4ksi kyl\u00e4n ilmoitustauluilla tiedotetaan ajankohtaisista tapahtumista.<\/p>\n<ul class=\"display-posts-listing\"> \n    <li class=\"listing-item row\">\n      <div class=\"small-12 columns last\">\n        <h3><a class=\"title\" href=\"https:\/\/www.nokiankylat.fi\/sorva\/2026\/05\/06\/ilmastotyon-asukaskysely\/\">Ilmastoty\u00f6n asukaskysely<\/a><\/h3>\n         <span class=\"date\">6.5.2026<\/span>\n         <span class=\"excerpt-dash\">-<\/span> <span class=\"excerpt\">Vastaa ilmastoty\u00f6n asukaskyselyyn https:\/\/www.nokiankylat.fi\/yleinen\/ilmastotyon-asukaskysely\/<\/span>\n        <a \n      role=\"button\" \n      class=\"button info small radius\" \n      href=\"https:\/\/www.nokiankylat.fi\/sorva\/2026\/05\/06\/ilmastotyon-asukaskysely\/\"\n    >Lue lis\u00e4\u00e4<\/a>\n      <\/div>\n      \n    <\/li>\n   \n    <li class=\"listing-item row\">\n      <div class=\"small-12 columns last\">\n        <h3><a class=\"title\" href=\"https:\/\/www.nokiankylat.fi\/sorva\/tapahtumat\/kasityokerho\/\">K\u00e4sity\u00f6kerho<\/a><\/h3>\n         <span class=\"date\">3.4.2026<\/span>\n         <span class=\"excerpt-dash\">-<\/span> <span class=\"excerpt\">8.4.2026 @ 00:00 - Kyl\u00e4yhdistyksen j\u00e4rjest\u00e4m\u00e4 k\u00e4sity\u00f6kerho Riihilahdessa. K\u00e4sity\u00f6kerhoa pidet\u00e4\u00e4n keskiviikkoisin klo 18 alkaen nyt aluksi joka toinen keskiviikko, eli 8.4. 22.4. 6.5. K\u00e4sity\u00f6kerhoon ovat kaikki tervetulleita. Ei tarvitse olla sorvalainen tai kyl\u00e4yhdistyksen j\u00e4sen. Omat ty\u00f6v\u00e4lineet ja ainekset mukaan. Paikalle saa tulla opetettavaksi, opettajaksi tai voi vain keskitty\u00e4 omaan ty\u00f6h\u00f6ns\u00e4.<\/span>\n        <a \n      role=\"button\" \n      class=\"button info small radius\" \n      href=\"https:\/\/www.nokiankylat.fi\/sorva\/tapahtumat\/kasityokerho\/\"\n    >Lue lis\u00e4\u00e4<\/a>\n      <\/div>\n      \n    <\/li>\n   \n    <li class=\"listing-item row\">\n      <div class=\"small-12 columns last\">\n        <h3><a class=\"title\" href=\"https:\/\/www.nokiankylat.fi\/sorva\/tapahtumat\/kevatkokous-2026\/\">S\u00e4\u00e4nt\u00f6m\u00e4\u00e4r\u00e4inen kev\u00e4tkokous ja talkoot<\/a><\/h3>\n         <span class=\"date\">30.12.2025<\/span>\n         <span class=\"excerpt-dash\">-<\/span> <span class=\"excerpt\">26.4.2026 @ 12:00 - 16:00 - Sorvan kyl\u00e4yhdistyksen s\u00e4\u00e4nt\u00f6m\u00e4\u00e4r\u00e4inen kev\u00e4tkokous Riihilahdessa. K\u00e4sitell\u00e4\u00e4n s\u00e4\u00e4nn\u00f6iss\u00e4 m\u00e4\u00e4r\u00e4tyt asiat. Kokouksen j\u00e4lkeen kev\u00e4ttalkoot.<\/span>\n        <a \n      role=\"button\" \n      class=\"button info small radius\" \n      href=\"https:\/\/www.nokiankylat.fi\/sorva\/tapahtumat\/kevatkokous-2026\/\"\n    >Lue lis\u00e4\u00e4<\/a>\n      <\/div>\n      \n    <\/li>\n   \n    <li class=\"listing-item row\">\n      <div class=\"small-12 columns last\">\n        <h3><a class=\"title\" href=\"https:\/\/www.nokiankylat.fi\/sorva\/2025\/10\/08\/aluejatepiste-poistunut\/\">Aluej\u00e4tepiste poistunut<\/a><\/h3>\n         <span class=\"date\">8.10.2025<\/span>\n         <span class=\"excerpt-dash\">-<\/span> <span class=\"excerpt\">Pirkanmaan j\u00e4tehuolto on poistanut Sorvan aluej\u00e4tepisteen syksyll\u00e4 2025. Kysyimme j\u00e4tehuollolta, voisiko samalla paikalla pit\u00e4\u00e4 sorvalaisten yksityisi\u00e4 j\u00e4teastioita lukittuna ja vastaus oli, ett\u00e4 eiv\u00e4t halua niit\u00e4k\u00e4\u00e4n sinne, ettei paikalle j\u00e4tett\u00e4isi ylim\u00e4\u00e4r\u00e4ist\u00e4 roskaa. Sekaj\u00e4tett\u00e4 voi tietenkin edelleen viel\u00e4 muille aluej\u00e4tepisteille. Ne l\u00f6ytyv\u00e4t kartalta osoitteessa kierratys.info. Todenn\u00e4k\u00f6isesti halvempi tapa on ottaa oma j\u00e4teastia joko yksin tai yhdess\u00e4 1-2 &hellip; <a href=\"https:\/\/www.nokiankylat.fi\/sorva\/2025\/10\/08\/aluejatepiste-poistunut\/\">Jatkuu<\/a><\/span>\n        <a \n      role=\"button\" \n      class=\"button info small radius\" \n      href=\"https:\/\/www.nokiankylat.fi\/sorva\/2025\/10\/08\/aluejatepiste-poistunut\/\"\n    >Lue lis\u00e4\u00e4<\/a>\n      <\/div>\n      \n    <\/li>\n  <\/ul>\n","protected":false},"excerpt":{"rendered":"<p>Riihilahden jatkosta p\u00e4\u00e4tet\u00e4\u00e4n alkuvuoden aikana. Neuvotteluita kaupungin kanssa jatketaan. Jatkossa kyl\u00e4yhdistys tarvitsee lis\u00e4\u00e4 tekij\u00f6it\u00e4 ja aktiivista toimintaa. Tule mukaan! Katso tulevat tapahtumat t\u00e4m\u00e4n sivun oikeasta reunasta. Haluatko j\u00e4rjest\u00e4\u00e4 yksityistilaisuuden, kaikille avoimen tapahtuman tai s\u00e4\u00e4nn\u00f6llisesti toistuvaa kerhotoimintaa Riihilahdessa? Ota yhteytt\u00e4 kyl\u00e4yhdistyksen johtokuntaan. Yhteystiedot t\u00e4m\u00e4n sivun alareunassa. Kaikille avoimen tai kyl\u00e4yhdistyksen tai muun sorvalaisen j\u00e4rjest\u00f6n j\u00e4senille suunnatun &hellip; <a href=\"https:\/\/www.nokiankylat.fi\/sorva\/2025\/10\/08\/aluejatepiste-poistunut\/\">Jatkuu<\/a><\/p>\n","protected":false},"author":2,"featured_media":1347,"parent":0,"menu_order":0,"comment_status":"closed","ping_status":"closed","template":"","meta":{"_acf_changed":false,"footnotes":""},"class_list":["post-2","page","type-page","status-publish","has-post-thumbnail","hentry"],"acf":[],"_links":{"self":[{"href":"https:\/\/www.nokiankylat.fi\/sorva\/wp-json\/wp\/v2\/pages\/2","targetHints":{"allow":["GET"]}}],"collection":[{"href":"https:\/\/www.nokiankylat.fi\/sorva\/wp-json\/wp\/v2\/pages"}],"about":[{"href":"https:\/\/www.nokiankylat.fi\/sorva\/wp-json\/wp\/v2\/types\/page"}],"author":[{"embeddable":true,"href":"https:\/\/www.nokiankylat.fi\/sorva\/wp-json\/wp\/v2\/users\/2"}],"replies":[{"embeddable":true,"href":"https:\/\/www.nokiankylat.fi\/sorva\/wp-json\/wp\/v2\/comments?post=2"}],"version-history":[{"count":46,"href":"https:\/\/www.nokiankylat.fi\/sorva\/wp-json\/wp\/v2\/pages\/2\/revisions"}],"predecessor-version":[{"id":1398,"href":"https:\/\/www.nokiankylat.fi\/sorva\/wp-json\/wp\/v2\/pages\/2\/revisions\/1398"}],"wp:featuredmedia":[{"embeddable":true,"href":"https:\/\/www.nokiankylat.fi\/sorva\/wp-json\/wp\/v2\/media\/1347"}],"wp:attachment":[{"href":"https:\/\/www.nokiankylat.fi\/sorva\/wp-json\/wp\/v2\/media?parent=2"}],"curies":[{"name":"wp","href":"https:\/\/api.w.org\/{rel}","templated":true}]}}