{"id":638,"date":"2016-05-27T22:48:19","date_gmt":"2016-05-27T19:48:19","guid":{"rendered":"http:\/\/www.nokiankylat.fi\/sorva\/?page_id=638"},"modified":"2017-10-12T13:21:56","modified_gmt":"2017-10-12T10:21:56","slug":"paidat","status":"publish","type":"page","link":"https:\/\/www.nokiankylat.fi\/sorva\/palvelut\/paidat\/","title":{"rendered":"Paidat"},"content":{"rendered":"<p>Kyl\u00e4yhdistyksell\u00e4 on viel\u00e4 j\u00e4ljell\u00e4 muutamia T-paitoja, hajakokoja. N\u00e4m\u00e4 paidat nyt alennusmyynniss\u00e4 <strong>5 \u20ac \/ kpl<\/strong>! Jos haluat ostaa, ota yhteytt\u00e4! Yhteystiedot sivun alaosassa.<\/p>\n<ul>\n<li>\u201dPaljasjalkainen uskoja\u201d, valkoinen: L (2 kpl) ja XL (2 kpl)<\/li>\n<li>\u201dPaljasjalkainen uskoja\u201d, musta: M (1 kpl), L (2 kpl), XXL (1 kpl)<\/li>\n<li>\u201dKappelin pimu\u201d, musta: L (1 kpl, naisten malli)<\/li>\n<li>\u201dSorvan kyl\u00e4\u201d, musta: 128 cm (2 kpl), 140 cm (1 kpl)<\/li>\n<\/ul>\n\n\t\t<style type=\"text\/css\">\n\t\t\t#gallery-1 {\n\t\t\t\tmargin: auto;\n\t\t\t}\n\t\t\t#gallery-1 .gallery-item {\n\t\t\t\tfloat: left;\n\t\t\t\tmargin-top: 10px;\n\t\t\t\ttext-align: center;\n\t\t\t\twidth: 33%;\n\t\t\t}\n\t\t\t#gallery-1 img {\n\t\t\t\tborder: 2px solid #cfcfcf;\n\t\t\t}\n\t\t\t#gallery-1 .gallery-caption {\n\t\t\t\tmargin-left: 0;\n\t\t\t}\n\t\t\t\/* see gallery_shortcode() in wp-includes\/media.php *\/\n\t\t<\/style>\n\t\t<div id='gallery-1' class='gallery galleryid-638 gallery-columns-3 gallery-size-thumbnail'><dl class='gallery-item'>\n\t\t\t<dt class='gallery-icon portrait'>\n\t\t\t\t<a href='https:\/\/www.nokiankylat.fi\/sorva\/wp-content\/uploads\/sites\/9\/2016\/05\/IMAG1346.jpg'><img loading=\"lazy\" decoding=\"async\" width=\"150\" height=\"150\" src=\"https:\/\/www.nokiankylat.fi\/sorva\/wp-content\/uploads\/sites\/9\/2016\/05\/IMAG1346-150x150.jpg\" class=\"attachment-thumbnail size-thumbnail\" alt=\"\" aria-describedby=\"gallery-1-643\" \/><\/a>\n\t\t\t<\/dt>\n\t\t\t\t<dd class='wp-caption-text gallery-caption' id='gallery-1-643'>\n\t\t\t\t&#8221;Paljasjalkainen uskoja&#8221;, teksti edess\u00e4. Musta, koot M, L, XXL. Valkoinen, koot L, XL, XXL.\n\t\t\t\t<\/dd><\/dl><dl class='gallery-item'>\n\t\t\t<dt class='gallery-icon portrait'>\n\t\t\t\t<a href='https:\/\/www.nokiankylat.fi\/sorva\/wp-content\/uploads\/sites\/9\/2016\/05\/IMAG1350_1.jpg'><img loading=\"lazy\" decoding=\"async\" width=\"150\" height=\"150\" src=\"https:\/\/www.nokiankylat.fi\/sorva\/wp-content\/uploads\/sites\/9\/2016\/05\/IMAG1350_1-150x150.jpg\" class=\"attachment-thumbnail size-thumbnail\" alt=\"\" aria-describedby=\"gallery-1-645\" \/><\/a>\n\t\t\t<\/dt>\n\t\t\t\t<dd class='wp-caption-text gallery-caption' id='gallery-1-645'>\n\t\t\t\t&#8221;Kappelin pimu&#8221;, teksti etupuolella. Musta, koko L.\n\t\t\t\t<\/dd><\/dl><dl class='gallery-item'>\n\t\t\t<dt class='gallery-icon portrait'>\n\t\t\t\t<a href='https:\/\/www.nokiankylat.fi\/sorva\/wp-content\/uploads\/sites\/9\/2016\/05\/IMAG1347.jpg'><img loading=\"lazy\" decoding=\"async\" width=\"150\" height=\"150\" src=\"https:\/\/www.nokiankylat.fi\/sorva\/wp-content\/uploads\/sites\/9\/2016\/05\/IMAG1347-150x150.jpg\" class=\"attachment-thumbnail size-thumbnail\" alt=\"\" aria-describedby=\"gallery-1-642\" \/><\/a>\n\t\t\t<\/dt>\n\t\t\t\t<dd class='wp-caption-text gallery-caption' id='gallery-1-642'>\n\t\t\t\t&#8221;Sorvan kyl\u00e4&#8221;, teksti edess\u00e4. Musta, koot S, XL, XXXL, 128 cm, 140cm. \n\t\t\t\t<\/dd><\/dl><br style=\"clear: both\" \/>\n\t\t<\/div>\n\n<p>Lis\u00e4\u00e4 malleja on myyt\u00e4v\u00e4n\u00e4 Terhin kioskilla.<\/p>\n","protected":false},"excerpt":{"rendered":"<p>Kyl\u00e4yhdistyksell\u00e4 on viel\u00e4 j\u00e4ljell\u00e4 muutamia T-paitoja, hajakokoja. N\u00e4m\u00e4 paidat nyt alennusmyynniss\u00e4 5 \u20ac \/ kpl! Jos haluat ostaa, ota yhteytt\u00e4! Yhteystiedot sivun alaosassa. \u201dPaljasjalkainen uskoja\u201d, valkoinen: L (2 kpl) ja XL (2 kpl) \u201dPaljasjalkainen uskoja\u201d, musta: M (1 kpl), L (2 kpl), XXL (1 kpl) \u201dKappelin pimu\u201d, musta: L (1 kpl, naisten malli) \u201dSorvan kyl\u00e4\u201d, &hellip; <a href=\"https:\/\/www.nokiankylat.fi\/sorva\/palvelut\/paidat\/\">Jatkuu<\/a><\/p>\n","protected":false},"author":2,"featured_media":639,"parent":19,"menu_order":0,"comment_status":"closed","ping_status":"closed","template":"","meta":{"_acf_changed":false,"footnotes":""},"class_list":["post-638","page","type-page","status-publish","has-post-thumbnail","hentry"],"acf":[],"_links":{"self":[{"href":"https:\/\/www.nokiankylat.fi\/sorva\/wp-json\/wp\/v2\/pages\/638","targetHints":{"allow":["GET"]}}],"collection":[{"href":"https:\/\/www.nokiankylat.fi\/sorva\/wp-json\/wp\/v2\/pages"}],"about":[{"href":"https:\/\/www.nokiankylat.fi\/sorva\/wp-json\/wp\/v2\/types\/page"}],"author":[{"embeddable":true,"href":"https:\/\/www.nokiankylat.fi\/sorva\/wp-json\/wp\/v2\/users\/2"}],"replies":[{"embeddable":true,"href":"https:\/\/www.nokiankylat.fi\/sorva\/wp-json\/wp\/v2\/comments?post=638"}],"version-history":[{"count":7,"href":"https:\/\/www.nokiankylat.fi\/sorva\/wp-json\/wp\/v2\/pages\/638\/revisions"}],"predecessor-version":[{"id":886,"href":"https:\/\/www.nokiankylat.fi\/sorva\/wp-json\/wp\/v2\/pages\/638\/revisions\/886"}],"up":[{"embeddable":true,"href":"https:\/\/www.nokiankylat.fi\/sorva\/wp-json\/wp\/v2\/pages\/19"}],"wp:featuredmedia":[{"embeddable":true,"href":"https:\/\/www.nokiankylat.fi\/sorva\/wp-json\/wp\/v2\/media\/639"}],"wp:attachment":[{"href":"https:\/\/www.nokiankylat.fi\/sorva\/wp-json\/wp\/v2\/media?parent=638"}],"curies":[{"name":"wp","href":"https:\/\/api.w.org\/{rel}","templated":true}]}}