{"id":1034,"date":"2015-12-20T19:32:36","date_gmt":"2015-12-20T17:32:36","guid":{"rendered":"http:\/\/www.nokiankylat.fi\/taivalkunta\/?page_id=1034"},"modified":"2026-02-08T15:18:31","modified_gmt":"2026-02-08T13:18:31","slug":"kokoukset-ja-kylaillat","status":"publish","type":"page","link":"https:\/\/www.nokiankylat.fi\/taivalkunta\/yhdistykset\/taivalkunnan-kylat-ry\/kokoukset-ja-kylaillat\/","title":{"rendered":"Kokoukset, kyl\u00e4illat, tapahtumat"},"content":{"rendered":"<p>Esityslistat, p\u00f6yt\u00e4kirjat ja muu materiaali 2015-2026<\/p>\n","protected":false},"excerpt":{"rendered":"<p>Esityslistat, p\u00f6yt\u00e4kirjat ja muu materiaali 2015-2026<\/p>\n","protected":false},"author":4,"featured_media":0,"parent":43,"menu_order":0,"comment_status":"closed","ping_status":"closed","template":"","meta":{"_acf_changed":false,"footnotes":""},"class_list":["post-1034","page","type-page","status-publish","hentry"],"acf":[],"_links":{"self":[{"href":"https:\/\/www.nokiankylat.fi\/taivalkunta\/wp-json\/wp\/v2\/pages\/1034","targetHints":{"allow":["GET"]}}],"collection":[{"href":"https:\/\/www.nokiankylat.fi\/taivalkunta\/wp-json\/wp\/v2\/pages"}],"about":[{"href":"https:\/\/www.nokiankylat.fi\/taivalkunta\/wp-json\/wp\/v2\/types\/page"}],"author":[{"embeddable":true,"href":"https:\/\/www.nokiankylat.fi\/taivalkunta\/wp-json\/wp\/v2\/users\/4"}],"replies":[{"embeddable":true,"href":"https:\/\/www.nokiankylat.fi\/taivalkunta\/wp-json\/wp\/v2\/comments?post=1034"}],"version-history":[{"count":56,"href":"https:\/\/www.nokiankylat.fi\/taivalkunta\/wp-json\/wp\/v2\/pages\/1034\/revisions"}],"predecessor-version":[{"id":5072,"href":"https:\/\/www.nokiankylat.fi\/taivalkunta\/wp-json\/wp\/v2\/pages\/1034\/revisions\/5072"}],"up":[{"embeddable":true,"href":"https:\/\/www.nokiankylat.fi\/taivalkunta\/wp-json\/wp\/v2\/pages\/43"}],"wp:attachment":[{"href":"https:\/\/www.nokiankylat.fi\/taivalkunta\/wp-json\/wp\/v2\/media?parent=1034"}],"curies":[{"name":"wp","href":"https:\/\/api.w.org\/{rel}","templated":true}]}}