{"id":1038,"date":"2016-03-22T19:39:12","date_gmt":"2016-03-22T17:39:12","guid":{"rendered":"http:\/\/www.nokiankylat.fi\/taivalkunta\/?page_id=1038"},"modified":"2016-10-24T18:14:14","modified_gmt":"2016-10-24T15:14:14","slug":"kylailta-16-3-2016","status":"publish","type":"page","link":"https:\/\/www.nokiankylat.fi\/taivalkunta\/yhdistykset\/taivalkunnan-kylat-ry\/kokoukset-ja-kylaillat\/kylailta-16-3-2016\/","title":{"rendered":"Kyl\u00e4ilta 16-3-2016"},"content":{"rendered":"<p>Illan teemana oli kyl\u00e4turvallisuus. Yhdess\u00e4 pohdittiin turvallisuusasioita. Illan diasarja on PDF-tiedostona sis\u00e4lt\u00e4en 14 diaa.\u00a0<a href=\"https:\/\/www.nokiankylat.fi\/taivalkunta\/wp-content\/uploads\/sites\/11\/2016\/03\/KYL\u00c4ILTA-16-3-2016-DIAT.pdf\" rel=\"\">KYL\u00c4ILTA 16-3-2016<\/a>.<\/p>\n","protected":false},"excerpt":{"rendered":"<p>Illan teemana oli kyl\u00e4turvallisuus. Yhdess\u00e4 pohdittiin turvallisuusasioita. Illan diasarja on PDF-tiedostona sis\u00e4lt\u00e4en 14 diaa.\u00a0KYL\u00c4ILTA 16-3-2016.<\/p>\n","protected":false},"author":4,"featured_media":0,"parent":1034,"menu_order":0,"comment_status":"closed","ping_status":"closed","template":"","meta":{"_acf_changed":false,"footnotes":""},"class_list":["post-1038","page","type-page","status-publish","hentry"],"acf":[],"_links":{"self":[{"href":"https:\/\/www.nokiankylat.fi\/taivalkunta\/wp-json\/wp\/v2\/pages\/1038","targetHints":{"allow":["GET"]}}],"collection":[{"href":"https:\/\/www.nokiankylat.fi\/taivalkunta\/wp-json\/wp\/v2\/pages"}],"about":[{"href":"https:\/\/www.nokiankylat.fi\/taivalkunta\/wp-json\/wp\/v2\/types\/page"}],"author":[{"embeddable":true,"href":"https:\/\/www.nokiankylat.fi\/taivalkunta\/wp-json\/wp\/v2\/users\/4"}],"replies":[{"embeddable":true,"href":"https:\/\/www.nokiankylat.fi\/taivalkunta\/wp-json\/wp\/v2\/comments?post=1038"}],"version-history":[{"count":4,"href":"https:\/\/www.nokiankylat.fi\/taivalkunta\/wp-json\/wp\/v2\/pages\/1038\/revisions"}],"predecessor-version":[{"id":1675,"href":"https:\/\/www.nokiankylat.fi\/taivalkunta\/wp-json\/wp\/v2\/pages\/1038\/revisions\/1675"}],"up":[{"embeddable":true,"href":"https:\/\/www.nokiankylat.fi\/taivalkunta\/wp-json\/wp\/v2\/pages\/1034"}],"wp:attachment":[{"href":"https:\/\/www.nokiankylat.fi\/taivalkunta\/wp-json\/wp\/v2\/media?parent=1038"}],"curies":[{"name":"wp","href":"https:\/\/api.w.org\/{rel}","templated":true}]}}