{"id":1071,"date":"2015-12-20T12:43:29","date_gmt":"2015-12-20T10:43:29","guid":{"rendered":"http:\/\/www.nokiankylat.fi\/taivalkunta\/?page_id=1071"},"modified":"2016-04-02T13:01:23","modified_gmt":"2016-04-02T10:01:23","slug":"syyskokous-18-11-2015","status":"publish","type":"page","link":"https:\/\/www.nokiankylat.fi\/taivalkunta\/yhdistykset\/taivalkunnan-kylat-ry\/kokoukset-ja-kylaillat\/syyskokous-18-11-2015\/","title":{"rendered":"Syyskokous 18-11-2015"},"content":{"rendered":"<p>Yhdistyksen s\u00e4\u00e4nt\u00f6m\u00e4\u00e4r\u00e4inen syykokous pidettiin 18.1.2015. L\u00e4sn\u00e4 oli 19 Henkil\u00f6\u00e4, kuten p\u00f6yt\u00e4kirjastakin selvi\u00e4\u00e4. Suuraavan vuoden hallitus valittiin\u00a0uusittujen ja hyv\u00e4ksyttyjien s\u00e4\u00e4nt\u00f6jen mukaisena. Hallituksen esitt\u00e4m\u00e4 toimintasuunnitelma on pohjana ensi vuoden toiminnalle.<\/p>\n","protected":false},"excerpt":{"rendered":"<p>Yhdistyksen s\u00e4\u00e4nt\u00f6m\u00e4\u00e4r\u00e4inen syykokous pidettiin 18.1.2015. L\u00e4sn\u00e4 oli 19 Henkil\u00f6\u00e4, kuten p\u00f6yt\u00e4kirjastakin selvi\u00e4\u00e4. Suuraavan vuoden hallitus valittiin\u00a0uusittujen ja hyv\u00e4ksyttyjien s\u00e4\u00e4nt\u00f6jen mukaisena. Hallituksen esitt\u00e4m\u00e4 toimintasuunnitelma on pohjana ensi vuoden toiminnalle.<\/p>\n","protected":false},"author":4,"featured_media":0,"parent":1034,"menu_order":0,"comment_status":"closed","ping_status":"closed","template":"","meta":{"_acf_changed":false,"footnotes":""},"class_list":["post-1071","page","type-page","status-publish","hentry"],"acf":[],"_links":{"self":[{"href":"https:\/\/www.nokiankylat.fi\/taivalkunta\/wp-json\/wp\/v2\/pages\/1071","targetHints":{"allow":["GET"]}}],"collection":[{"href":"https:\/\/www.nokiankylat.fi\/taivalkunta\/wp-json\/wp\/v2\/pages"}],"about":[{"href":"https:\/\/www.nokiankylat.fi\/taivalkunta\/wp-json\/wp\/v2\/types\/page"}],"author":[{"embeddable":true,"href":"https:\/\/www.nokiankylat.fi\/taivalkunta\/wp-json\/wp\/v2\/users\/4"}],"replies":[{"embeddable":true,"href":"https:\/\/www.nokiankylat.fi\/taivalkunta\/wp-json\/wp\/v2\/comments?post=1071"}],"version-history":[{"count":3,"href":"https:\/\/www.nokiankylat.fi\/taivalkunta\/wp-json\/wp\/v2\/pages\/1071\/revisions"}],"predecessor-version":[{"id":1077,"href":"https:\/\/www.nokiankylat.fi\/taivalkunta\/wp-json\/wp\/v2\/pages\/1071\/revisions\/1077"}],"up":[{"embeddable":true,"href":"https:\/\/www.nokiankylat.fi\/taivalkunta\/wp-json\/wp\/v2\/pages\/1034"}],"wp:attachment":[{"href":"https:\/\/www.nokiankylat.fi\/taivalkunta\/wp-json\/wp\/v2\/media?parent=1071"}],"curies":[{"name":"wp","href":"https:\/\/api.w.org\/{rel}","templated":true}]}}