{"id":1078,"date":"2015-12-20T13:02:30","date_gmt":"2015-12-20T11:02:30","guid":{"rendered":"http:\/\/www.nokiankylat.fi\/taivalkunta\/?page_id=1078"},"modified":"2016-04-02T13:22:05","modified_gmt":"2016-04-02T10:22:05","slug":"kylailta-17-3-2015","status":"publish","type":"page","link":"https:\/\/www.nokiankylat.fi\/taivalkunta\/yhdistykset\/taivalkunnan-kylat-ry\/kokoukset-ja-kylaillat\/kylailta-17-3-2015\/","title":{"rendered":"Kyl\u00e4ilta 17-3-2015"},"content":{"rendered":"<p>Vietimme yhdistyksen 35-vuotisjuhlaa ja muistelimme my\u00f6s menneit\u00e4. Lis\u00e4ksi asialistalla oli kyl\u00e4l\u00e4isten mielipiteiden karkoitus tekeill\u00e4 olevaa kyl\u00e4suunnitelmaa ajatellen. Ilta oli oikein onnistunut ja tunnelmallinen. Olli teki illasta lyhyen muistion.<\/p>\n","protected":false},"excerpt":{"rendered":"<p>Vietimme yhdistyksen 35-vuotisjuhlaa ja muistelimme my\u00f6s menneit\u00e4. Lis\u00e4ksi asialistalla oli kyl\u00e4l\u00e4isten mielipiteiden karkoitus tekeill\u00e4 olevaa kyl\u00e4suunnitelmaa ajatellen. Ilta oli oikein onnistunut ja tunnelmallinen. Olli teki illasta lyhyen muistion.<\/p>\n","protected":false},"author":4,"featured_media":0,"parent":1034,"menu_order":0,"comment_status":"closed","ping_status":"closed","template":"","meta":{"_acf_changed":false,"footnotes":""},"class_list":["post-1078","page","type-page","status-publish","hentry"],"acf":[],"_links":{"self":[{"href":"https:\/\/www.nokiankylat.fi\/taivalkunta\/wp-json\/wp\/v2\/pages\/1078","targetHints":{"allow":["GET"]}}],"collection":[{"href":"https:\/\/www.nokiankylat.fi\/taivalkunta\/wp-json\/wp\/v2\/pages"}],"about":[{"href":"https:\/\/www.nokiankylat.fi\/taivalkunta\/wp-json\/wp\/v2\/types\/page"}],"author":[{"embeddable":true,"href":"https:\/\/www.nokiankylat.fi\/taivalkunta\/wp-json\/wp\/v2\/users\/4"}],"replies":[{"embeddable":true,"href":"https:\/\/www.nokiankylat.fi\/taivalkunta\/wp-json\/wp\/v2\/comments?post=1078"}],"version-history":[{"count":4,"href":"https:\/\/www.nokiankylat.fi\/taivalkunta\/wp-json\/wp\/v2\/pages\/1078\/revisions"}],"predecessor-version":[{"id":1087,"href":"https:\/\/www.nokiankylat.fi\/taivalkunta\/wp-json\/wp\/v2\/pages\/1078\/revisions\/1087"}],"up":[{"embeddable":true,"href":"https:\/\/www.nokiankylat.fi\/taivalkunta\/wp-json\/wp\/v2\/pages\/1034"}],"wp:attachment":[{"href":"https:\/\/www.nokiankylat.fi\/taivalkunta\/wp-json\/wp\/v2\/media?parent=1078"}],"curies":[{"name":"wp","href":"https:\/\/api.w.org\/{rel}","templated":true}]}}