{"id":1089,"date":"2016-04-02T13:30:44","date_gmt":"2016-04-02T10:30:44","guid":{"rendered":"http:\/\/www.nokiankylat.fi\/taivalkunta\/?page_id=1089"},"modified":"2017-06-07T07:46:08","modified_gmt":"2017-06-07T04:46:08","slug":"toimintakertomus-2015","status":"publish","type":"page","link":"https:\/\/www.nokiankylat.fi\/taivalkunta\/yhdistykset\/taivalkunnan-kylat-ry\/kylayhdistyksen-arkisto\/toimintakertomus-2015\/","title":{"rendered":"Toimintakertomus 2015"},"content":{"rendered":"<p><strong>Taivalkunnan kyl\u00e4t ry vuosikertomus 2015<\/strong><\/p>\n<p>Yhdistyksen toiminta-alueena on koko Taivalkunta koostuen seuraavista kylist\u00e4: Taipale, Kohmala, Kennola, Vastam\u00e4ki, Memmola, Kassila, Haapaniemi, Kontaa, Lukkila ja K\u00e4rjenmaa.<\/p>\n<p>Yhdistyksen tarkoituksena on toimia Taivalkunnan asukkaiden ja yhteis\u00f6jen yhteisty\u00f6elimen\u00e4 pyrkimyksiss\u00e4 parantaa edell\u00e4 mainituilla alueilla vakituisesti tai vapaa-aikanaan asuvien ihmisten hyvinvointia.<\/p>\n<p>Yhdistyksen tarkoituksena on kannustaa toiminta-alueensa asukkaita yhteistoimintaan kotiseutunsa kehitt\u00e4miseksi sek\u00e4 kehitt\u00e4\u00e4 yhteisty\u00f6t\u00e4 toiminta-alueensa p\u00e4\u00e4tt\u00e4jien ja viranhaltijoiden kanssa kylien kehitt\u00e4misess\u00e4 ja kylien asukkaiden hyvinvoinnin parantamisessa. Tarkoituksena on verkostoitua muiden vastaavien tahojen ja maaseudun kehitt\u00e4misorganisaatioiden kanssa.<\/p>\n<p>Vuosi 2015 oli vilkas toiminnan vuosi ja toiminta kulki tiedostetusti kohti sovittuja p\u00e4\u00e4m\u00e4\u00e4ri\u00e4.<\/p>\n<p><strong>Hallinto<\/strong><\/p>\n<p>Taivalkunnan kyl\u00e4t ry:n hallitukseen 2015 ovat kuuluneet puheenjohtaja Olli Sorva, varapuheenjohtaja Tomi Teuho-Markkola, sihteeri Minna M\u00e4kinen, taloudenhoitaja Anja Mattila ja muut j\u00e4senet Veijo Hynninen, Elina J\u00e4rvinen, Teemu Lehtim\u00e4ki, Terhi Leskinen sek\u00e4 Tiina Stenvik.<\/p>\n<p>Toiminnantarkastajana kaudella 2015 toimi Sisko Sorva ja h\u00e4nen varahenkil\u00f6n\u00e4\u00e4n Leena Myllyntausta.<\/p>\n<p>Taivalkunnan kyl\u00e4t ry:n kev\u00e4tkokous pidettiin 13.5.2015 ja syyskokous 18.11.2015. Patentti- ja rekisterihallitus hyv\u00e4ksyi Taivalkunnan kyl\u00e4t ry:n s\u00e4\u00e4nt\u00f6muutokset 9.10.2015.<strong>\u00a0<\/strong><\/p>\n<p><strong>Hallituksen kokoukset ja edustukset<\/strong><\/p>\n<p>Taivalkunnan kyl\u00e4t ry:n hallitus piti vuonna 2015 omia kokouksiaan viisi kertaa. Kokousten yhteishenki oli hyv\u00e4 ja niinp\u00e4 asioita saatiin eteenp\u00e4in vauhdilla ja aikaa oli paneutua my\u00f6s tulevaisuuden toimintaan ja kehitysn\u00e4kymiin.<\/p>\n<p>Kyl\u00e4yhdistyksen edustaja oli paikalla Nokian lukiolla 12.5.2015 j\u00e4rjestetyss\u00e4 kouluverkkoselvityksess\u00e4 ja samoin 9.6 olleessa \u201djatkotilaisuudessa\u201d.<\/p>\n<p>Kaupunki jakoi tietoa yhdistyksille ja j\u00e4rjest\u00f6ille 30.9.2015 Kerholassa pidetyss\u00e4 j\u00e4rjest\u00f6illassa, jossa yhdistyksemme edustajana paikalla oli puheenjohtajamme.<\/p>\n<p>Nokian Kylien yhteistapaamiset olivat my\u00f6s meilt\u00e4 vahvasti edustettuina.<\/p>\n<p><strong>Aloitteet ja vetoomukset<\/strong><\/p>\n<p>Kyl\u00e4yhdistyksemme teki Taivalkunnantiest\u00e4 kuntalaisaloitteen Ely-keskukselle, Nokian kaupungille ja Pirkanmaan liitolle. Aloitteessa oli vankat perusteet tien saamiseksi liikennem\u00e4\u00e4r\u00e4n ja kaikki liikennemuodot huomioiden turvallisen liikenn\u00f6innin edellytt\u00e4m\u00e4\u00e4n kuntoon. Aloitteen allekirjoittivat my\u00f6s Sarkolan Kyl\u00e4t ry ja Nokia River Golf ry.<\/p>\n<p>Taivalkunnan koulun vanhempainyhdistys teki vetoomuksen kaupungin kasvatus- ja opetuslautakunnalle koulun s\u00e4ilytt\u00e4misen puolesta. Taivalkunnan Kyl\u00e4t ry oli vetoomuksen toinen allekirjoittaja.<\/p>\n<p><strong>Nokian kyl\u00e4yhdistysten yhteistapaamiset<\/strong><\/p>\n<p>Taivalkunnan kyl\u00e4t ry is\u00e4nn\u00f6i Nokian kylien yhteistapaamisia, jotka pidettiin 24.2 ja 26.5 kyl\u00e4mme koululla. Koollekutsujana paikalla oli elinkeinop\u00e4\u00e4llikk\u00f6 Henry Moisio sek\u00e4 Nokian kylist\u00e4 oli edustajat paikalla. Yhteistoimintateemoina olivat tulevat Messut Nokialla tapahtuma ja yhdistyksemme puheenjohtajan aloitteesta kylien kotisivujen t\u00e4ydellinen uudistus ja ajantasaistaminen.\u00a0 Taivalkunnan sivusto on ollut hankala p\u00e4ivitt\u00e4\u00e4 ja ilmeisesti osin siksi se ty\u00f6 on j\u00e4\u00e4nyt vallan tekem\u00e4tt\u00e4 koko sivuston kymmenvuotisajalta. Nyt uusi sivustopohja on saatu loppuvuodesta julkaisukuntoon ja kyl\u00e4yhdistys on lupautunut sivuston rakentamiseen ja aineiston tuottamiseen uudistetuille sivuille. Ty\u00f6 otettiin tulevan vuoden 2016 toimintasuunnitelmaan ja puheenjohtaja lupautui hoitamaan ty\u00f6n tulevan vuoden osalta budjettia liiemmin rasittamatta.<\/p>\n<p>Yhdistyksen s\u00e4\u00e4nn\u00f6t kirjaavat yhdeksi teht\u00e4v\u00e4ksi yhteistoiminnan kehitt\u00e4misen viranhaltijoiden ja eri tahojen kanssa kyl\u00e4n kehitt\u00e4miseksi ja kyl\u00e4l\u00e4isten elinolojen parantamiseksi. T\u00e4ss\u00e4 ty\u00f6ss\u00e4 hallitus onnistui loistavasti sek\u00e4 yhteisty\u00f6n osalta, ett\u00e4 tiedotuksen helpommaksi tekemisess\u00e4.<\/p>\n<p><strong>Kyl\u00e4suunnitelma<\/strong><\/p>\n<p>Hallitus antoi kyl\u00e4suunnitelman toteuttamisen teht\u00e4v\u00e4ksi ty\u00f6tyhm\u00e4lle, johon nimettiin Minna M\u00e4kinen, Olli Sorva ja Tomi Teuho-Markkola. Olli Sorva nimettiin ryhm\u00e4n koollekutsujaksi. Ryhm\u00e4 kokoontui kolme kertaa 30.1, 2.4, ja 16.4. Palavereissa oli kutsuttuna mukana Pirkanmaan kyl\u00e4asiamies Marja Vehn\u00e4maa. Pohjatieto suunnitelmalle otettiin edellisvuonna pidetyst\u00e4 kyl\u00e4kyselyst\u00e4 sek\u00e4 17.3.2015 pidetyst\u00e4 kyl\u00e4illasta, jossa kyl\u00e4l\u00e4iset ryhm\u00e4t\u00f6in\u00e4 pohtivat asioita. Ryhm\u00e4t\u00f6iden vet\u00e4j\u00e4n\u00e4 toimi Marja. Kyl\u00e4suunnitelma valmistui ajallaan ja se jaettiin jokaiseen Taivalkuntalaiskotiin. Suunnitelma on jaossa my\u00f6s kaupungin esitejakopisteiss\u00e4 (kaupungintalo, kirjasto, uimahalli..)<\/p>\n<p>Koska kyl\u00e4yhdistys oli jo saanut kaupungin elinkeinopuolelta avustusta kotisivuasiassa, niin t\u00e4h\u00e4n projektiin ei ollut en\u00e4\u00e4 mahdollisuutta saada sielt\u00e4 erillistukea. Puheenjohtajamme teki yhteydenottoja kaupungin kulttuuripuolelle ja jatkona yhdistyksen nimiss\u00e4 projektitukihakemuksen, koska esitett\u00e4 voidaan luonnehtia my\u00f6s pieneksi kotiseutujulkaisuksi. Maaseutumainen kulttuuriymp\u00e4rist\u00f6 kun on omaleimainen teollisessa Nokian kaupungissa. Saimmekin tukea yli 40% suunnitelman painatuskuluista. \u00a0Pirkan kylien maaseutuasiamies teki meille painovalmiin PDF tiedoston. Vaikka kyl\u00e4suunnitelmaan ei ollut varsinaisesti budjetoitu rahaa, niin hallitus katsoi j\u00e4rkev\u00e4ksi tehd\u00e4 ty\u00f6n ja rahoittaa puuttuvan osan. Taivalkunnan Kyl\u00e4t ry:n tarkoitus ei ole tehd\u00e4 voittoa, eik\u00e4 aina voitollisia tilikausiakaan ja lis\u00e4ksi k\u00e4teisvaroja on kertynyt huomattavasti k\u00e4ytett\u00e4v\u00e4ksi juuri t\u00e4m\u00e4n tapaiseen kehitt\u00e4miseen ja markkinointiin varsinkin lis\u00e4rahoituksena oivien tilaisuuksien tullen.<\/p>\n<p><strong>\u00a0<\/strong><strong>Kev\u00e4\u00e4n kyl\u00e4ilta <\/strong><\/p>\n<p>Tuon edell\u00e4 mainitun ryhm\u00e4ty\u00f6n lis\u00e4ksi 17.3.2015 pidetyss\u00e4 illassa oli 35-vuotisjuhlallisuutta. Kyl\u00e4yhdistyksen vuosip\u00e4iv\u00e4n kunniaksi kaikki l\u00e4sn\u00e4olijat saivat ilmaisen arpalipun 40,- euron lahjakortin arvontaan ravintola Bufferiin. Arvonnan voitti Eeva-Liisa Hynninen.<\/p>\n<p>Olli Sorva k\u00e4ytti puolituntisen kyl\u00e4kyselyn 2014 vastauksien esittelyyn. Kaikki vastaukset oli koottu 43-diaiseen PowerPoint- esitykseen kysymyskohtaisesti.<\/p>\n<p>Mukana illassa oli l\u00e4hes kolmekymment\u00e4 henke\u00e4 ja tilaisuus koettiin l\u00e4mminhenkiseksi ja kyl\u00e4yhteis\u00f6\u00e4 lujittavaksi.<\/p>\n<p><strong>Messut Nokialla<\/strong><\/p>\n<p>Taivalkunnan kyl\u00e4t ry osallistui Messut Nokialla tapahtumaan 23-24.5.2015 kyl\u00e4yhdistyksien yhteisosastolla. Osastolla oli esittelij\u00e4vuorot jaettu Nokian kyl\u00e4yhdistyksien kesken. Taivalkunnan vuoron hoiti Anja Mattila ja muuna aikana opaste kertoi puheenjohtajamme olevan tavattavissa naapuriosastolla L12. Tekem\u00e4\u00e4mme kyl\u00e4esitett\u00e4 jaettiin ja tietoa Taivalkunnasta kerrottiin.<\/p>\n<p><strong>Kev\u00e4tkarkelot<\/strong><\/p>\n<p>Kev\u00e4tp\u00e4iv\u00e4 27.5.2015 oli kaunis ja meill\u00e4 koululla perinteiset kev\u00e4tkarkelot. Karkelot j\u00e4rjestettiin Taivalkunnassa toimivien eri yhdistysten yhteisvoimin ja vastuullisena toimijana oli Taivalkunnan Kyl\u00e4t ry. Ohjelmassa oli kasvomaalausta, tikanheittoa, ongintaa lapsille, heppa-ajelua, lapset vastaan aikuiset jalkapallo-ottelu ja mukavaa yhdess\u00e4oloa sek\u00e4 muurinpohjalettuja, makkaraa ja kahvia. V\u00e4ke\u00e4 paikalla oli yli 130 henke\u00e4.<\/p>\n<p><strong>Nuorten asiat<\/strong><\/p>\n<p>Kev\u00e4\u00e4ll\u00e4 2015 pidettiin koulun rehtorin, Kari Haikosen, my\u00f6t\u00e4vaikutuksella lapsille suunnattu kyl\u00e4kysely. Kouluik\u00e4isilt\u00e4 saatiin vastaukset t\u00e4ysin kattavasti ja vastauksista tehtiin yhteenveto, jonka pohjalta nuorten mielipiteet tulevat huomioiduiksi kyl\u00e4\u00e4 kehitett\u00e4ess\u00e4. Eri-ik\u00e4isten ihmisten keskin\u00e4inen yhteisty\u00f6 sujuu kyl\u00e4ll\u00e4, mutta vuorovaikutusta halutaan jatkossa lis\u00e4t\u00e4 osana kyl\u00e4viihtyvyytt\u00e4.<\/p>\n<p><strong>Julkisuuskuvan rakentaminen<\/strong><\/p>\n<p>Vuonna 2015 yhten\u00e4 painopoistealueena oli kyl\u00e4yhdistyksen toiminnan avoimuus ja tiedotuksen lis\u00e4\u00e4minen voimakkaasti. Puututtiin my\u00f6s muihinkin esiin tulleisiin ep\u00e4kohtiin. Rakennettiin siis yhdistyksen julkisuuskuvaa (br\u00e4ndi\u00e4). Tiedotuksesta tuli s\u00e4\u00e4nn\u00f6llist\u00e4 ja kyl\u00e4kirjeiden m\u00e4\u00e4r\u00e4\u00e4 lis\u00e4ttiin s\u00e4hk\u00f6postitse ja postilaatikkojakona. Taivalkunnan kyl\u00e4t ry julkaisi kev\u00e4\u00e4ll\u00e4 2015 Facebook sivunsa. Oltiin yhteydess\u00e4 kaupungin virkailijoihin ja kehitettiin yhteisty\u00f6t\u00e4 median kanssa. Koulu on aina ollut yhteisty\u00f6kumppanimme ja muutenkin my\u00f6t\u00e4mielinen toiminnallemme. Syksyll\u00e4 vuoden 2016 toimintasuunnitelmaan kirjattiin kotisivu-uudistuksen maaliin saattaminen.<\/p>\n<p><strong>Muistamiset ja stipendit<\/strong><\/p>\n<p>Kyl\u00e4yhdistys muisti el\u00e4kkeelle siirtyv\u00e4\u00e4 opettajaa Kari Haikosta h\u00e4nen yhteisty\u00f6kyvyst\u00e4\u00e4n sek\u00e4 panoksestaan koulun ja ennen kaikkea kyl\u00e4l\u00e4isten sek\u00e4 aikuisten ett\u00e4 lasten hyv\u00e4ksi. Koulun p\u00e4\u00e4tt\u00e4j\u00e4istilaisuudessa rehtorille luovutettiin linnunp\u00f6ntt\u00f6, jossa on laatta ja kaiverrus: \u201dVapaa kuin taivaan lintu\u201d sek\u00e4 p\u00f6nt\u00f6n sis\u00e4\u00e4n hankitut &#8221;pes\u00e4nrakennusaineet&#8221;.<\/p>\n<p>Kev\u00e4\u00e4ll\u00e4 2015 Taivalkunnan kyl\u00e4t ry stipendit meniv\u00e4t kouluille jakoon seuraavasti:<\/p>\n<p>Taivalkunnan alakoulu 2 x 30,00eur stipendit saivat musiikin saralta Timi Teuho-Markkola 3lk ja kouluty\u00f6ss\u00e4 hyvin onnistunut Niklas Tenhunen 6lk<\/p>\n<p>Em\u00e4kosken yl\u00e4koulu 1 x 50,00 eur stipendin sai paras l\u00e4htev\u00e4 9.lk Kaisa Kekki 9F<\/p>\n<p>Nokianvirran yl\u00e4koulu 1 x 50,00eur stipendin sai paras l\u00e4htev\u00e4 9.lk Anssi Peuraus 9A<\/p>\n<p><strong>Liikunnan iloa<\/strong><\/p>\n<p>Taivalkunnan Kyl\u00e4t ry sai j\u00e4rjestetyksi kev\u00e4tkaudelle 2015 koululle viikoittaiset Kahvakuula ja PhysioPilates-tunnit. Osanottajat maksoivat tuntinsa suoraan yhteisty\u00f6kumppanillemme Fysio-Ilonanne:lle. Molemmat tunnit olivat suosittuja ja kyl\u00e4l\u00e4iset toivoivat, ett\u00e4 jatkoakin tunneille saataisiin.<\/p>\n<p><strong>Joululaulut ilta<\/strong><\/p>\n<p>Taivalkunnan kyl\u00e4t ry j\u00e4rjesti koululla yhteislauluillan 21.12.2015 ja oli sali t\u00e4ynn\u00e4 v\u00e4ke\u00e4, yhteens\u00e4 noin 90 henkil\u00f6\u00e4. Paikalla oli nykyisi\u00e4 ja entisi\u00e4 kyl\u00e4l\u00e4isi\u00e4 ja tunnelma oli l\u00e4mminhenkinen. Kyl\u00e4yhteis\u00f6mme on pieni, joten v\u00e4ke\u00e4 oli todella kiitett\u00e4v\u00e4sti. Laulattajana oli Tomi. Laulujen lomassa oli my\u00f6s kyl\u00e4n aikamiesten &#8221;tiernapappaesitys&#8221;, joka my\u00f6s osoittautui menestykseksi. Toivottavasti perinne jatkuu tulevina vuosina.<\/p>\n<p><strong>Tulevaisuuden n\u00e4kym\u00e4t<\/strong><\/p>\n<p>Kaiken t\u00e4m\u00e4n aktiivisen toiminnan ja kyl\u00e4n kehitt\u00e4misen teki mahdolliseksi se, ett\u00e4 hallitus koostui toiminnallisista ja yhteisty\u00f6kykyisist\u00e4 henkil\u00f6ist\u00e4 sek\u00e4 lis\u00e4ksi kyl\u00e4l\u00e4iset olivat kiitett\u00e4v\u00e4sti mukana toiminnassa ja rakentamassa yhteishenke\u00e4. Siksi kyl\u00e4yhdistyksen hallituksen puheenjohtajana ja toimintakertomuksen laatijana Olli Sorva haluaa kiitt\u00e4\u00e4 kaikkia kyl\u00e4l\u00e4isi\u00e4 siit\u00e4, ett\u00e4 olemme menossa hyv\u00e4\u00e4n suuntaan.<\/p>\n<p>Taivalkunnan Kyl\u00e4t ry hallitus 31.12.2015<\/p>\n","protected":false},"excerpt":{"rendered":"<p>Taivalkunnan kyl\u00e4t ry vuosikertomus 2015 Yhdistyksen toiminta-alueena on koko Taivalkunta koostuen seuraavista kylist\u00e4: Taipale, Kohmala, Kennola, Vastam\u00e4ki, Memmola, Kassila, Haapaniemi, Kontaa, Lukkila ja K\u00e4rjenmaa. Yhdistyksen tarkoituksena on toimia Taivalkunnan asukkaiden ja yhteis\u00f6jen yhteisty\u00f6elimen\u00e4 pyrkimyksiss\u00e4 parantaa edell\u00e4 mainituilla alueilla vakituisesti tai vapaa-aikanaan asuvien ihmisten hyvinvointia. Yhdistyksen tarkoituksena on kannustaa toiminta-alueensa asukkaita yhteistoimintaan kotiseutunsa kehitt\u00e4miseksi sek\u00e4 kehitt\u00e4\u00e4 &hellip; <a href=\"https:\/\/www.nokiankylat.fi\/taivalkunta\/yhdistykset\/taivalkunnan-kylat-ry\/kylayhdistyksen-arkisto\/toimintakertomus-2015\/\">Jatkuu<\/a><\/p>\n","protected":false},"author":4,"featured_media":0,"parent":186,"menu_order":0,"comment_status":"closed","ping_status":"closed","template":"","meta":{"_acf_changed":false,"footnotes":""},"class_list":["post-1089","page","type-page","status-publish","hentry"],"acf":[],"_links":{"self":[{"href":"https:\/\/www.nokiankylat.fi\/taivalkunta\/wp-json\/wp\/v2\/pages\/1089","targetHints":{"allow":["GET"]}}],"collection":[{"href":"https:\/\/www.nokiankylat.fi\/taivalkunta\/wp-json\/wp\/v2\/pages"}],"about":[{"href":"https:\/\/www.nokiankylat.fi\/taivalkunta\/wp-json\/wp\/v2\/types\/page"}],"author":[{"embeddable":true,"href":"https:\/\/www.nokiankylat.fi\/taivalkunta\/wp-json\/wp\/v2\/users\/4"}],"replies":[{"embeddable":true,"href":"https:\/\/www.nokiankylat.fi\/taivalkunta\/wp-json\/wp\/v2\/comments?post=1089"}],"version-history":[{"count":3,"href":"https:\/\/www.nokiankylat.fi\/taivalkunta\/wp-json\/wp\/v2\/pages\/1089\/revisions"}],"predecessor-version":[{"id":1298,"href":"https:\/\/www.nokiankylat.fi\/taivalkunta\/wp-json\/wp\/v2\/pages\/1089\/revisions\/1298"}],"up":[{"embeddable":true,"href":"https:\/\/www.nokiankylat.fi\/taivalkunta\/wp-json\/wp\/v2\/pages\/186"}],"wp:attachment":[{"href":"https:\/\/www.nokiankylat.fi\/taivalkunta\/wp-json\/wp\/v2\/media?parent=1089"}],"curies":[{"name":"wp","href":"https:\/\/api.w.org\/{rel}","templated":true}]}}