{"id":111,"date":"2016-01-16T19:20:31","date_gmt":"2016-01-16T17:20:31","guid":{"rendered":"http:\/\/nokiankylat.wysiwyg.fi\/taivalkunta\/?page_id=111"},"modified":"2016-01-18T19:09:08","modified_gmt":"2016-01-18T17:09:08","slug":"kylakirje-12-1-2016","status":"publish","type":"page","link":"https:\/\/www.nokiankylat.fi\/taivalkunta\/yhdistykset\/taivalkunnan-kylat-ry\/kylayhdistyksen-arkisto\/kylakirjeet\/kylakirjeet-2016\/kylakirje-12-1-2016\/","title":{"rendered":"Kyl\u00e4kirje 14-1-2016"},"content":{"rendered":"<p>Taivalkunnan kyl\u00e4kirje 14.1.2016<\/p>\n<p>&nbsp;<\/p>\n<p>Jokaisen kyl\u00e4yhteis\u00f6n tapa toimia ja arjen asiat ovat erilaiset johtuen kyl\u00e4n koosta, sijainnista, asukasrakenteesta ja perinteist\u00e4.<\/p>\n<p>Turvallisuus on osa ihmisen jokap\u00e4iv\u00e4ist\u00e4 arkea. Yhdistyksemme tavoitteena on t\u00e4n\u00e4 vuonna jakaa kyl\u00e4l\u00e4isille turvallisuustietoutta ja taitoa toimia poikkeustilanteissa. Haasteita tuovat mm. myrskytuhot, onnettomuudet, s\u00e4hk\u00f6n- ja vedenjakelukatkot sek\u00e4 yll\u00e4tykselliset tilanteet esim. elintarvikehuollolle jne. Huomioon pit\u00e4\u00e4 ottaa my\u00f6s sosiaaliset asiat, joista esimerkkin\u00e4 vanhukset ja lapset.<\/p>\n<p>Kyl\u00e4yhdistyksen hallitus on ottanut kev\u00e4\u00e4n ohjelmaansa tehd\u00e4 Taivalkuntaan kyl\u00e4n turvallisuussuunnitelman. Suunnitelman tekeminen on yhteisty\u00f6t\u00e4 p\u00e4\u00e4asiassa kyl\u00e4l\u00e4isten, mutta osin my\u00f6s viranomaisten kanssa. Turvallisuuteen liittyvi\u00e4 kursseja tai tilaisuuksia on kyl\u00e4lle kaavailussa.<\/p>\n<p>Oman kyl\u00e4mme turvallisuushaasteet ja keinot, miten niihin puututaan, kartoitetaan kyl\u00e4l\u00e4isille pidett\u00e4v\u00e4ss\u00e4 kyl\u00e4illassa, jossa ryhm\u00e4t\u00f6iss\u00e4 ns. \u201dkiert\u00e4v\u00e4n\u00e4 ryhm\u00e4n\u00e4\u201d arjen asiat tulevat esille. Tilaisuus on koululla helmi-maaliskuussa, mutta p\u00e4iv\u00e4m\u00e4\u00e4r\u00e4 on viel\u00e4 avoin. Asioita valmistelemaan on perustettu ty\u00f6ryhm\u00e4, johon kuuluvat Minna M\u00e4kinen, Tomi Teuho-Markkola ja Olli Sorva. Olkaamme asiassa ensimm\u00e4isten kylien joukossa Suomessa.<\/p>\n<p>Laskiaissunnuntaina 7.2.2016 (s\u00e4\u00e4varauksella) j\u00e4rjestet\u00e4\u00e4n Laskiaisrieha Jutkulan m\u00e4ess\u00e4 (River-kent\u00e4nv\u00e4yl\u00e4 15) kello 14.00. Luvassa on siis lasten hiihtokilpailu, pulkkam\u00e4ki sek\u00e4 l\u00e4mmint\u00e4 mehua ja makkaranpaistoa nuotiolla. Illalla kello 18.00 alkaa lapset vastaan aikuiset -j\u00e4\u00e4kiekko-ottelu kyl\u00e4n j\u00e4\u00e4kiekkokaukalossa.<\/p>\n<p>Yhdistyksen hallitukseen vuonna 2016 kuuluvat:<\/p>\n<p>puheenjohtaja Olli Sorva<\/p>\n<p>varapuheenjohtaja Tomi Teuho-Markkola<\/p>\n<p>sihteeri Minna M\u00e4kinen<\/p>\n<p>rahastonhoitaja Anja Mattila<\/p>\n<p>muut j\u00e4senet ovat Elina J\u00e4rvinen, Reeta Juvonen, Teemu Lehtim\u00e4ki ja Terhi Leskinen<\/p>\n<p>Sek\u00e4 tulevaa turvallisuussuunnitelmaa ett\u00e4 kaikissa muissakin kyl\u00e4\u00e4 koskevissa asioissa toivomme yhteydenottoasi Minnaan, Tomiin tai Olliin<\/p>\n<p>Taivalkunnan kyl\u00e4t ry:n puheenjohtaja Olli Sorva<\/p>\n","protected":false},"excerpt":{"rendered":"<p>Taivalkunnan kyl\u00e4kirje 14.1.2016 &nbsp; Jokaisen kyl\u00e4yhteis\u00f6n tapa toimia ja arjen asiat ovat erilaiset johtuen kyl\u00e4n koosta, sijainnista, asukasrakenteesta ja perinteist\u00e4. Turvallisuus on osa ihmisen jokap\u00e4iv\u00e4ist\u00e4 arkea. Yhdistyksemme tavoitteena on t\u00e4n\u00e4 vuonna jakaa kyl\u00e4l\u00e4isille turvallisuustietoutta ja taitoa toimia poikkeustilanteissa. Haasteita tuovat mm. myrskytuhot, onnettomuudet, s\u00e4hk\u00f6n- ja vedenjakelukatkot sek\u00e4 yll\u00e4tykselliset tilanteet esim. elintarvikehuollolle jne. Huomioon pit\u00e4\u00e4 ottaa &hellip; <a href=\"https:\/\/www.nokiankylat.fi\/taivalkunta\/yhdistykset\/taivalkunnan-kylat-ry\/kylayhdistyksen-arkisto\/kylakirjeet\/kylakirjeet-2016\/kylakirje-12-1-2016\/\">Jatkuu<\/a><\/p>\n","protected":false},"author":4,"featured_media":0,"parent":184,"menu_order":0,"comment_status":"closed","ping_status":"closed","template":"","meta":{"_acf_changed":false,"footnotes":""},"class_list":["post-111","page","type-page","status-publish","hentry"],"acf":[],"_links":{"self":[{"href":"https:\/\/www.nokiankylat.fi\/taivalkunta\/wp-json\/wp\/v2\/pages\/111","targetHints":{"allow":["GET"]}}],"collection":[{"href":"https:\/\/www.nokiankylat.fi\/taivalkunta\/wp-json\/wp\/v2\/pages"}],"about":[{"href":"https:\/\/www.nokiankylat.fi\/taivalkunta\/wp-json\/wp\/v2\/types\/page"}],"author":[{"embeddable":true,"href":"https:\/\/www.nokiankylat.fi\/taivalkunta\/wp-json\/wp\/v2\/users\/4"}],"replies":[{"embeddable":true,"href":"https:\/\/www.nokiankylat.fi\/taivalkunta\/wp-json\/wp\/v2\/comments?post=111"}],"version-history":[{"count":2,"href":"https:\/\/www.nokiankylat.fi\/taivalkunta\/wp-json\/wp\/v2\/pages\/111\/revisions"}],"predecessor-version":[{"id":183,"href":"https:\/\/www.nokiankylat.fi\/taivalkunta\/wp-json\/wp\/v2\/pages\/111\/revisions\/183"}],"up":[{"embeddable":true,"href":"https:\/\/www.nokiankylat.fi\/taivalkunta\/wp-json\/wp\/v2\/pages\/184"}],"wp:attachment":[{"href":"https:\/\/www.nokiankylat.fi\/taivalkunta\/wp-json\/wp\/v2\/media?parent=111"}],"curies":[{"name":"wp","href":"https:\/\/api.w.org\/{rel}","templated":true}]}}