{"id":1129,"date":"2016-04-14T17:05:08","date_gmt":"2016-04-14T14:05:08","guid":{"rendered":"http:\/\/www.nokiankylat.fi\/taivalkunta\/?page_id=1129"},"modified":"2016-04-14T17:05:08","modified_gmt":"2016-04-14T14:05:08","slug":"kylakirje-14-4-2016","status":"publish","type":"page","link":"https:\/\/www.nokiankylat.fi\/taivalkunta\/yhdistykset\/taivalkunnan-kylat-ry\/kylayhdistyksen-arkisto\/kylakirjeet\/kylakirjeet-2016\/kylakirje-14-4-2016\/","title":{"rendered":"Kyl\u00e4kirje 14-4-2016"},"content":{"rendered":"<p>Moi taivalkuntalaiset!\u00a0\u00a0\u00a0\u00a0\u00a0\u00a0\u00a0\u00a0\u00a0\u00a0\u00a0\u00a0\u00a0\u00a0\u00a0\u00a0\u00a0\u00a0\u00a0\u00a0\u00a0\u00a0\u00a0\u00a0\u00a0\u00a0\u00a0\u00a0\u00a0\u00a0\u00a0\u00a0\u00a0\u00a0\u00a0\u00a0\u00a0\u00a0\u00a0\u00a0\u00a0\u00a0\u00a0\u00a0\u00a0\u00a0\u00a0\u00a0 <strong>KOKOUSKUTSU 14.4.2016<\/strong><\/p>\n<h2><strong><em>Taivalkunnan kyl\u00e4t ry:n kev\u00e4tkokous pidet\u00e4\u00e4n koululla <\/em><\/strong><\/h2>\n<h2><strong><em>Taivalkunnantie 575 keskiviikkona 27.04.2016 klo 18.30<\/em><\/strong><\/h2>\n<p>Kokouksessa k\u00e4sitell\u00e4\u00e4n s\u00e4\u00e4nt\u00f6m\u00e4\u00e4r\u00e4iset asiat sek\u00e4 mahdollisesti muut esille tulevat asiat. Olet perheinesi l\u00e4mpim\u00e4sti tervetullut. \u00a0 \u00a0 \u00a0 \u00a0 \u00a0 \u00a0 \u00a0 \u00a0\u00a0<strong>Taivalkunnan Kyl\u00e4t ry \/ hallitus<\/strong><\/p>\n<p><strong>Tiesuunnitelma-asiasta<\/strong> tiedotetaan kyl\u00e4l\u00e4isi\u00e4 ja kaikkia muitakin asiasta kiinnostuneita tahoja koululla pidett\u00e4v\u00e4ss\u00e4 <strong>yleis\u00f6tilaisuudessa<\/strong> <strong>ke 27.4.2016 klo 17\u201318.30<\/strong> eli juuri ennen kyl\u00e4yhdistyksemme kev\u00e4tkokousta. Pirkanmaan ELY-keskukselta paikalla on\u00a0hankkeen projektip\u00e4\u00e4llikk\u00f6 <strong>Jarkko Peurala<\/strong>. Tervetuloa perehtym\u00e4\u00e4n <strong>kyl\u00e4mme<\/strong> <strong>tiesuunnitelmaluonnoksiin.<\/strong><\/p>\n<p>Ellet viel\u00e4 ole j\u00e4sen, niin<strong> liity j\u00e4seneksi kyl\u00e4yhdistykseen<\/strong> t\u00e4ytt\u00e4m\u00e4ll\u00e4 alla oleva yhteystietolomake ja toimita se puheenjohtajallemme Olli Sorvalle Pihtikorventie 7 tai sihteerillemme Minna M\u00e4kiselle River Golfin toimistoon. Yhteystietosi voit toimittaa my\u00f6s s\u00e4hk\u00f6postitse <a href=\"mailto:olli.sorva@nokiansahkotalo.fi\">olli.sorva(at)nokiansahkotalo.fi<\/a> tai <a href=\"mailto:minna.makinen@nrg.fi\">minna.makinen(at)nrg.fi<\/a><\/p>\n<p><u>J\u00e4senmaksun 2016<\/u>, viisi (5) euroa\/j\u00e4sen, pyyd\u00e4mme maksamaan kuukauden sis\u00e4ll\u00e4 oheiselle pankkisiirrolla tai verkkopankissa:<\/p>\n<p>&#8211; nimell\u00e4:\u00a0\u00a0\u00a0\u00a0\u00a0\u00a0 \u00a0\u00a0 <strong>Taivalkunnan kyl\u00e4t ry<\/strong><br \/>\n&#8211; tilille:\u00a0\u00a0\u00a0\u00a0 \u00a0\u00a0\u00a0\u00a0\u00a0\u00a0 \u00a0\u00a0\u00a0<strong>FI98 1158 3500 0906 69<\/strong><br \/>\n&#8211; viite ja viesti: <strong>20161 ja j\u00e4senten nimet <\/strong>(kts. pankkisiirto)<\/p>\n<p>Jokaisella 15 vuotta t\u00e4ytt\u00e4neell\u00e4 j\u00e4senell\u00e4 on yhdistyksen kokouksissa \u00e4\u00e4nioikeus. J\u00e4senyys on henkil\u00f6kohtainen. Kun maksat j\u00e4senmaksua, niin <strong>muista laittaa viitenumero sek\u00e4 j\u00e4senten nimet<\/strong>. My\u00f6s alle 15 vuotiaat voivat olla j\u00e4senin\u00e4 ja heist\u00e4 emme peri j\u00e4senmaksua<\/p>\n<p>&#8212;&#8212;&#8212;&#8212;&#8212;&#8212;&#8212;&#8212;&#8212;&#8212;&#8212;&#8212;&#8212;&#8212;&#8212;&#8212;&#8212;&#8212;&#8212;&#8212;&#8212;&#8212;&#8212;&#8212;&#8212;&#8212;&#8212;&#8212;&#8212;&#8212;&#8212;&#8212;&#8212;&#8211;<\/p>\n<p>Yhteystietolomake Taivalkunnan Kyl\u00e4t ry:n j\u00e4senrekisteriin<\/p>\n<p>Etunimi: ____________________\u00a0\u00a0\u00a0\u00a0\u00a0\u00a0\u00a0\u00a0\u00a0\u00a0\u00a0\u00a0\u00a0\u00a0\u00a0\u00a0 Sukunimi: __________________________________<\/p>\n<p>Postiosoite: ____________________________________________________________________<\/p>\n<p>S\u00e4hk\u00f6postiosoite: _______________________________________________________________<\/p>\n<p>Puhelinnumero: _________________________________________________________________<\/p>\n<p><img loading=\"lazy\" decoding=\"async\" class=\"wp-image-1139 alignleft\" src=\"https:\/\/www.nokiankylat.fi\/taivalkunta\/wp-content\/uploads\/sites\/11\/2016\/04\/PANKKISIIRTOKUVA_20160414_010-e1460642162463-300x118.jpg\" alt=\"PANKKISIIRTOKUVA_20160414_010\" width=\"646\" height=\"254\" srcset=\"https:\/\/www.nokiankylat.fi\/taivalkunta\/wp-content\/uploads\/sites\/11\/2016\/04\/PANKKISIIRTOKUVA_20160414_010-e1460642162463-300x118.jpg 300w, https:\/\/www.nokiankylat.fi\/taivalkunta\/wp-content\/uploads\/sites\/11\/2016\/04\/PANKKISIIRTOKUVA_20160414_010-e1460642162463-768x302.jpg 768w, https:\/\/www.nokiankylat.fi\/taivalkunta\/wp-content\/uploads\/sites\/11\/2016\/04\/PANKKISIIRTOKUVA_20160414_010-e1460642162463-1024x402.jpg 1024w, https:\/\/www.nokiankylat.fi\/taivalkunta\/wp-content\/uploads\/sites\/11\/2016\/04\/PANKKISIIRTOKUVA_20160414_010-e1460642162463.jpg 1578w\" sizes=\"auto, (max-width: 646px) 100vw, 646px\" \/><\/p>\n<p>Yhdistyksen s\u00e4\u00e4nn\u00f6t ja j\u00e4senrekisterin rekisteriselosteen saat halutessasi sihteeri Minnalta\u00a0(p. 050-350 2762, <a href=\"mailto:minna.makinen@nrg.fi\">minna.makinen(at)nrg.fi<\/a>). J\u00e4senrekisterin tietoja ei luovuteta ulkopuolisille.<\/p>\n<p>Taivalkunnan Kyl\u00e4t ry pj. Olli Sorva\u00a0\u00a0\u00a0\u00a0\u00a0\u00a0\u00a0 \u00a0\u00a0 \u00a0\u00a0\u00a0\u00a0\u00a0\u00a0\u00a0\u00a0\u00a0\u00a0\u00a0\u00a0\u00a0\u00a0\u00a0\u00a0\u00a0Kotisivumme l\u00f6ytyy <a href=\"https:\/\/www.nokiankylat.fi\">www.nokiankylat.fi<\/a> \/taivalkunta<\/p>\n<p>&nbsp;<\/p>\n<p>&nbsp;<\/p>\n","protected":false},"excerpt":{"rendered":"<p>Moi taivalkuntalaiset!\u00a0\u00a0\u00a0\u00a0\u00a0\u00a0\u00a0\u00a0\u00a0\u00a0\u00a0\u00a0\u00a0\u00a0\u00a0\u00a0\u00a0\u00a0\u00a0\u00a0\u00a0\u00a0\u00a0\u00a0\u00a0\u00a0\u00a0\u00a0\u00a0\u00a0\u00a0\u00a0\u00a0\u00a0\u00a0\u00a0\u00a0\u00a0\u00a0\u00a0\u00a0\u00a0\u00a0\u00a0\u00a0\u00a0\u00a0\u00a0 KOKOUSKUTSU 14.4.2016 Taivalkunnan kyl\u00e4t ry:n kev\u00e4tkokous pidet\u00e4\u00e4n koululla Taivalkunnantie 575 keskiviikkona 27.04.2016 klo 18.30 Kokouksessa k\u00e4sitell\u00e4\u00e4n s\u00e4\u00e4nt\u00f6m\u00e4\u00e4r\u00e4iset asiat sek\u00e4 mahdollisesti muut esille tulevat asiat. Olet perheinesi l\u00e4mpim\u00e4sti tervetullut. \u00a0 \u00a0 \u00a0 \u00a0 \u00a0 \u00a0 \u00a0 \u00a0\u00a0Taivalkunnan Kyl\u00e4t ry \/ hallitus Tiesuunnitelma-asiasta tiedotetaan kyl\u00e4l\u00e4isi\u00e4 ja kaikkia muitakin asiasta kiinnostuneita tahoja koululla pidett\u00e4v\u00e4ss\u00e4 yleis\u00f6tilaisuudessa ke &hellip; <a href=\"https:\/\/www.nokiankylat.fi\/taivalkunta\/yhdistykset\/taivalkunnan-kylat-ry\/kylayhdistyksen-arkisto\/kylakirjeet\/kylakirjeet-2016\/kylakirje-14-4-2016\/\">Jatkuu<\/a><\/p>\n","protected":false},"author":4,"featured_media":0,"parent":184,"menu_order":0,"comment_status":"closed","ping_status":"closed","template":"","meta":{"_acf_changed":false,"footnotes":""},"class_list":["post-1129","page","type-page","status-publish","hentry"],"acf":[],"_links":{"self":[{"href":"https:\/\/www.nokiankylat.fi\/taivalkunta\/wp-json\/wp\/v2\/pages\/1129","targetHints":{"allow":["GET"]}}],"collection":[{"href":"https:\/\/www.nokiankylat.fi\/taivalkunta\/wp-json\/wp\/v2\/pages"}],"about":[{"href":"https:\/\/www.nokiankylat.fi\/taivalkunta\/wp-json\/wp\/v2\/types\/page"}],"author":[{"embeddable":true,"href":"https:\/\/www.nokiankylat.fi\/taivalkunta\/wp-json\/wp\/v2\/users\/4"}],"replies":[{"embeddable":true,"href":"https:\/\/www.nokiankylat.fi\/taivalkunta\/wp-json\/wp\/v2\/comments?post=1129"}],"version-history":[{"count":8,"href":"https:\/\/www.nokiankylat.fi\/taivalkunta\/wp-json\/wp\/v2\/pages\/1129\/revisions"}],"predecessor-version":[{"id":1141,"href":"https:\/\/www.nokiankylat.fi\/taivalkunta\/wp-json\/wp\/v2\/pages\/1129\/revisions\/1141"}],"up":[{"embeddable":true,"href":"https:\/\/www.nokiankylat.fi\/taivalkunta\/wp-json\/wp\/v2\/pages\/184"}],"wp:attachment":[{"href":"https:\/\/www.nokiankylat.fi\/taivalkunta\/wp-json\/wp\/v2\/media?parent=1129"}],"curies":[{"name":"wp","href":"https:\/\/api.w.org\/{rel}","templated":true}]}}