{"id":1164,"date":"2016-04-16T11:23:43","date_gmt":"2016-04-16T08:23:43","guid":{"rendered":"http:\/\/www.nokiankylat.fi\/taivalkunta\/?page_id=1164"},"modified":"2016-05-09T18:30:19","modified_gmt":"2016-05-09T15:30:19","slug":"kevatkokous-27-4-2016","status":"publish","type":"page","link":"https:\/\/www.nokiankylat.fi\/taivalkunta\/yhdistykset\/taivalkunnan-kylat-ry\/kokoukset-ja-kylaillat\/kevatkokous-27-4-2016\/","title":{"rendered":"Kev\u00e4tkokous 27-4-2016"},"content":{"rendered":"<p>Kyl\u00e4yhdistyksen kev\u00e4tkokous pidettiin 27.4.2016 kyl\u00e4n koululla. Ennen kokousta oli ELY-keskuksen yleis\u00f6tilaisuus kevyenliikenteen v\u00e4yl\u00e4n suunnittelusta Taivalkunta-Koskenm\u00e4ki.<\/p>\n","protected":false},"excerpt":{"rendered":"<p>Kyl\u00e4yhdistyksen kev\u00e4tkokous pidettiin 27.4.2016 kyl\u00e4n koululla. Ennen kokousta oli ELY-keskuksen yleis\u00f6tilaisuus kevyenliikenteen v\u00e4yl\u00e4n suunnittelusta Taivalkunta-Koskenm\u00e4ki.<\/p>\n","protected":false},"author":4,"featured_media":0,"parent":1034,"menu_order":0,"comment_status":"closed","ping_status":"closed","template":"","meta":{"_acf_changed":false,"footnotes":""},"class_list":["post-1164","page","type-page","status-publish","hentry"],"acf":[],"_links":{"self":[{"href":"https:\/\/www.nokiankylat.fi\/taivalkunta\/wp-json\/wp\/v2\/pages\/1164","targetHints":{"allow":["GET"]}}],"collection":[{"href":"https:\/\/www.nokiankylat.fi\/taivalkunta\/wp-json\/wp\/v2\/pages"}],"about":[{"href":"https:\/\/www.nokiankylat.fi\/taivalkunta\/wp-json\/wp\/v2\/types\/page"}],"author":[{"embeddable":true,"href":"https:\/\/www.nokiankylat.fi\/taivalkunta\/wp-json\/wp\/v2\/users\/4"}],"replies":[{"embeddable":true,"href":"https:\/\/www.nokiankylat.fi\/taivalkunta\/wp-json\/wp\/v2\/comments?post=1164"}],"version-history":[{"count":4,"href":"https:\/\/www.nokiankylat.fi\/taivalkunta\/wp-json\/wp\/v2\/pages\/1164\/revisions"}],"predecessor-version":[{"id":1313,"href":"https:\/\/www.nokiankylat.fi\/taivalkunta\/wp-json\/wp\/v2\/pages\/1164\/revisions\/1313"}],"up":[{"embeddable":true,"href":"https:\/\/www.nokiankylat.fi\/taivalkunta\/wp-json\/wp\/v2\/pages\/1034"}],"wp:attachment":[{"href":"https:\/\/www.nokiankylat.fi\/taivalkunta\/wp-json\/wp\/v2\/media?parent=1164"}],"curies":[{"name":"wp","href":"https:\/\/api.w.org\/{rel}","templated":true}]}}