{"id":1168,"date":"2016-04-16T12:38:37","date_gmt":"2016-04-16T09:38:37","guid":{"rendered":"http:\/\/www.nokiankylat.fi\/taivalkunta\/?page_id=1168"},"modified":"2016-04-16T12:38:37","modified_gmt":"2016-04-16T09:38:37","slug":"esityslista-27-4-2016","status":"publish","type":"page","link":"https:\/\/www.nokiankylat.fi\/taivalkunta\/yhdistykset\/taivalkunnan-kylat-ry\/kokoukset-ja-kylaillat\/kevatkokous-27-4-2016\/esityslista-27-4-2016\/","title":{"rendered":"Esityslista 27-4-2016"},"content":{"rendered":"<p>Taivalkunnan Kyl\u00e4t ry \u00a0 \u00a0 \u00a0 \u00a0 \u00a0 \u00a0 \u00a0 \u00a0 \u00a0 \u00a0 \u00a0 \u00a0 \u00a0 \u00a0 \u00a0 \u00a0 \u00a0 \u00a0 \u00a0 \u00a0 \u00a0 \u00a0 \u00a0 \u00a0 \u00a0 \u00a0 \u00a0 \u00a0 \u00a0 \u00a0ESITYSLISTA<strong>\u00a0<\/strong><\/p>\n<p><strong>KEV\u00c4TKOKOUS<\/strong><\/p>\n<p>Aika: 27.4.2016 klo 18.30<br \/>\nPaikka: Taivalkunnan koulu, Taivalkunnantie 575, 37120 Nokia<\/p>\n<ol>\n<li><strong>Kokouksen avaaminen<\/strong><\/li>\n<\/ol>\n<p style=\"padding-left: 60px\">yhdistyksen puheenjohtaja avaa<\/p>\n<ol start=\"2\">\n<li><strong>Kokouksen j\u00e4rjest\u00e4ytyminen<\/strong><\/li>\n<\/ol>\n<p style=\"padding-left: 60px\">puheenjohtaja, sihteeri, kaksi p\u00f6yt\u00e4kirjan tarkastajaa ja tarvittaessa kaksi \u00e4\u00e4nten laskijaa<\/p>\n<ol start=\"3\">\n<li><strong>Laillisuuden ja p\u00e4\u00e4t\u00f6svaltaisuuden toteaminen<\/strong><\/li>\n<\/ol>\n<p style=\"padding-left: 60px\">yhdistyksen s\u00e4\u00e4nt\u00f6jen mukaan kutsuttu<\/p>\n<ol start=\"4\">\n<li><strong>Esityslistan hyv\u00e4ksyminen<\/strong><\/li>\n<\/ol>\n<p style=\"padding-left: 60px\">esityslista ollut kotisivuilla ja k\u00e4yd\u00e4\u00e4n l\u00e4pi tarvittaessa<\/p>\n<ol start=\"5\">\n<li><strong>Toimintakertomuksen 2015 k\u00e4sittely<\/strong><\/li>\n<\/ol>\n<p style=\"padding-left: 60px\">esitet\u00e4\u00e4n hallituksen tekem\u00e4 toimintakertomus<\/p>\n<ol start=\"6\">\n<li><strong>Tilinp\u00e4\u00e4t\u00f6ksen vahvistaminen<\/strong><\/li>\n<\/ol>\n<p style=\"padding-left: 60px\">esitet\u00e4\u00e4n tilinp\u00e4\u00e4t\u00f6s, kuullaan toiminnantarkastajan lausunto<\/p>\n<ol start=\"7\">\n<li><strong>Tili- ja vastuuvapauden my\u00f6nt\u00e4minen tilivelvollisille<\/strong><\/li>\n<\/ol>\n<p style=\"padding-left: 60px\">p\u00e4\u00e4tet\u00e4\u00e4n my\u00f6nt\u00e4misest\u00e4<\/p>\n<ol start=\"8\">\n<li><strong>Muut esille tulevat asiat<\/strong><\/li>\n<\/ol>\n<p style=\"padding-left: 60px\">kokousasiat ja ilmoitusasiat<\/p>\n<ol start=\"9\">\n<li><strong>Kokouksen p\u00e4\u00e4tt\u00e4minen<\/strong><\/li>\n<\/ol>\n<p style=\"padding-left: 60px\">kokouksen puheenjohtaja p\u00e4\u00e4tt\u00e4\u00e4<\/p>\n","protected":false},"excerpt":{"rendered":"<p>Taivalkunnan Kyl\u00e4t ry \u00a0 \u00a0 \u00a0 \u00a0 \u00a0 \u00a0 \u00a0 \u00a0 \u00a0 \u00a0 \u00a0 \u00a0 \u00a0 \u00a0 \u00a0 \u00a0 \u00a0 \u00a0 \u00a0 \u00a0 \u00a0 \u00a0 \u00a0 \u00a0 \u00a0 \u00a0 \u00a0 \u00a0 \u00a0 \u00a0ESITYSLISTA\u00a0 KEV\u00c4TKOKOUS Aika: 27.4.2016 klo 18.30 Paikka: Taivalkunnan koulu, Taivalkunnantie 575, 37120 Nokia Kokouksen avaaminen yhdistyksen puheenjohtaja avaa Kokouksen j\u00e4rjest\u00e4ytyminen puheenjohtaja, sihteeri, kaksi &hellip; <a href=\"https:\/\/www.nokiankylat.fi\/taivalkunta\/yhdistykset\/taivalkunnan-kylat-ry\/kokoukset-ja-kylaillat\/kevatkokous-27-4-2016\/esityslista-27-4-2016\/\">Jatkuu<\/a><\/p>\n","protected":false},"author":4,"featured_media":0,"parent":1164,"menu_order":0,"comment_status":"closed","ping_status":"closed","template":"","meta":{"_acf_changed":false,"footnotes":""},"class_list":["post-1168","page","type-page","status-publish","hentry"],"acf":[],"_links":{"self":[{"href":"https:\/\/www.nokiankylat.fi\/taivalkunta\/wp-json\/wp\/v2\/pages\/1168","targetHints":{"allow":["GET"]}}],"collection":[{"href":"https:\/\/www.nokiankylat.fi\/taivalkunta\/wp-json\/wp\/v2\/pages"}],"about":[{"href":"https:\/\/www.nokiankylat.fi\/taivalkunta\/wp-json\/wp\/v2\/types\/page"}],"author":[{"embeddable":true,"href":"https:\/\/www.nokiankylat.fi\/taivalkunta\/wp-json\/wp\/v2\/users\/4"}],"replies":[{"embeddable":true,"href":"https:\/\/www.nokiankylat.fi\/taivalkunta\/wp-json\/wp\/v2\/comments?post=1168"}],"version-history":[{"count":5,"href":"https:\/\/www.nokiankylat.fi\/taivalkunta\/wp-json\/wp\/v2\/pages\/1168\/revisions"}],"predecessor-version":[{"id":1173,"href":"https:\/\/www.nokiankylat.fi\/taivalkunta\/wp-json\/wp\/v2\/pages\/1168\/revisions\/1173"}],"up":[{"embeddable":true,"href":"https:\/\/www.nokiankylat.fi\/taivalkunta\/wp-json\/wp\/v2\/pages\/1164"}],"wp:attachment":[{"href":"https:\/\/www.nokiankylat.fi\/taivalkunta\/wp-json\/wp\/v2\/media?parent=1168"}],"curies":[{"name":"wp","href":"https:\/\/api.w.org\/{rel}","templated":true}]}}