{"id":1175,"date":"2016-04-18T08:19:58","date_gmt":"2016-04-18T05:19:58","guid":{"rendered":"http:\/\/www.nokiankylat.fi\/taivalkunta\/?page_id=1175"},"modified":"2016-04-18T08:19:58","modified_gmt":"2016-04-18T05:19:58","slug":"nokian-uutiset-18-4-2016","status":"publish","type":"page","link":"https:\/\/www.nokiankylat.fi\/taivalkunta\/kuvat\/lehtileikkeita\/lehtileikkeita-2016\/nokian-uutiset-18-4-2016\/","title":{"rendered":"Nokian Uutiset 18-4-2016"},"content":{"rendered":"<p><img loading=\"lazy\" decoding=\"async\" class=\"wp-image-1177  alignnone\" src=\"https:\/\/www.nokiankylat.fi\/taivalkunta\/wp-content\/uploads\/sites\/11\/2016\/04\/NU-18.4.2016_1-e1460956293526-274x300.jpg\" alt=\"NU 18.4.2016_1\" width=\"542\" height=\"594\" srcset=\"https:\/\/www.nokiankylat.fi\/taivalkunta\/wp-content\/uploads\/sites\/11\/2016\/04\/NU-18.4.2016_1-e1460956293526-274x300.jpg 274w, https:\/\/www.nokiankylat.fi\/taivalkunta\/wp-content\/uploads\/sites\/11\/2016\/04\/NU-18.4.2016_1-e1460956293526-768x840.jpg 768w, https:\/\/www.nokiankylat.fi\/taivalkunta\/wp-content\/uploads\/sites\/11\/2016\/04\/NU-18.4.2016_1-e1460956293526.jpg 860w\" sizes=\"auto, (max-width: 542px) 100vw, 542px\" \/><\/p>\n<p>Kyl\u00e4n koululaisetkin tarvitsevat turvallisen liikkumisymp\u00e4rist\u00f6n. Suokaamme se heille.<\/p>\n<p><img loading=\"lazy\" decoding=\"async\" class=\"wp-image-1178  alignnone\" src=\"https:\/\/www.nokiankylat.fi\/taivalkunta\/wp-content\/uploads\/sites\/11\/2016\/04\/NU-18.4.2016_2-e1460956370217-169x300.jpg\" alt=\"NU 18.4.2016_2\" width=\"320\" height=\"568\" srcset=\"https:\/\/www.nokiankylat.fi\/taivalkunta\/wp-content\/uploads\/sites\/11\/2016\/04\/NU-18.4.2016_2-e1460956370217-169x300.jpg 169w, https:\/\/www.nokiankylat.fi\/taivalkunta\/wp-content\/uploads\/sites\/11\/2016\/04\/NU-18.4.2016_2-e1460956370217.jpg 572w\" sizes=\"auto, (max-width: 320px) 100vw, 320px\" \/><\/p>\n","protected":false},"excerpt":{"rendered":"<p>Kyl\u00e4n koululaisetkin tarvitsevat turvallisen liikkumisymp\u00e4rist\u00f6n. Suokaamme se heille.<\/p>\n","protected":false},"author":4,"featured_media":0,"parent":794,"menu_order":0,"comment_status":"closed","ping_status":"closed","template":"","meta":{"_acf_changed":false,"footnotes":""},"class_list":["post-1175","page","type-page","status-publish","hentry"],"acf":[],"_links":{"self":[{"href":"https:\/\/www.nokiankylat.fi\/taivalkunta\/wp-json\/wp\/v2\/pages\/1175","targetHints":{"allow":["GET"]}}],"collection":[{"href":"https:\/\/www.nokiankylat.fi\/taivalkunta\/wp-json\/wp\/v2\/pages"}],"about":[{"href":"https:\/\/www.nokiankylat.fi\/taivalkunta\/wp-json\/wp\/v2\/types\/page"}],"author":[{"embeddable":true,"href":"https:\/\/www.nokiankylat.fi\/taivalkunta\/wp-json\/wp\/v2\/users\/4"}],"replies":[{"embeddable":true,"href":"https:\/\/www.nokiankylat.fi\/taivalkunta\/wp-json\/wp\/v2\/comments?post=1175"}],"version-history":[{"count":4,"href":"https:\/\/www.nokiankylat.fi\/taivalkunta\/wp-json\/wp\/v2\/pages\/1175\/revisions"}],"predecessor-version":[{"id":1181,"href":"https:\/\/www.nokiankylat.fi\/taivalkunta\/wp-json\/wp\/v2\/pages\/1175\/revisions\/1181"}],"up":[{"embeddable":true,"href":"https:\/\/www.nokiankylat.fi\/taivalkunta\/wp-json\/wp\/v2\/pages\/794"}],"wp:attachment":[{"href":"https:\/\/www.nokiankylat.fi\/taivalkunta\/wp-json\/wp\/v2\/media?parent=1175"}],"curies":[{"name":"wp","href":"https:\/\/api.w.org\/{rel}","templated":true}]}}