{"id":1301,"date":"2016-05-09T18:27:07","date_gmt":"2016-05-09T15:27:07","guid":{"rendered":"http:\/\/www.nokiankylat.fi\/taivalkunta\/?page_id=1301"},"modified":"2016-05-09T18:34:58","modified_gmt":"2016-05-09T15:34:58","slug":"poytakirja-27-4-2016","status":"publish","type":"page","link":"https:\/\/www.nokiankylat.fi\/taivalkunta\/yhdistykset\/taivalkunnan-kylat-ry\/kokoukset-ja-kylaillat\/kevatkokous-27-4-2016\/poytakirja-27-4-2016\/","title":{"rendered":"P\u00f6yt\u00e4kirja 27-4-2016"},"content":{"rendered":"<p>Taivalkunnan Kyl\u00e4t ry<br \/>\nKEV\u00c4TKOKOUS<br \/>\nAika: 27.4.2016 klo 18.30<br \/>\nPaikka: Taivalkunnan koulu<\/p>\n<p>&nbsp;<br \/>\n1. Kokouksen avaus<br \/>\nYhdistyksen puheenjohtaja Olli Sorva avasi kokouksen kello 18.40<br \/>\nja toivotti kokousv\u00e4en tervetulleeksi. Osallistujia oli 20 henke\u00e4.<\/p>\n<p>&nbsp;<br \/>\n2. Kokouksen j\u00e4rjest\u00e4ytyminen<br \/>\nKokouksen puheenjohtajaksi valittiin Olli Sorva, sihteeriksi Maritta<br \/>\nPahlman ja p\u00f6yt\u00e4kirjantarkastajiksi Eeva-Liisa Hynninen ja Veijo<br \/>\nHynninen. \u00c4\u00e4ntenlaskijat p\u00e4\u00e4tettiin valita, jos kokouksen kulku edellytt\u00e4\u00e4.<\/p>\n<p>&nbsp;<br \/>\n3. Laillisuuden ja p\u00e4\u00e4t\u00f6svaltaisuuden toteaminen<br \/>\nTodettiin, ett\u00e4 kokous on kutsuttu koolle yhdistyksen s\u00e4\u00e4nt\u00f6jen mukaisesti ja<br \/>\nse on siten laillinen ja p\u00e4\u00e4t\u00f6svaltainen.<\/p>\n<p>&nbsp;<br \/>\n4. Esityslistan hyv\u00e4ksyminen<br \/>\nEsityslista hyv\u00e4ksyttiin kokouksen ty\u00f6j\u00e4rjestykseksi.<\/p>\n<p>&nbsp;<br \/>\n5. Toimintakertomuksen 2015 k\u00e4sittely<br \/>\nOlli Sorva esitteli hallituksen toimintakertomuksen. Kokous totesi sen<br \/>\nsangen seikkaper\u00e4iseksi ja kiitti hallitusta aktiivisesta ja monipuolisesta<br \/>\ntoiminnasta.<\/p>\n<p>&nbsp;<br \/>\n6. Tilinp\u00e4\u00e4t\u00f6ksen vahvistaminen<br \/>\nYhdistyksen rahastonhoitaja Anja Mattila esitteli tilinp\u00e4\u00e4t\u00f6ksen ja<br \/>\ntoiminnantarkastajan lausunnon. Todettiin, ett\u00e4 yhdistyksen asioita on<br \/>\nhoidettu hyvin ja sen taloudellinen asema on vakaa. P\u00e4\u00e4tettiin vahvistaa<br \/>\ntilinp\u00e4\u00e4t\u00f6s.<\/p>\n<p>&nbsp;<br \/>\n7. Tili- ja vastuuvapauden my\u00f6nt\u00e4minen tilivelvollisille<br \/>\nP\u00e4\u00e4tettiin yksimielisesti my\u00f6nt\u00e4\u00e4 tili- ja vastuuvapaus tilivelvollisille.<\/p>\n<p>&nbsp;<br \/>\n8. Muut esille tulevat asiat<br \/>\nOlli Sorva ilmoitti koko kyl\u00e4n yhteisten Kev\u00e4tkarkeloiden ajaksi 26.5.2016.<br \/>\nKokous antoi hallitukselle kiitt\u00e4v\u00e4\u00e4 palautetta my\u00f6s edelt\u00e4neest\u00e4, kevyen<br \/>\nliikenteen v\u00e4yl\u00e4\u00e4 koskeneesta infotilaisuudesta kahvitarjoiluineen.<\/p>\n<p>&nbsp;<br \/>\n9. Kokouksen p\u00e4\u00e4tt\u00e4minen<br \/>\nOlli Sorva p\u00e4\u00e4tti kokouksen kello 19.05 kiitt\u00e4en l\u00e4sn\u00e4olijoita osallistumisesta<br \/>\nja kokouksen sujuvasta kulusta.<\/p>\n<p>&nbsp;<br \/>\nOlli Sorva, puheenjohtaja<\/p>\n<p>&nbsp;<\/p>\n<p>Maritta Pahlman, sihteeri<\/p>\n<p>&nbsp;<br \/>\nEeva-Liisa Hynninen, \u00a0p\u00f6yt\u00e4kirjantarkastaja<\/p>\n<p>&nbsp;<\/p>\n<p>Veijo Hynninen, p\u00f6yt\u00e4kirjanntarkastaja<\/p>\n","protected":false},"excerpt":{"rendered":"<p>Taivalkunnan Kyl\u00e4t ry KEV\u00c4TKOKOUS Aika: 27.4.2016 klo 18.30 Paikka: Taivalkunnan koulu &nbsp; 1. Kokouksen avaus Yhdistyksen puheenjohtaja Olli Sorva avasi kokouksen kello 18.40 ja toivotti kokousv\u00e4en tervetulleeksi. Osallistujia oli 20 henke\u00e4. &nbsp; 2. Kokouksen j\u00e4rjest\u00e4ytyminen Kokouksen puheenjohtajaksi valittiin Olli Sorva, sihteeriksi Maritta Pahlman ja p\u00f6yt\u00e4kirjantarkastajiksi Eeva-Liisa Hynninen ja Veijo Hynninen. \u00c4\u00e4ntenlaskijat p\u00e4\u00e4tettiin valita, jos kokouksen &hellip; <a href=\"https:\/\/www.nokiankylat.fi\/taivalkunta\/yhdistykset\/taivalkunnan-kylat-ry\/kokoukset-ja-kylaillat\/kevatkokous-27-4-2016\/poytakirja-27-4-2016\/\">Jatkuu<\/a><\/p>\n","protected":false},"author":4,"featured_media":0,"parent":1164,"menu_order":0,"comment_status":"closed","ping_status":"closed","template":"","meta":{"_acf_changed":false,"footnotes":""},"class_list":["post-1301","page","type-page","status-publish","hentry"],"acf":[],"_links":{"self":[{"href":"https:\/\/www.nokiankylat.fi\/taivalkunta\/wp-json\/wp\/v2\/pages\/1301","targetHints":{"allow":["GET"]}}],"collection":[{"href":"https:\/\/www.nokiankylat.fi\/taivalkunta\/wp-json\/wp\/v2\/pages"}],"about":[{"href":"https:\/\/www.nokiankylat.fi\/taivalkunta\/wp-json\/wp\/v2\/types\/page"}],"author":[{"embeddable":true,"href":"https:\/\/www.nokiankylat.fi\/taivalkunta\/wp-json\/wp\/v2\/users\/4"}],"replies":[{"embeddable":true,"href":"https:\/\/www.nokiankylat.fi\/taivalkunta\/wp-json\/wp\/v2\/comments?post=1301"}],"version-history":[{"count":16,"href":"https:\/\/www.nokiankylat.fi\/taivalkunta\/wp-json\/wp\/v2\/pages\/1301\/revisions"}],"predecessor-version":[{"id":1319,"href":"https:\/\/www.nokiankylat.fi\/taivalkunta\/wp-json\/wp\/v2\/pages\/1301\/revisions\/1319"}],"up":[{"embeddable":true,"href":"https:\/\/www.nokiankylat.fi\/taivalkunta\/wp-json\/wp\/v2\/pages\/1164"}],"wp:attachment":[{"href":"https:\/\/www.nokiankylat.fi\/taivalkunta\/wp-json\/wp\/v2\/media?parent=1301"}],"curies":[{"name":"wp","href":"https:\/\/api.w.org\/{rel}","templated":true}]}}