{"id":1459,"date":"2016-06-08T20:16:30","date_gmt":"2016-06-08T17:16:30","guid":{"rendered":"http:\/\/www.nokiankylat.fi\/taivalkunta\/?page_id=1459"},"modified":"2016-06-08T20:16:30","modified_gmt":"2016-06-08T17:16:30","slug":"kylakirje-8-6-2016","status":"publish","type":"page","link":"https:\/\/www.nokiankylat.fi\/taivalkunta\/yhdistykset\/taivalkunnan-kylat-ry\/kylayhdistyksen-arkisto\/kylakirjeet\/kylakirjeet-2016\/kylakirje-8-6-2016\/","title":{"rendered":"Kyl\u00e4kirje 8-6-2016"},"content":{"rendered":"<p>Oppilaiden kouluvuosi on p\u00e4\u00e4ttynyt. Taivalkunnan kyl\u00e4t ry my\u00f6nsi 50 eur stipendin Em\u00e4kosken yl\u00e4koulun parhaalle p\u00e4\u00e4tt\u00e4v\u00e4lle Taivalkuntalaisella, 9F-luokkalaisella Venla Haavistolle sek\u00e4 Taivalkunnan alakoulun kahdelle oppilaalle kiva kaveri periaatteella, Aleksi Saarelalle ja Mona Granathille.<\/p>\n<p>Muutaman kyl\u00e4l\u00e4isen kanssa on ollut juttua, ett\u00e4 olisi kiva, jos kyl\u00e4n urheilukent\u00e4ll\u00e4 olisi pes\u00e4pallopelej\u00e4, johon voisi kaikenik\u00e4iset kyl\u00e4l\u00e4iset osallistua. Jos olette kiinnostuneita pelaamaan pes\u00e4palloa, niin laittakaa viesti\u00e4 minulle s\u00e4hk\u00f6postitse osoitteeseen <a href=\"mailto:olli.sorva@nokiansahkotalo.fi\">olli.sorva(at)nokiansahkotalo.fi<\/a>. Jos saamme kyl\u00e4lt\u00e4 porukan kasaan, niin hoidan kyll\u00e4 tiedotusta asiasta, vaikken mahdollisesti noihin peleihin itse ehdik\u00e4\u00e4n mukaan. My\u00f6s peliv\u00e4lineiden tuojan\/tuojat pit\u00e4isi porukasta l\u00f6yt\u00e4\u00e4.<\/p>\n<p>Olen kartoittanut mahdollisuutta lentopallopeleihin Taivalkunnan pirtin lentopallokent\u00e4ll\u00e4. Siell\u00e4 on N\u00e4\u00e4t\u00e4hokkeyn vuoro keskiviikkoisin klo 20 ja porukkaan mahtuu Ismon (Pirtin omistajan edustaja) mukaan kyll\u00e4 silloinkin. Oma vuorokin kyl\u00e4lle onnistuu, jos halukkaita pelaajia on. Vuoro pit\u00e4isi olla arki-iltoina, koska viikonloput eiv\u00e4t k\u00e4y Pirtin puolesta. Laittakaa tietoa halukkuudestanne kyl\u00e4n omaan vuoroon, jossa voisi olla mukana pelaajia laajalla ik\u00e4rakenteella.<\/p>\n<p>Jos et ole viel\u00e4 maksanut t\u00e4m\u00e4n vuotista kyl\u00e4yhdistyksen j\u00e4senmaksua, niin sen ehdit hyvin suorittaa viel\u00e4kin. J\u00e4senmaksu 2016 on viisi (5) euroa\/j\u00e4sen ja t\u00e4ss\u00e4 tiedot maksua varten:<\/p>\n<p>&#8211; nimell\u00e4:\u00a0\u00a0\u00a0 \u00a0\u00a0 <strong>Taivalkunnan kyl\u00e4t ry<\/strong><br \/>\n&#8211; tilille:\u00a0\u00a0\u00a0\u00a0 \u00a0\u00a0\u00a0 \u00a0\u00a0\u00a0<strong>FI98 1158 3500 0906 69<\/strong><br \/>\n&#8211; viite ja viesti: <strong>20161 ja j\u00e4senten nimet<\/strong><\/p>\n<p>Tietoa yhdistyksen toiminnasta l\u00f6ytyy kyl\u00e4n kotisivuilta osoitteesta <a href=\"https:\/\/www.nokiankylat.fi\/taivalkunta\/yhdistykset\/taivalkunnan-kylat-ry\/\">https:\/\/www.nokiankylat.fi\/taivalkunta\/yhdistykset\/taivalkunnan-kylat-ry\/<\/a> tai kysym\u00e4ll\u00e4 hallituksen j\u00e4senilt\u00e4.<\/p>\n<p>Syksylle on suunnitteilla kyl\u00e4ilta, jonka teema on viel\u00e4 osittain avoin. My\u00f6s turvallisuussuunnitelman julkaisutilaisuus on tiedossa tulevana syksyn\u00e4. N\u00e4ist\u00e4 tarkemmin seuraavissa kyl\u00e4kirjeiss\u00e4 ja kotisivuillekin tulee tietoa jossain vaiheessa.<\/p>\n<p>Laittakaapa taas s\u00e4hk\u00f6postia tulemaan.<\/p>\n<p>Taivalkunnan kyl\u00e4t ry:n puheenjohtaja Olli Sorva<\/p>\n","protected":false},"excerpt":{"rendered":"<p>Oppilaiden kouluvuosi on p\u00e4\u00e4ttynyt. Taivalkunnan kyl\u00e4t ry my\u00f6nsi 50 eur stipendin Em\u00e4kosken yl\u00e4koulun parhaalle p\u00e4\u00e4tt\u00e4v\u00e4lle Taivalkuntalaisella, 9F-luokkalaisella Venla Haavistolle sek\u00e4 Taivalkunnan alakoulun kahdelle oppilaalle kiva kaveri periaatteella, Aleksi Saarelalle ja Mona Granathille. Muutaman kyl\u00e4l\u00e4isen kanssa on ollut juttua, ett\u00e4 olisi kiva, jos kyl\u00e4n urheilukent\u00e4ll\u00e4 olisi pes\u00e4pallopelej\u00e4, johon voisi kaikenik\u00e4iset kyl\u00e4l\u00e4iset osallistua. Jos olette kiinnostuneita pelaamaan &hellip; <a href=\"https:\/\/www.nokiankylat.fi\/taivalkunta\/yhdistykset\/taivalkunnan-kylat-ry\/kylayhdistyksen-arkisto\/kylakirjeet\/kylakirjeet-2016\/kylakirje-8-6-2016\/\">Jatkuu<\/a><\/p>\n","protected":false},"author":4,"featured_media":0,"parent":184,"menu_order":0,"comment_status":"closed","ping_status":"closed","template":"","meta":{"_acf_changed":false,"footnotes":""},"class_list":["post-1459","page","type-page","status-publish","hentry"],"acf":[],"_links":{"self":[{"href":"https:\/\/www.nokiankylat.fi\/taivalkunta\/wp-json\/wp\/v2\/pages\/1459","targetHints":{"allow":["GET"]}}],"collection":[{"href":"https:\/\/www.nokiankylat.fi\/taivalkunta\/wp-json\/wp\/v2\/pages"}],"about":[{"href":"https:\/\/www.nokiankylat.fi\/taivalkunta\/wp-json\/wp\/v2\/types\/page"}],"author":[{"embeddable":true,"href":"https:\/\/www.nokiankylat.fi\/taivalkunta\/wp-json\/wp\/v2\/users\/4"}],"replies":[{"embeddable":true,"href":"https:\/\/www.nokiankylat.fi\/taivalkunta\/wp-json\/wp\/v2\/comments?post=1459"}],"version-history":[{"count":1,"href":"https:\/\/www.nokiankylat.fi\/taivalkunta\/wp-json\/wp\/v2\/pages\/1459\/revisions"}],"predecessor-version":[{"id":1460,"href":"https:\/\/www.nokiankylat.fi\/taivalkunta\/wp-json\/wp\/v2\/pages\/1459\/revisions\/1460"}],"up":[{"embeddable":true,"href":"https:\/\/www.nokiankylat.fi\/taivalkunta\/wp-json\/wp\/v2\/pages\/184"}],"wp:attachment":[{"href":"https:\/\/www.nokiankylat.fi\/taivalkunta\/wp-json\/wp\/v2\/media?parent=1459"}],"curies":[{"name":"wp","href":"https:\/\/api.w.org\/{rel}","templated":true}]}}