{"id":1534,"date":"2016-07-26T22:31:00","date_gmt":"2016-07-26T19:31:00","guid":{"rendered":"http:\/\/www.nokiankylat.fi\/taivalkunta\/?page_id=1534"},"modified":"2016-07-26T22:34:29","modified_gmt":"2016-07-26T19:34:29","slug":"kylakirje-26-7-2016","status":"publish","type":"page","link":"https:\/\/www.nokiankylat.fi\/taivalkunta\/yhdistykset\/taivalkunnan-kylat-ry\/kylayhdistyksen-arkisto\/kylakirjeet\/kylakirjeet-2016\/kylakirje-26-7-2016\/","title":{"rendered":"Kyl\u00e4kirje 26-7-2016"},"content":{"rendered":"<p>Seuraava pes\u00e4pallopeli on koulun pihakent\u00e4ll\u00e4 to 28.7 klo 19.00. Huom. kellonaika!<\/p>\n<p>Syyskauden kahvakuula\/lihaskuntotreenit alkavat 11.8 kello 19.30-20.30<\/p>\n<p>Taivalkunnan kyl\u00e4t ry on hakenut toiminta-avustusta v.2016 ja Nokian kaupunginhallitus on avustusta my\u00f6nt\u00e4nyt 300 euroa.<\/p>\n<p>Kaupungin harrasteoppaaseen laitoin kyl\u00e4yhdistyksen lyhyen toimintakuvauksen lis\u00e4ksi my\u00f6s kotisivu- ja Facebook-sivuista maininnan. Oppaassa (ei ilmeisesti viel\u00e4 julkaistu) on hyvin esitelty harrastusmahdollisuuksia koko Nokian alueella.<\/p>\n<p>Kyl\u00e4mme sivustoa kehitet\u00e4\u00e4n ja nyt kartoitan onko mielek\u00e4st\u00e4 avata sinne ostetaan- ja myyd\u00e4\u00e4n-osio. Kyl\u00e4l\u00e4iset saisivat ilmoituksensa sinne maksutta ja ne voisivat olla my\u00f6s jatkuvaluonteisia. Tontit, talot, k\u00e4sity\u00f6t, polttopuut, marjat, k\u00e4ytetyt tavarat myyd\u00e4\u00e4n, ostetaan tai lahjoitetaan ja jne.. Kukaan kyl\u00e4l\u00e4inen ei ole etuk\u00e4teen mahdollista ilmoitushalukkuuttaan kertonut, joten laittakaapa postia minulle.<\/p>\n<p>Olen kartoittanut taajamaporttien asentamista kyl\u00e4lle. Ely-keskus ei t\u00e4ll\u00e4 hetkell\u00e4 niit\u00e4 omalla kustannuksellaan laita, mutta kyl\u00e4t voivat kustannuksellaan niit\u00e4 tehd\u00e4. Vaihtoehtoisia malleja on kuusi ja niille nelj\u00e4 eri v\u00e4rivaihtoehtoa. Sain kuvat niist\u00e4 Suvi Vainiolta (Elylt\u00e4). H\u00e4n on sit\u00e4 mielt\u00e4, ett\u00e4 Taivalkunta olisi ihan asiallinen paikka porteille. Ajattelen, ett\u00e4 katsotaan nyt miten tiesuunnitelma etenee ja sitten v\u00e4h\u00e4n my\u00f6hemmin p\u00e4\u00e4tet\u00e4\u00e4n, ett\u00e4 laitetaanko lupahakemus (ty\u00f6lupa) vireille, kun esim. selvi\u00e4\u00e4, mihin tuo 50km\/h rajoitusalue \u201dasettuu\u201d.<\/p>\n<p>Kyl\u00e4mme on positiivisesti ollut paikallislehdist\u00f6ss\u00e4 esill\u00e4 ja nyt kartoitan lis\u00e4ksi kyl\u00e4n esille saantia parilla paikallisradiotaajuudella. Se voisi hyvinkin onnistua syksyll\u00e4 pidett\u00e4v\u00e4n turvallisuusillan teeman kautta.<\/p>\n<p>Yhdistyksell\u00e4 on mietinn\u00e4ss\u00e4 naapurinpappa\/mummi- hanke. Se olisi tarkoitettu lis\u00e4\u00e4m\u00e4\u00e4n kyl\u00e4n yhteis\u00f6llisyytt\u00e4 ja eri-ik\u00e4isten ihmisten yhdess\u00e4oloa sek\u00e4 apuna, turvana ja keskustelukumppanina pienille lapsille ja heid\u00e4n vanhemmilleen. Aika n\u00e4ytt\u00e4\u00e4, eteneek\u00f6 hanke toteutukseen. Ei ainakaan ennen, kun saamme kyl\u00e4n turvallisuussuunnitelman valmiiksi ja julkaistuksi.<\/p>\n<p><strong>Nautitaan kes\u00e4ajasta<\/strong> ja ollaan taas yhteydess\u00e4. Seuraa my\u00f6s kyl\u00e4n tapahtumakalenteria.<\/p>\n<p>Taivalkunnan kyl\u00e4t ry:n puheenjohtaja Olli Sorva<\/p>\n","protected":false},"excerpt":{"rendered":"<p>Seuraava pes\u00e4pallopeli on koulun pihakent\u00e4ll\u00e4 to 28.7 klo 19.00. Huom. kellonaika! Syyskauden kahvakuula\/lihaskuntotreenit alkavat 11.8 kello 19.30-20.30 Taivalkunnan kyl\u00e4t ry on hakenut toiminta-avustusta v.2016 ja Nokian kaupunginhallitus on avustusta my\u00f6nt\u00e4nyt 300 euroa. Kaupungin harrasteoppaaseen laitoin kyl\u00e4yhdistyksen lyhyen toimintakuvauksen lis\u00e4ksi my\u00f6s kotisivu- ja Facebook-sivuista maininnan. Oppaassa (ei ilmeisesti viel\u00e4 julkaistu) on hyvin esitelty harrastusmahdollisuuksia koko Nokian &hellip; <a href=\"https:\/\/www.nokiankylat.fi\/taivalkunta\/yhdistykset\/taivalkunnan-kylat-ry\/kylayhdistyksen-arkisto\/kylakirjeet\/kylakirjeet-2016\/kylakirje-26-7-2016\/\">Jatkuu<\/a><\/p>\n","protected":false},"author":4,"featured_media":0,"parent":184,"menu_order":0,"comment_status":"closed","ping_status":"closed","template":"","meta":{"_acf_changed":false,"footnotes":""},"class_list":["post-1534","page","type-page","status-publish","hentry"],"acf":[],"_links":{"self":[{"href":"https:\/\/www.nokiankylat.fi\/taivalkunta\/wp-json\/wp\/v2\/pages\/1534","targetHints":{"allow":["GET"]}}],"collection":[{"href":"https:\/\/www.nokiankylat.fi\/taivalkunta\/wp-json\/wp\/v2\/pages"}],"about":[{"href":"https:\/\/www.nokiankylat.fi\/taivalkunta\/wp-json\/wp\/v2\/types\/page"}],"author":[{"embeddable":true,"href":"https:\/\/www.nokiankylat.fi\/taivalkunta\/wp-json\/wp\/v2\/users\/4"}],"replies":[{"embeddable":true,"href":"https:\/\/www.nokiankylat.fi\/taivalkunta\/wp-json\/wp\/v2\/comments?post=1534"}],"version-history":[{"count":2,"href":"https:\/\/www.nokiankylat.fi\/taivalkunta\/wp-json\/wp\/v2\/pages\/1534\/revisions"}],"predecessor-version":[{"id":1536,"href":"https:\/\/www.nokiankylat.fi\/taivalkunta\/wp-json\/wp\/v2\/pages\/1534\/revisions\/1536"}],"up":[{"embeddable":true,"href":"https:\/\/www.nokiankylat.fi\/taivalkunta\/wp-json\/wp\/v2\/pages\/184"}],"wp:attachment":[{"href":"https:\/\/www.nokiankylat.fi\/taivalkunta\/wp-json\/wp\/v2\/media?parent=1534"}],"curies":[{"name":"wp","href":"https:\/\/api.w.org\/{rel}","templated":true}]}}