{"id":1589,"date":"2016-09-28T08:12:15","date_gmt":"2016-09-28T05:12:15","guid":{"rendered":"http:\/\/www.nokiankylat.fi\/taivalkunta\/?page_id=1589"},"modified":"2016-09-28T08:14:11","modified_gmt":"2016-09-28T05:14:11","slug":"kylakirje-28-9-2016","status":"publish","type":"page","link":"https:\/\/www.nokiankylat.fi\/taivalkunta\/yhdistykset\/taivalkunnan-kylat-ry\/kylayhdistyksen-arkisto\/kylakirjeet\/kylakirjeet-2016\/kylakirje-28-9-2016\/","title":{"rendered":"Kyl\u00e4kirje 28-9-2016"},"content":{"rendered":"<p>Kahvakuula\/lihaskuntotreenitunnit j\u00e4\u00e4v\u00e4t tauolle. Huomenna tuntia ei en\u00e4\u00e4 ole. Osallistujia ei ole ollut niin paljoa, ett\u00e4 toiminta olisi pysynyt tuntien pit\u00e4j\u00e4lle kannattavana. Pahoitteluni tuntien loppumisesta teille, jotka k\u00e4vitte tunneilla ja varsinkin teille 4-5 vakituiselle k\u00e4vij\u00e4lle. Ehk\u00e4 taas joskus\u2026. ja ainakin Zumba jatkuu.<\/p>\n<p>Kyl\u00e4n turvallisuusiltaa vietet\u00e4\u00e4n 10.10.2016 kello 18.30 alkaen kyl\u00e4n koululla. Kaikki kyl\u00e4l\u00e4iset ja muutkin arjen turvallisuuden pienist\u00e4 ja t\u00e4rkeist\u00e4 asioista kiinnostuneet ovat tervetulleita. Mukana illassa ovat my\u00f6s Nokian kaupungilta mittausteknikko Lauri V\u00e4h\u00e4talo sek\u00e4 Pirkan Kyl\u00e4t ry:lt\u00e4 kyl\u00e4asiamies Marja Vehn\u00e4maa. Palkinnot saa parhaiten liikenteess\u00e4 loistavat koululaiset ja kyl\u00e4n turvallisuussuunnitelma julkaistaan. Muista, ett\u00e4 turvallisuus on osa jokap\u00e4iv\u00e4ist\u00e4 el\u00e4m\u00e4\u00e4mme!<\/p>\n<p>Kyl\u00e4yhdistyksen syyskokous on 16.11 kello 18.30 koululla. Yhdistyksemme hallituksen ajatuksena on saada kokoukseen joku puhuja j\u00e4tehuollosta, mutta asia on viel\u00e4 avoin.<\/p>\n<p>Tiesuunnitelman tiedotustilaisuus oli kev\u00e4\u00e4ll\u00e4 ja samalla oli puhetta mahdollisesta tiedonsiirron kuitulinjasta kyl\u00e4llemme. Olen ollut asiasta puhelinkeskustelussa Elisan talokaapeliosaston Mikko H\u00e4kkisen kanssa ja kertonut kyl\u00e4l\u00e4isten tarpeista nopeampaan nettiyhteyteen. H\u00e4n on tietoinen kevyenliikenteen suunnitelmasta, vesiputkit\u00f6ist\u00e4 ja s\u00e4hk\u00f6laitoksen kaapelikaivuista maahan. Kuidun saaminen edellytt\u00e4\u00e4 kuitenkin \u201djonkinlaista\u201d tilausta liittyjilt\u00e4.<\/p>\n<p>Jotta verkko-operaattori tekisi edes kustannuslaskennat, niin nyt t\u00e4ytyy saada nimiluetteloa henkil\u00f6ist\u00e4, jotka mahdollisesti ottaisivat liitynn\u00e4n. Koska liitynn\u00e4n hintaa ei t\u00e4ss\u00e4 vaiheessa tiedet\u00e4, niin mihink\u00e4\u00e4n et joudu sitoutumaan, vaan alustava halukkuus riitt\u00e4\u00e4. (Sen verran hintatietoa sain operaattorilta, ett\u00e4 kyseess\u00e4 olisi joka tapauksessa useamman kymppitonnin yhteishinta kaikille liittymille.) Olen jo sopinut talokaapeliosaston kanssa, ett\u00e4 meilt\u00e4 on tulossa kirjallinen \u201dtilaus\u201d, jossa on liitteen\u00e4 alustava nimilista, jotta saavat kustannuslaskentansa vireille. Laittakaa minulle (vaikka s\u00e4hk\u00f6postiin) tai sihteerillemme Minna M\u00e4kiselle tietoa, keiden nimet ja osoitteet voin listaan laittaa. Toimikaa heti, mutta viimeist\u00e4\u00e4n tuohon turvallisuusiltaamme menness\u00e4.<\/p>\n<p>Seuraa kyl\u00e4n tapahtumakalenteria ja nettiuutisia, joita tulossa n\u00e4ist\u00e4kin asioista viel\u00e4 t\u00e4ll\u00e4 viikolla <a href=\"https:\/\/www.nokiankylat.fi\/taivalkunta\">https:\/\/www.nokiankylat.fi\/taivalkunta<\/a> ja osoitetta voit vapaasti jakaa.<\/p>\n<p>Taivalkunnan kyl\u00e4t ry:n puheenjohtaja Olli Sorva<\/p>\n","protected":false},"excerpt":{"rendered":"<p>Kahvakuula\/lihaskuntotreenitunnit j\u00e4\u00e4v\u00e4t tauolle. Huomenna tuntia ei en\u00e4\u00e4 ole. Osallistujia ei ole ollut niin paljoa, ett\u00e4 toiminta olisi pysynyt tuntien pit\u00e4j\u00e4lle kannattavana. Pahoitteluni tuntien loppumisesta teille, jotka k\u00e4vitte tunneilla ja varsinkin teille 4-5 vakituiselle k\u00e4vij\u00e4lle. Ehk\u00e4 taas joskus\u2026. ja ainakin Zumba jatkuu. Kyl\u00e4n turvallisuusiltaa vietet\u00e4\u00e4n 10.10.2016 kello 18.30 alkaen kyl\u00e4n koululla. Kaikki kyl\u00e4l\u00e4iset ja muutkin arjen &hellip; <a href=\"https:\/\/www.nokiankylat.fi\/taivalkunta\/yhdistykset\/taivalkunnan-kylat-ry\/kylayhdistyksen-arkisto\/kylakirjeet\/kylakirjeet-2016\/kylakirje-28-9-2016\/\">Jatkuu<\/a><\/p>\n","protected":false},"author":4,"featured_media":0,"parent":184,"menu_order":0,"comment_status":"closed","ping_status":"closed","template":"","meta":{"_acf_changed":false,"footnotes":""},"class_list":["post-1589","page","type-page","status-publish","hentry"],"acf":[],"_links":{"self":[{"href":"https:\/\/www.nokiankylat.fi\/taivalkunta\/wp-json\/wp\/v2\/pages\/1589","targetHints":{"allow":["GET"]}}],"collection":[{"href":"https:\/\/www.nokiankylat.fi\/taivalkunta\/wp-json\/wp\/v2\/pages"}],"about":[{"href":"https:\/\/www.nokiankylat.fi\/taivalkunta\/wp-json\/wp\/v2\/types\/page"}],"author":[{"embeddable":true,"href":"https:\/\/www.nokiankylat.fi\/taivalkunta\/wp-json\/wp\/v2\/users\/4"}],"replies":[{"embeddable":true,"href":"https:\/\/www.nokiankylat.fi\/taivalkunta\/wp-json\/wp\/v2\/comments?post=1589"}],"version-history":[{"count":1,"href":"https:\/\/www.nokiankylat.fi\/taivalkunta\/wp-json\/wp\/v2\/pages\/1589\/revisions"}],"predecessor-version":[{"id":1590,"href":"https:\/\/www.nokiankylat.fi\/taivalkunta\/wp-json\/wp\/v2\/pages\/1589\/revisions\/1590"}],"up":[{"embeddable":true,"href":"https:\/\/www.nokiankylat.fi\/taivalkunta\/wp-json\/wp\/v2\/pages\/184"}],"wp:attachment":[{"href":"https:\/\/www.nokiankylat.fi\/taivalkunta\/wp-json\/wp\/v2\/media?parent=1589"}],"curies":[{"name":"wp","href":"https:\/\/api.w.org\/{rel}","templated":true}]}}