{"id":1628,"date":"2016-10-06T08:41:44","date_gmt":"2016-10-06T05:41:44","guid":{"rendered":"http:\/\/www.nokiankylat.fi\/taivalkunta\/?page_id=1628"},"modified":"2016-10-06T17:54:02","modified_gmt":"2016-10-06T14:54:02","slug":"taivalkunta-tarinaa-radio-musassa","status":"publish","type":"page","link":"https:\/\/www.nokiankylat.fi\/taivalkunta\/yhdistykset\/taivalkunnan-kylat-ry\/kylayhdistyksen-arkisto\/taivalkunta-tarinaa-radio-musassa\/","title":{"rendered":"Taivalkunta-tarinaa Radio Musassa"},"content":{"rendered":"<p>Taivalkunta-juttu tuli t\u00e4n\u00e4\u00e4n 6.10.2016 aamukahveilla. Uudelleen se tulee huomenna klo 14 j\u00e4lkeen ja viel\u00e4 lauantaina klo 15.<\/p>\n<p>Jutun voi kuunnella my\u00f6s t\u00e4\u00e4lt\u00e4 mediasoittimesta.<\/p>\n<audio class=\"wp-audio-shortcode\" id=\"audio-1628-1\" preload=\"none\" style=\"width: 100%;\" controls=\"controls\"><source type=\"audio\/mpeg\" src=\"https:\/\/www.nokiankylat.fi\/taivalkunta\/wp-content\/uploads\/sites\/11\/2016\/10\/taivalkuntakevyt.mp3?_=1\" \/><a href=\"https:\/\/www.nokiankylat.fi\/taivalkunta\/wp-content\/uploads\/sites\/11\/2016\/10\/taivalkuntakevyt.mp3\">https:\/\/www.nokiankylat.fi\/taivalkunta\/wp-content\/uploads\/sites\/11\/2016\/10\/taivalkuntakevyt.mp3<\/a><\/audio>\n","protected":false},"excerpt":{"rendered":"<p>Taivalkunta-juttu tuli t\u00e4n\u00e4\u00e4n 6.10.2016 aamukahveilla. Uudelleen se tulee huomenna klo 14 j\u00e4lkeen ja viel\u00e4 lauantaina klo 15. Jutun voi kuunnella my\u00f6s t\u00e4\u00e4lt\u00e4 mediasoittimesta.<\/p>\n","protected":false},"author":4,"featured_media":0,"parent":186,"menu_order":0,"comment_status":"closed","ping_status":"closed","template":"","meta":{"_acf_changed":false,"footnotes":""},"class_list":["post-1628","page","type-page","status-publish","hentry"],"acf":[],"_links":{"self":[{"href":"https:\/\/www.nokiankylat.fi\/taivalkunta\/wp-json\/wp\/v2\/pages\/1628","targetHints":{"allow":["GET"]}}],"collection":[{"href":"https:\/\/www.nokiankylat.fi\/taivalkunta\/wp-json\/wp\/v2\/pages"}],"about":[{"href":"https:\/\/www.nokiankylat.fi\/taivalkunta\/wp-json\/wp\/v2\/types\/page"}],"author":[{"embeddable":true,"href":"https:\/\/www.nokiankylat.fi\/taivalkunta\/wp-json\/wp\/v2\/users\/4"}],"replies":[{"embeddable":true,"href":"https:\/\/www.nokiankylat.fi\/taivalkunta\/wp-json\/wp\/v2\/comments?post=1628"}],"version-history":[{"count":5,"href":"https:\/\/www.nokiankylat.fi\/taivalkunta\/wp-json\/wp\/v2\/pages\/1628\/revisions"}],"predecessor-version":[{"id":2199,"href":"https:\/\/www.nokiankylat.fi\/taivalkunta\/wp-json\/wp\/v2\/pages\/1628\/revisions\/2199"}],"up":[{"embeddable":true,"href":"https:\/\/www.nokiankylat.fi\/taivalkunta\/wp-json\/wp\/v2\/pages\/186"}],"wp:attachment":[{"href":"https:\/\/www.nokiankylat.fi\/taivalkunta\/wp-json\/wp\/v2\/media?parent=1628"}],"curies":[{"name":"wp","href":"https:\/\/api.w.org\/{rel}","templated":true}]}}