{"id":1640,"date":"2016-10-07T20:29:50","date_gmt":"2016-10-07T17:29:50","guid":{"rendered":"http:\/\/www.nokiankylat.fi\/taivalkunta\/?page_id=1640"},"modified":"2016-10-07T20:30:02","modified_gmt":"2016-10-07T17:30:02","slug":"kylakirje-7-10-2016","status":"publish","type":"page","link":"https:\/\/www.nokiankylat.fi\/taivalkunta\/yhdistykset\/taivalkunnan-kylat-ry\/kylayhdistyksen-arkisto\/kylakirjeet\/kylakirjeet-2016\/kylakirje-7-10-2016\/","title":{"rendered":"Kyl\u00e4kirje 7-10-2016"},"content":{"rendered":"<p>&nbsp;<\/p>\n<p>Maanantaina 10.10 on kaikille kyl\u00e4l\u00e4isille ja muillekin asiasta kiinnostuneille turvallisuusilta Taivalkunnan koululla kello 18.30. Liitteen\u00e4 on kutsu\u00a0<a href=\"https:\/\/www.nokiankylat.fi\/taivalkunta\/wp-content\/uploads\/sites\/11\/2016\/09\/KUTSU-TURVALLISUUS-ILTAAN-10-10-2016.pdf\">kutsu-turvallisuus-iltaan-10-10-2016<\/a> . Tilaisuus on tarkoitettu ja soveltuu mainiosti kaiken ik\u00e4isille. Turvallisuus on osa arjen jokap\u00e4iv\u00e4ist\u00e4 el\u00e4m\u00e4\u00e4.<\/p>\n<p>Nokian kaupunki on tehnyt palveluverkkoselvityksen ja se l\u00f6ytyy kaupungin sivuilta osoitteesta <a href=\"http:\/\/www.nokiankaupunki.fi\/palvelut\/kasvatus_ja_opetus\/kouluverkkoselvitys\/\">http:\/\/www.nokiankaupunki.fi\/palvelut\/kasvatus_ja_opetus\/kouluverkkoselvitys<\/a><a href=\"http:\/\/www.nokiankaupunki.fi\/palvelut\/kasvatus_ja_opetus\/kouluverkkoselvitys\/\">\/<\/a><\/p>\n<p>Selvityksess\u00e4 \u201dhy\u00f6k\u00e4t\u00e4\u00e4n\u201d kyl\u00e4kouluja vastaan. Ole aktiivinen ja k\u00e4y antamassa kommentit ja huomioon otettavat ehdotukset 18.10 menness\u00e4. Palautelomake l\u00f6ytyy my\u00f6s samalta sivustolta.<\/p>\n<p>Kyl\u00e4yhdistys ajaa pontevasti tietoliikenteen kuituverkkoa kyl\u00e4lle. Jos olet kiinnostunut mahdollisesta liittymisest\u00e4, niin laita yhteystietosi minulle, niin saamme kunnon tarjouksen operaattorilta. Asia ei sido sinua t\u00e4ss\u00e4 vaiheessa mihink\u00e4\u00e4n, kun ei toistaiseksi ole kustannuksistakaan tietoa. Nimilistan laitan ensi tiistaina 11.10.2016 operaattorille ja mahdollinen verkon rakentaminen alkaa ensi kev\u00e4\u00e4n\u00e4 s\u00e4hk\u00f6laitoksen verkon maakaapelointien yhteydess\u00e4. (Eltel ja Elisa tekev\u00e4t suunnitelmansa valmiiksi t\u00e4m\u00e4n vuoden loppuun menness\u00e4)<\/p>\n<p>Paikallisradio Musassa on juttua Taivalkunnasta ja kyl\u00e4yhdistyksest\u00e4. Juttu on l\u00e4hetetty torstaina aamukahveilla ja perjantaina klo 14 j\u00e4lkeen sek\u00e4 tulee viel\u00e4 lauantaina 8.10.2016 klo 15 j\u00e4lkeen. Jutun voin kuunnella my\u00f6s kyl\u00e4mme sivuilta <a href=\"https:\/\/www.nokiankylat.fi\/taivalkunta\/2016\/10\/06\/taivalkunnan-kylat-radiovieraana\/\">https:\/\/www.nokiankylat.fi\/taivalkunta\/2016\/10\/06\/taivalkunnan-kylat-radiovieraana\/<\/a> Tutustu my\u00f6s muihin sivuillamme oleviin uutisiin ja tietoihin.<\/p>\n<p>Taivalkunnan kyl\u00e4t ry<\/p>\n<ol>\n<li>Olli Sorva<\/li>\n<\/ol>\n","protected":false},"excerpt":{"rendered":"<p>&nbsp; Maanantaina 10.10 on kaikille kyl\u00e4l\u00e4isille ja muillekin asiasta kiinnostuneille turvallisuusilta Taivalkunnan koululla kello 18.30. Liitteen\u00e4 on kutsu\u00a0kutsu-turvallisuus-iltaan-10-10-2016 . Tilaisuus on tarkoitettu ja soveltuu mainiosti kaiken ik\u00e4isille. Turvallisuus on osa arjen jokap\u00e4iv\u00e4ist\u00e4 el\u00e4m\u00e4\u00e4. Nokian kaupunki on tehnyt palveluverkkoselvityksen ja se l\u00f6ytyy kaupungin sivuilta osoitteesta http:\/\/www.nokiankaupunki.fi\/palvelut\/kasvatus_ja_opetus\/kouluverkkoselvitys\/ Selvityksess\u00e4 \u201dhy\u00f6k\u00e4t\u00e4\u00e4n\u201d kyl\u00e4kouluja vastaan. Ole aktiivinen ja k\u00e4y antamassa kommentit &hellip; <a href=\"https:\/\/www.nokiankylat.fi\/taivalkunta\/yhdistykset\/taivalkunnan-kylat-ry\/kylayhdistyksen-arkisto\/kylakirjeet\/kylakirjeet-2016\/kylakirje-7-10-2016\/\">Jatkuu<\/a><\/p>\n","protected":false},"author":4,"featured_media":0,"parent":184,"menu_order":0,"comment_status":"closed","ping_status":"closed","template":"","meta":{"_acf_changed":false,"footnotes":""},"class_list":["post-1640","page","type-page","status-publish","hentry"],"acf":[],"_links":{"self":[{"href":"https:\/\/www.nokiankylat.fi\/taivalkunta\/wp-json\/wp\/v2\/pages\/1640","targetHints":{"allow":["GET"]}}],"collection":[{"href":"https:\/\/www.nokiankylat.fi\/taivalkunta\/wp-json\/wp\/v2\/pages"}],"about":[{"href":"https:\/\/www.nokiankylat.fi\/taivalkunta\/wp-json\/wp\/v2\/types\/page"}],"author":[{"embeddable":true,"href":"https:\/\/www.nokiankylat.fi\/taivalkunta\/wp-json\/wp\/v2\/users\/4"}],"replies":[{"embeddable":true,"href":"https:\/\/www.nokiankylat.fi\/taivalkunta\/wp-json\/wp\/v2\/comments?post=1640"}],"version-history":[{"count":1,"href":"https:\/\/www.nokiankylat.fi\/taivalkunta\/wp-json\/wp\/v2\/pages\/1640\/revisions"}],"predecessor-version":[{"id":1641,"href":"https:\/\/www.nokiankylat.fi\/taivalkunta\/wp-json\/wp\/v2\/pages\/1640\/revisions\/1641"}],"up":[{"embeddable":true,"href":"https:\/\/www.nokiankylat.fi\/taivalkunta\/wp-json\/wp\/v2\/pages\/184"}],"wp:attachment":[{"href":"https:\/\/www.nokiankylat.fi\/taivalkunta\/wp-json\/wp\/v2\/media?parent=1640"}],"curies":[{"name":"wp","href":"https:\/\/api.w.org\/{rel}","templated":true}]}}