{"id":1643,"date":"2016-10-10T14:53:58","date_gmt":"2016-10-10T11:53:58","guid":{"rendered":"http:\/\/www.nokiankylat.fi\/taivalkunta\/?page_id=1643"},"modified":"2016-10-10T14:56:16","modified_gmt":"2016-10-10T11:56:16","slug":"turvallisuussuunnitelma","status":"publish","type":"page","link":"https:\/\/www.nokiankylat.fi\/taivalkunta\/yhdistykset\/taivalkunnan-kylat-ry\/turvallisuussuunnitelma\/","title":{"rendered":"Turvallisuussuunnitelma"},"content":{"rendered":"<p>Taivalkunnan kyl\u00e4yhdistys on laatinut kyl\u00e4lle turvallisuussuunnitelman. Kaikilla kyl\u00e4l\u00e4isill\u00e4 on ollut mahdollisuus osallistua suunnitelman tekoon. Suunnitelmaa on tarkoitus p\u00e4ivitt\u00e4\u00e4 aina tilanteen mukaan ja turvallisuuteen kohdistuvat kiireellisimm\u00e4t asiat pit\u00e4\u00e4 aina etusijalla. Tutustu t\u00e4st\u00e4 linkist\u00e4 suunnitelmaan \u00a0<a href=\"https:\/\/www.nokiankylat.fi\/taivalkunta\/wp-content\/uploads\/sites\/11\/2016\/10\/TAIVALKUNNAN-KYL\u00c4N-TURVALLISUUSUUNNITELMA.pdf\">taivalkunnan-kylan-turvallisuusuunnitelma<\/a>\u00a0(8-sivuinen PDF-tiedosto avautuu uuteen ikkunaan).<\/p>\n","protected":false},"excerpt":{"rendered":"<p>Taivalkunnan kyl\u00e4yhdistys on laatinut kyl\u00e4lle turvallisuussuunnitelman. Kaikilla kyl\u00e4l\u00e4isill\u00e4 on ollut mahdollisuus osallistua suunnitelman tekoon. Suunnitelmaa on tarkoitus p\u00e4ivitt\u00e4\u00e4 aina tilanteen mukaan ja turvallisuuteen kohdistuvat kiireellisimm\u00e4t asiat pit\u00e4\u00e4 aina etusijalla. Tutustu t\u00e4st\u00e4 linkist\u00e4 suunnitelmaan \u00a0taivalkunnan-kylan-turvallisuusuunnitelma\u00a0(8-sivuinen PDF-tiedosto avautuu uuteen ikkunaan).<\/p>\n","protected":false},"author":4,"featured_media":0,"parent":43,"menu_order":0,"comment_status":"closed","ping_status":"closed","template":"","meta":{"_acf_changed":false,"footnotes":""},"class_list":["post-1643","page","type-page","status-publish","hentry"],"acf":[],"_links":{"self":[{"href":"https:\/\/www.nokiankylat.fi\/taivalkunta\/wp-json\/wp\/v2\/pages\/1643","targetHints":{"allow":["GET"]}}],"collection":[{"href":"https:\/\/www.nokiankylat.fi\/taivalkunta\/wp-json\/wp\/v2\/pages"}],"about":[{"href":"https:\/\/www.nokiankylat.fi\/taivalkunta\/wp-json\/wp\/v2\/types\/page"}],"author":[{"embeddable":true,"href":"https:\/\/www.nokiankylat.fi\/taivalkunta\/wp-json\/wp\/v2\/users\/4"}],"replies":[{"embeddable":true,"href":"https:\/\/www.nokiankylat.fi\/taivalkunta\/wp-json\/wp\/v2\/comments?post=1643"}],"version-history":[{"count":2,"href":"https:\/\/www.nokiankylat.fi\/taivalkunta\/wp-json\/wp\/v2\/pages\/1643\/revisions"}],"predecessor-version":[{"id":1646,"href":"https:\/\/www.nokiankylat.fi\/taivalkunta\/wp-json\/wp\/v2\/pages\/1643\/revisions\/1646"}],"up":[{"embeddable":true,"href":"https:\/\/www.nokiankylat.fi\/taivalkunta\/wp-json\/wp\/v2\/pages\/43"}],"wp:attachment":[{"href":"https:\/\/www.nokiankylat.fi\/taivalkunta\/wp-json\/wp\/v2\/media?parent=1643"}],"curies":[{"name":"wp","href":"https:\/\/api.w.org\/{rel}","templated":true}]}}