{"id":1660,"date":"2016-10-11T19:10:16","date_gmt":"2016-10-11T16:10:16","guid":{"rendered":"http:\/\/www.nokiankylat.fi\/taivalkunta\/?page_id=1660"},"modified":"2016-11-15T18:49:06","modified_gmt":"2016-11-15T16:49:06","slug":"kylailta-10-10-2016","status":"publish","type":"page","link":"https:\/\/www.nokiankylat.fi\/taivalkunta\/yhdistykset\/taivalkunnan-kylat-ry\/kokoukset-ja-kylaillat\/kylailta-10-10-2016\/","title":{"rendered":"Kyl\u00e4ilta 10-10-2016"},"content":{"rendered":"<p>Kyl\u00e4n turvallisuussuunnitelma julkaistiin. Illan diasarja on PDF-tiedostona sis\u00e4lt\u00e4en 13 diaa.\u00a0<a href=\"https:\/\/www.nokiankylat.fi\/taivalkunta\/wp-content\/uploads\/sites\/11\/2016\/10\/KYL\u00c4ILLAN-10-10-2016-ESITYS_KYL\u00c4YHDISTYS.pdf\">kylaillan-10-10-2016-esitys_kylayhdistys<\/a><\/p>\n","protected":false},"excerpt":{"rendered":"<p>Kyl\u00e4n turvallisuussuunnitelma julkaistiin. Illan diasarja on PDF-tiedostona sis\u00e4lt\u00e4en 13 diaa.\u00a0kylaillan-10-10-2016-esitys_kylayhdistys<\/p>\n","protected":false},"author":4,"featured_media":0,"parent":1034,"menu_order":0,"comment_status":"closed","ping_status":"closed","template":"","meta":{"_acf_changed":false,"footnotes":""},"class_list":["post-1660","page","type-page","status-publish","hentry"],"acf":[],"_links":{"self":[{"href":"https:\/\/www.nokiankylat.fi\/taivalkunta\/wp-json\/wp\/v2\/pages\/1660","targetHints":{"allow":["GET"]}}],"collection":[{"href":"https:\/\/www.nokiankylat.fi\/taivalkunta\/wp-json\/wp\/v2\/pages"}],"about":[{"href":"https:\/\/www.nokiankylat.fi\/taivalkunta\/wp-json\/wp\/v2\/types\/page"}],"author":[{"embeddable":true,"href":"https:\/\/www.nokiankylat.fi\/taivalkunta\/wp-json\/wp\/v2\/users\/4"}],"replies":[{"embeddable":true,"href":"https:\/\/www.nokiankylat.fi\/taivalkunta\/wp-json\/wp\/v2\/comments?post=1660"}],"version-history":[{"count":4,"href":"https:\/\/www.nokiankylat.fi\/taivalkunta\/wp-json\/wp\/v2\/pages\/1660\/revisions"}],"predecessor-version":[{"id":1718,"href":"https:\/\/www.nokiankylat.fi\/taivalkunta\/wp-json\/wp\/v2\/pages\/1660\/revisions\/1718"}],"up":[{"embeddable":true,"href":"https:\/\/www.nokiankylat.fi\/taivalkunta\/wp-json\/wp\/v2\/pages\/1034"}],"wp:attachment":[{"href":"https:\/\/www.nokiankylat.fi\/taivalkunta\/wp-json\/wp\/v2\/media?parent=1660"}],"curies":[{"name":"wp","href":"https:\/\/api.w.org\/{rel}","templated":true}]}}