{"id":1669,"date":"2016-10-17T19:30:46","date_gmt":"2016-10-17T16:30:46","guid":{"rendered":"http:\/\/www.nokiankylat.fi\/taivalkunta\/?page_id=1669"},"modified":"2016-10-18T19:39:01","modified_gmt":"2016-10-18T16:39:01","slug":"vetoomus-koulun-puolesta-17-10-2016","status":"publish","type":"page","link":"https:\/\/www.nokiankylat.fi\/taivalkunta\/yhdistykset\/taivalkunnan-kylat-ry\/kylayhdistyksen-arkisto\/vetoomus-koulun-puolesta-17-10-2016\/","title":{"rendered":"Vetoomus koulun puolesta 17-10-2016"},"content":{"rendered":"<p>Alla oleva vetoomus on toimitettu kaupunginjohtajalle, hallituksen puheenjohtajalle, lautakunnan puheenjohtajalle ja sivistysjohtajalle. Vetoomus on laitettu my\u00f6s kouluverkkoselvityksen\u00a0palautesivulle.<\/p>\n<p><strong>VETOOMUS TAIVALKUNNAN KOULUN S\u00c4ILYTT\u00c4MISEN PUOLESTA<\/strong><\/p>\n<p>Taivalkunnan koulu on rakennettu vuonna 1922 lahjatontille. Koulussa on 2,5-metrinen graniittikivijalka ja runko on hirtt\u00e4. Rakennuksessa ei ole home-ja sis\u00e4ilmaongelmia. Koulu on erinomaisessa kunnossa, kuten voimme todeta vuoden 2015 kouluverkkoselvityksest\u00e4 (taulukko 29). Kuntoluokka oli silloin 78 % ja t\u00e4m\u00e4n selvityksen j\u00e4lkeen koulussa on viel\u00e4 tehty ikkunaremontti. Uudessa kouluverkkoselvityksess\u00e4 on koulun kunto m\u00e4\u00e4ritetty virheellisesti tyydytt\u00e4v\u00e4ksi. Selvityksess\u00e4 ei ole lainkaan otettu huomioon 2000-luvulla tehtyj\u00e4 kattavia sis\u00e4- ja ulkoremontteja.<\/p>\n<p>Koulua on hyvin yll\u00e4pidetty ja remontoitu viime vuosina. Koulu on erinomaisessa kunnossa. \u00a0Vuoden 2015 selvityksen mukaan vuosittaiset kiinteist\u00f6kulut ovat 58\u00a0000 euroa, joka on 5,85e\/neli\u00f6\/kk. Nokian koulujen keskiarvo on 6,26e\/neli\u00f6\/kk. Vuoteen 2022 menness\u00e4 v\u00e4litt\u00f6mi\u00e4 investointitarpeita ei mielest\u00e4mme ole.<\/p>\n<p>Kouluverkkoselvityksess\u00e4 oli tarkoitus tehd\u00e4 palveluverkkoselvitys tulevaisuuden tarpeisiin. Esityksess\u00e4 ei kuitenkaan ole otettu huomioon Kohmalan aluetta, jonka kaavoitus on jo aloitettu. Alueelle on suunniteltu 1000 asukkaan asuinalue. T\u00e4m\u00e4 luonnollisesti aiheuttaa suurta painetta Etel\u00e4-Nokian kouluille. Lis\u00e4ksi kaupunginhallituksen kaavoitusjaosto on 12.10.2016 hyv\u00e4ksynyt Nokian kaupungin maapoliittisen ohjelman, joka ohjaa haja-asutusalueiden rakentamista jo olemassa olevien kylien yhteyteen. N\u00e4iden kaupungin jo tekemien p\u00e4\u00e4t\u00f6sten perusteella tulee todenn\u00e4k\u00f6isesti Taivalkunnan koulun oppilasennuste olemaan suurempi kuin selvityksess\u00e4 on esitetty. T\u00e4m\u00e4n hetken oppilasennusteen perusteella ei siis voi tehd\u00e4 kouluverkkoon liityvi\u00e4 p\u00e4\u00e4t\u00f6ksi\u00e4, vaan asiaan voidaan palata vasta kun n\u00e4hd\u00e4\u00e4n, em. toimien vaikutus Taivalkunnan kyl\u00e4n lapsien lukum\u00e4\u00e4r\u00e4\u00e4n.<\/p>\n<p>Palveluverkkoselvityksess\u00e4 esitet\u00e4\u00e4n mahdollisuutta yhdist\u00e4\u00e4 Taivalkunnan koulu Nokian kouluun. Esityksen perusteella henkil\u00f6st\u00f6kuluissa ei syntyisi s\u00e4\u00e4st\u00f6\u00e4, vaan p\u00e4invastoin esityksen s. 64 taulukon perusteella opettajien kokonaism\u00e4\u00e4r\u00e4 kasvaisi nykyiseen kouluverkkoon verrattuna, mik\u00e4li Taivalkunnan ja Vahalahden oppilaat siirrett\u00e4isiin Nokian kouluun. Esityksen mukaan yhdistetyss\u00e4 koulussa lv.19-20 olisi 18 opettajaa, kun erill\u00e4\u00e4n olevissa kouluissa opettajia olisi yhteens\u00e4 16.<\/p>\n<p>Sivistysjohtaja kertoi kuntalaisillassa, ett\u00e4 Nokian koulun tiloihin voisi mahdollisesti rakentaa 3 luokkatilaa. N\u00e4iss\u00e4 tiloissa toimii t\u00e4ll\u00e4 hetkell\u00e4 Pirkan opisto.\u00a0 Onko selvityksess\u00e4 huomioitu mit\u00e4 maksaisi n\u00e4iden uusien luokkien tekeminen sek\u00e4 mit\u00e4 maksaisi uusien tilojen hankkiminen sek\u00e4 niiden remontoiminen Pirkan opiston tarpeisiin sopiviksi.<\/p>\n<p>Taivalkunnan koulu toimii lahjoitustontilla ja jos koulun toiminta lakkaa, tontti siirtyy lahjoittajalle. Selvityksess\u00e4 mainittua kertaluonteista myyntituloa koulukiinteist\u00f6st\u00e4 kaupungin lienee mahdotonta saada olemassa olevien asiakirjojen perusteella.<\/p>\n<p>N\u00e4iden edell\u00e4 mainittujen asioiden perusteella voidaankin todeta, ett\u00e4 mit\u00e4\u00e4n taloudellista edellytyksi\u00e4 Taivalkunnan koulun yhdist\u00e4miseen Nokian kouluun ei mielest\u00e4mme ole.<\/p>\n<p>Uusi opetussuunnitelma korostaa yhteis\u00f6llisyytt\u00e4, joka pieness\u00e4 koulussa toteutuu luonnostaan, kun oppilaat toimivat yli luokkarajojen. Taivalkunnan koulussa on jo aiemminkin ollut t\u00e4rke\u00e4n\u00e4 toimintatapana oppilaan osallistaminen, jota uusi opetussuunnitelma korostaa. T\u00e4m\u00e4 korostuu etenkin yritt\u00e4jyystoiminnassa. Yritt\u00e4jyyskoulu on saanut sek\u00e4 kansallista- ett\u00e4 kansainv\u00e4list\u00e4kin huomiota. Edellinen rehtori Kari Haikonen k\u00e4vi pyynn\u00f6st\u00e4 Tanskassa esittelem\u00e4ss\u00e4 Taivalkunnan yritt\u00e4jyyskoulua. \u00a0Kantri ry palkitsi Taivalkunnan yritt\u00e4jyyskoulun vuoden hankkeena 2011.\u00a0 Yritt\u00e4jyyskoulun saavutuksia ovat my\u00f6s kaksi per\u00e4kk\u00e4ist\u00e4 (2012 ja 2015) yleis\u00f6\u00e4\u00e4nestyksell\u00e4 tullutta voittoa Nokian messujen parhaana messuosastona.<\/p>\n<p>Opetussuunnitelma korostaa my\u00f6s yhteisty\u00f6t\u00e4 l\u00e4hiymp\u00e4rist\u00f6n toimijoiden kanssa. T\u00e4m\u00e4kin on olennainen osa Taivalkunnan koulun toimintaa. Koululla on useita yrityskummeja, joista osa on kutsunut oppilaita yritysvierailuille tai k\u00e4ynyt koululla esittelem\u00e4ss\u00e4 yrityst\u00e4\u00e4n ja ammattiaan.<\/p>\n<p>Yksi yrityskummeista on River Golf. River Golfin ja Taivalkunnan koulun hedelm\u00e4llisen yhteisty\u00f6n seurauksena Taivalkunnan koulusta muodostui Suomen ensimm\u00e4inen Golfkoulu. My\u00f6s Golfkoulu on saanut osakseen kansallista huomiota. Koulu on Suomen ensimm\u00e4inen golfkoulu, jonka Golfliitto palkitsi vuonna 2012 vuoden golftekona.<\/p>\n<p>Taivalkunnan koulu on kaupungin\u00a0<u>ainoa<\/u>\u00a0l\u00e4hipalvelu ja siten suuri merkitys koko Taivalkunnan kyl\u00e4n asukkaille. Koulun piha on kyl\u00e4n lapsien ainoa yhteinen leikki- ja liikuntapaikka. Koulukiinteist\u00f6 on my\u00f6s kyl\u00e4l\u00e4isten ainoa mahdollinen kokoontumis- ja harrastuspaikka.<\/p>\n<p>Toivomme, ett\u00e4 Taivalkunnan lapset saavat edelleen k\u00e4yd\u00e4 koulua turvallisesti l\u00e4hell\u00e4 olevassa omassa koulussaan ja jatkaa opettajien kanssa ansiokasta ja mainetta ker\u00e4\u00e4v\u00e4\u00e4 yritt\u00e4jyys- sek\u00e4 golfkoulu-toimintaa.<\/p>\n<p>Her\u00e4\u00e4kin kysymys, olisiko Nokian kaupungin imagolla varaa luopua t\u00e4llaisesta positiivisen maineen luojasta?<\/p>\n<p>Tervetuloa tutustumaan koululle oppilaiden pit\u00e4m\u00e4\u00e4n Kyl\u00e4kahvilaan 25.11 tai 2.12 klo 12-13.30 sek\u00e4 vanhempien ja lasten yhdess\u00e4 j\u00e4rjest\u00e4mille Kaamosmarkkinoille 27.11. klo 13-15.<\/p>\n<p>Taivalkunnan koulun vanhempainyhdistys<\/p>\n<p>Katja Kallio, pj<\/p>\n<p>041 4425 494<\/p>\n<p>katja.kallio(at)tampere.fi<\/p>\n<p>&nbsp;<\/p>\n<p>Taivalkunnan kyl\u00e4t ry<\/p>\n<p>Olli Sorva, pj<\/p>\n<p>050 5603 808<\/p>\n<p><a href=\"mailto:olli.sorva@nokiansahkotalo.fi\">olli.sorva(at)nokiansahkotalo.fi<\/a><\/p>\n<p>&nbsp;<\/p>\n","protected":false},"excerpt":{"rendered":"<p>Alla oleva vetoomus on toimitettu kaupunginjohtajalle, hallituksen puheenjohtajalle, lautakunnan puheenjohtajalle ja sivistysjohtajalle. Vetoomus on laitettu my\u00f6s kouluverkkoselvityksen\u00a0palautesivulle. VETOOMUS TAIVALKUNNAN KOULUN S\u00c4ILYTT\u00c4MISEN PUOLESTA Taivalkunnan koulu on rakennettu vuonna 1922 lahjatontille. Koulussa on 2,5-metrinen graniittikivijalka ja runko on hirtt\u00e4. Rakennuksessa ei ole home-ja sis\u00e4ilmaongelmia. Koulu on erinomaisessa kunnossa, kuten voimme todeta vuoden 2015 kouluverkkoselvityksest\u00e4 (taulukko 29). Kuntoluokka &hellip; <a href=\"https:\/\/www.nokiankylat.fi\/taivalkunta\/yhdistykset\/taivalkunnan-kylat-ry\/kylayhdistyksen-arkisto\/vetoomus-koulun-puolesta-17-10-2016\/\">Jatkuu<\/a><\/p>\n","protected":false},"author":4,"featured_media":0,"parent":186,"menu_order":0,"comment_status":"closed","ping_status":"closed","template":"","meta":{"_acf_changed":false,"footnotes":""},"class_list":["post-1669","page","type-page","status-publish","hentry"],"acf":[],"_links":{"self":[{"href":"https:\/\/www.nokiankylat.fi\/taivalkunta\/wp-json\/wp\/v2\/pages\/1669","targetHints":{"allow":["GET"]}}],"collection":[{"href":"https:\/\/www.nokiankylat.fi\/taivalkunta\/wp-json\/wp\/v2\/pages"}],"about":[{"href":"https:\/\/www.nokiankylat.fi\/taivalkunta\/wp-json\/wp\/v2\/types\/page"}],"author":[{"embeddable":true,"href":"https:\/\/www.nokiankylat.fi\/taivalkunta\/wp-json\/wp\/v2\/users\/4"}],"replies":[{"embeddable":true,"href":"https:\/\/www.nokiankylat.fi\/taivalkunta\/wp-json\/wp\/v2\/comments?post=1669"}],"version-history":[{"count":2,"href":"https:\/\/www.nokiankylat.fi\/taivalkunta\/wp-json\/wp\/v2\/pages\/1669\/revisions"}],"predecessor-version":[{"id":1671,"href":"https:\/\/www.nokiankylat.fi\/taivalkunta\/wp-json\/wp\/v2\/pages\/1669\/revisions\/1671"}],"up":[{"embeddable":true,"href":"https:\/\/www.nokiankylat.fi\/taivalkunta\/wp-json\/wp\/v2\/pages\/186"}],"wp:attachment":[{"href":"https:\/\/www.nokiankylat.fi\/taivalkunta\/wp-json\/wp\/v2\/media?parent=1669"}],"curies":[{"name":"wp","href":"https:\/\/api.w.org\/{rel}","templated":true}]}}