{"id":1677,"date":"2016-10-24T19:13:59","date_gmt":"2016-10-24T16:13:59","guid":{"rendered":"http:\/\/www.nokiankylat.fi\/taivalkunta\/?page_id=1677"},"modified":"2016-10-24T19:14:41","modified_gmt":"2016-10-24T16:14:41","slug":"muistio-10-10-2016","status":"publish","type":"page","link":"https:\/\/www.nokiankylat.fi\/taivalkunta\/yhdistykset\/taivalkunnan-kylat-ry\/kokoukset-ja-kylaillat\/kylailta-10-10-2016\/muistio-10-10-2016\/","title":{"rendered":"Muistio 10-10-2016"},"content":{"rendered":"<p>Aika: 10.10.2016 kello 18.30<\/p>\n<p>Paikka: Kyl\u00e4n koulu<\/p>\n<p>L\u00e4sn\u00e4: 29 Henkil\u00f6\u00e4, joista on lista liitteen\u00e4.<\/p>\n<p>&nbsp;<\/p>\n<p>Olli Sorva toivotti kyl\u00e4yhdistyksen puolesta kyl\u00e4l\u00e4iset sek\u00e4 rehtori Marika Pajusen, Nokian kaupunginkehityspalvelut Lauri V\u00e4h\u00e4talon, kyl\u00e4asiamies Marja Vehn\u00e4maan ja Nokian Uutiset Nea Alasen tervetulleeksi kyl\u00e4iltaamme.<\/p>\n<p>Marika Pajunen julkaisi koululaisten \u201dKuka loistaa parhaiten\u201d ty\u00f6kilpailun voittajat. Nokian S\u00e4hk\u00f6talon lahjoittamat palkinnot saivat tyt\u00f6ist\u00e4 Neea Isom\u00e4ki 2lk ja pojista Niko Sorva 5lk.<\/p>\n<p>Lauri V\u00e4h\u00e4talo Nokian kaupungilta oli puhumassa varautumisasioista kunnan n\u00e4k\u00f6kulmasta ja kyl\u00e4st\u00e4 osana kuntaa.<\/p>\n<p>T\u00e4ss\u00e4 v\u00e4liss\u00e4 juotiin pullakahvit. Illan em\u00e4nt\u00e4n\u00e4 toimi kyl\u00e4yhdistyksen hallituksesta Elina J\u00e4rvinen.<\/p>\n<p>Marja Vehn\u00e4maa Pirkan kyl\u00e4t Ry:t\u00e4 puhui varautumisesta yksitt\u00e4isen ihmisen n\u00e4k\u00f6kulmasta. Mit\u00e4 olisi aina hyv\u00e4 olla kotona ja miten yll\u00e4tt\u00e4viin tilanteisiin kannattaisi varautua.<\/p>\n<p>Olli Sorva Taivalkunnan kyl\u00e4t ry:st\u00e4 julkaisi kyl\u00e4n turvallisuussuunnitelman ja k\u00e4vi l\u00e4pi 13-osaisen diaesityksen ja puhui viihtyvyydest\u00e4 osana turvallisuutta. Suunnitelma l\u00f6ytyy netist\u00e4 kyl\u00e4yhdistyksen sivulta ja koko diaesitys on my\u00f6s n\u00e4ht\u00e4viss\u00e4 &#8221;Kokoukset ja kyl\u00e4illat&#8221;-osiossa.<\/p>\n<p>Illan aikana k\u00e4ytiin vilkasta ja rakentavaa keskustelua turvallisuusasioista.<\/p>\n<p>Olli kiitti kaikkia osallistujia kiinnostuksesta ja aktiivisuudesta sek\u00e4 toivotti turvallista kotimatkaa.<\/p>\n<p>&nbsp;<\/p>\n<p>Muistion laati Olli Sorva<\/p>\n","protected":false},"excerpt":{"rendered":"<p>Aika: 10.10.2016 kello 18.30 Paikka: Kyl\u00e4n koulu L\u00e4sn\u00e4: 29 Henkil\u00f6\u00e4, joista on lista liitteen\u00e4. &nbsp; Olli Sorva toivotti kyl\u00e4yhdistyksen puolesta kyl\u00e4l\u00e4iset sek\u00e4 rehtori Marika Pajusen, Nokian kaupunginkehityspalvelut Lauri V\u00e4h\u00e4talon, kyl\u00e4asiamies Marja Vehn\u00e4maan ja Nokian Uutiset Nea Alasen tervetulleeksi kyl\u00e4iltaamme. Marika Pajunen julkaisi koululaisten \u201dKuka loistaa parhaiten\u201d ty\u00f6kilpailun voittajat. Nokian S\u00e4hk\u00f6talon lahjoittamat palkinnot saivat tyt\u00f6ist\u00e4 Neea &hellip; <a href=\"https:\/\/www.nokiankylat.fi\/taivalkunta\/yhdistykset\/taivalkunnan-kylat-ry\/kokoukset-ja-kylaillat\/kylailta-10-10-2016\/muistio-10-10-2016\/\">Jatkuu<\/a><\/p>\n","protected":false},"author":4,"featured_media":0,"parent":1660,"menu_order":0,"comment_status":"closed","ping_status":"closed","template":"","meta":{"_acf_changed":false,"footnotes":""},"class_list":["post-1677","page","type-page","status-publish","hentry"],"acf":[],"_links":{"self":[{"href":"https:\/\/www.nokiankylat.fi\/taivalkunta\/wp-json\/wp\/v2\/pages\/1677","targetHints":{"allow":["GET"]}}],"collection":[{"href":"https:\/\/www.nokiankylat.fi\/taivalkunta\/wp-json\/wp\/v2\/pages"}],"about":[{"href":"https:\/\/www.nokiankylat.fi\/taivalkunta\/wp-json\/wp\/v2\/types\/page"}],"author":[{"embeddable":true,"href":"https:\/\/www.nokiankylat.fi\/taivalkunta\/wp-json\/wp\/v2\/users\/4"}],"replies":[{"embeddable":true,"href":"https:\/\/www.nokiankylat.fi\/taivalkunta\/wp-json\/wp\/v2\/comments?post=1677"}],"version-history":[{"count":1,"href":"https:\/\/www.nokiankylat.fi\/taivalkunta\/wp-json\/wp\/v2\/pages\/1677\/revisions"}],"predecessor-version":[{"id":1678,"href":"https:\/\/www.nokiankylat.fi\/taivalkunta\/wp-json\/wp\/v2\/pages\/1677\/revisions\/1678"}],"up":[{"embeddable":true,"href":"https:\/\/www.nokiankylat.fi\/taivalkunta\/wp-json\/wp\/v2\/pages\/1660"}],"wp:attachment":[{"href":"https:\/\/www.nokiankylat.fi\/taivalkunta\/wp-json\/wp\/v2\/media?parent=1677"}],"curies":[{"name":"wp","href":"https:\/\/api.w.org\/{rel}","templated":true}]}}