{"id":1692,"date":"2016-11-11T19:54:22","date_gmt":"2016-11-11T17:54:22","guid":{"rendered":"http:\/\/www.nokiankylat.fi\/taivalkunta\/?page_id=1692"},"modified":"2018-04-07T12:36:36","modified_gmt":"2018-04-07T09:36:36","slug":"kylayhdistyksen-toimintasuunnitelma-vuodelle-2017","status":"publish","type":"page","link":"https:\/\/www.nokiankylat.fi\/taivalkunta\/yhdistykset\/taivalkunnan-kylat-ry\/kylayhdistyksen-arkisto\/kylayhdistyksen-toimintasuunnitelma-vuodelle-2017\/","title":{"rendered":"Kyl\u00e4yhdistyksen toimintasuunnitelma vuodelle 2017"},"content":{"rendered":"<h2><strong>Taivalkunnan Kyl\u00e4t ry toimintasuunnitelma vuodelle 2017<\/strong><\/h2>\n<p>Yhdistyksen tarkoituksena on toimia Taivalkunnan asukkaiden ja yhteis\u00f6jen yhteisty\u00f6elimen\u00e4 pyrkimyksiss\u00e4 parantaa kyl\u00e4n alueella vakituisesti tai vapaa-aikanaan asuvien ihmisten hyvinvointia sek\u00e4 kannustaa asukkaita yhteistoimintaan kotiseutunsa kehitt\u00e4miseksi.<\/p>\n<p>Toimintakauden aikana pidet\u00e4\u00e4n s\u00e4\u00e4nt\u00f6m\u00e4\u00e4r\u00e4inen kev\u00e4t- ja syyskokous sek\u00e4 hallituksen kokouksia aiemmin mainitun p\u00e4\u00e4m\u00e4\u00e4r\u00e4n saavuttamiseksi.<\/p>\n<p>Seurataan aktiivisesti paikallista haja-asutusaluerakentamista sek\u00e4 vesi- ja viem\u00e4riasioita. Samoin seurataan s\u00e4hk\u00f6- ja televerkon etenemist\u00e4 toimivan nettiyhteyden saamiseksi sek\u00e4 kevyenliikenteen v\u00e4yl\u00e4n suunnittelua v\u00e4lill\u00e4 Ristiver\u00e4j\u00e4 &#8211; Pihtikorventien risteys. Tarvittaessa ollaan my\u00f6s aktiivisia toimimaan.<\/p>\n<p>Kauden 2017 aikana tuotetaan Taivalkunnan Kyl\u00e4t ry:n nettisivuille ajantasaista sis\u00e4lt\u00f6\u00e4 sek\u00e4 siirret\u00e4\u00e4n olemassa olevaa aineistoa sinne. Jatketaan sivuston s\u00e4\u00e4nn\u00f6llist\u00e4 markkinointia saaden se kyl\u00e4l\u00e4isille viel\u00e4 entist\u00e4 enemm\u00e4n tutuksi. Tiedotetaan ajankohtaisista asioista my\u00f6s kyl\u00e4n ilmoitustauluilla, paikallisessa lehdess\u00e4, facebookissa sek\u00e4 s\u00e4hk\u00f6postilla. Lis\u00e4t\u00e4\u00e4n muutakin tiedotusta ja jaetaan tiedotteita kyl\u00e4ll\u00e4 asuvien postilaatikkoihin.<\/p>\n<p>Kaudella 2017 yll\u00e4pidet\u00e4\u00e4n nettisivuilla Taivalkunnan Palvelut \u2013 luetteloa.\u00a0 Kyl\u00e4ll\u00e4 sijaitsevat yritykset sek\u00e4 asuvat yritt\u00e4j\u00e4t ja palveluntuottajat saavat siihen yhteystietonsa ja kuvauksen palveluistaan veloituksetta. Luettelossa on esill\u00e4 my\u00f6s kyl\u00e4ll\u00e4 olevat yhdistykset ja j\u00e4rjest\u00f6t toimintakuvauksineen.<\/p>\n<p>Kev\u00e4\u00e4ll\u00e4 2017 j\u00e4rjestet\u00e4\u00e4n yhdess\u00e4 muiden Taivalkunnassa toimivien yhdistysten kanssa Kyl\u00e4n Kev\u00e4tkarkelot. Huhtikuussa 2017 kutsutaan koolle kyl\u00e4ll\u00e4 toimivat muut yhdistykset Kev\u00e4tkarkeloiden suunnittelupalaveriin. Jo perinteeksi muodostuneet Kev\u00e4tkarkelot tulevat olemaan j\u00e4rjestyksess\u00e4\u00e4n jo seitsem\u00e4nnet.<\/p>\n<p>Kev\u00e4ttalvella 2017 j\u00e4rjestet\u00e4\u00e4n s\u00e4\u00e4varauksella Talvi-rieha Jutkulan m\u00e4ess\u00e4 (River-kent\u00e4n v\u00e4yl\u00e4 15). Talvi-riehan ajankohta sovitaan my\u00f6hemmin s\u00e4\u00e4n mukaan parhaaseen mahdolliseen ajankohtaan. Talvi-riehan iltana pidet\u00e4\u00e4n s\u00e4\u00e4varauksella my\u00f6skin aikuiset vastaan lapset j\u00e4\u00e4kiekko-ottelu kyl\u00e4n j\u00e4\u00e4kiekkokaukalossa. Talvi-riehan j\u00e4rjest\u00e4miseen pyydet\u00e4\u00e4n mukaan kaikki muutkin halukkaat kyl\u00e4ll\u00e4 toimivat yhdistykset.<\/p>\n<p>Taivalkunnan alakoulun sek\u00e4 Em\u00e4kosken- ja Nokian virran yl\u00e4koulujen kev\u00e4tjuhlissa 2017 lahjoitetaan Taivalkunnan Kyl\u00e4t ry stipendit. Em\u00e4kosken- ja Nokian virran yl\u00e4kouluilla 50eur stipendit saavat parhaat l\u00e4htev\u00e4t taivalkuntalaiset oppilaat ja Taivalkunnan alakoululle annetaan kaksi \u00e1 30eur stipendi\u00e4, joiden jakoperuste p\u00e4\u00e4tet\u00e4\u00e4n yhdess\u00e4 koulun rehtorin kanssa kev\u00e4\u00e4ll\u00e4. Taivalkunnan yritt\u00e4j\u00e4koulu-hankkeen n\u00e4kyvyytt\u00e4 pidet\u00e4\u00e4n yll\u00e4 j\u00e4lleen toimintakauden 2017 aikana.<\/p>\n<p>Taivalkunnan Kyl\u00e4t ry j\u00e4senrekisteriin aktivoidaan uusia j\u00e4seni\u00e4 ja laajennetaan tiedottamiseen k\u00e4ytett\u00e4v\u00e4\u00e4 s\u00e4hk\u00f6postilistaa. Kaudella 2017 ker\u00e4t\u00e4\u00e4n j\u00e4senmaksua 5euroa\/j\u00e4sen. Erillist\u00e4 liittymismaksua ei perit\u00e4. Samastakin taloudesta toivotaan useampia j\u00e4seni\u00e4.<\/p>\n<p>Toimintakauden 2017 aikana pidet\u00e4\u00e4n mieless\u00e4 Kyl\u00e4n turvallisuussuunnitelmasta esille nousseita ehdotuksia ja ideoita. Pyrit\u00e4\u00e4n saamaan jotakin ohjattua liikunnallista toimintaa koululla j\u00e4rjestett\u00e4v\u00e4ksi.<\/p>\n<p>Joulukuulla 2017 j\u00e4rjestet\u00e4\u00e4n Taivalkunnan koululla joululauluilta aiempien vuosien tapaan.<\/p>\n<p>Toimintakauden 2017 aikana huomioidaan Juhlavuosi Suomi 100 vuotta j\u00e4rjest\u00e4m\u00e4ll\u00e4 kyl\u00e4ll\u00e4 jotakin teemaan sopivaa ohjelmaa vuoden 2017 aikana.<\/p>\n","protected":false},"excerpt":{"rendered":"<p>Taivalkunnan Kyl\u00e4t ry toimintasuunnitelma vuodelle 2017 Yhdistyksen tarkoituksena on toimia Taivalkunnan asukkaiden ja yhteis\u00f6jen yhteisty\u00f6elimen\u00e4 pyrkimyksiss\u00e4 parantaa kyl\u00e4n alueella vakituisesti tai vapaa-aikanaan asuvien ihmisten hyvinvointia sek\u00e4 kannustaa asukkaita yhteistoimintaan kotiseutunsa kehitt\u00e4miseksi. Toimintakauden aikana pidet\u00e4\u00e4n s\u00e4\u00e4nt\u00f6m\u00e4\u00e4r\u00e4inen kev\u00e4t- ja syyskokous sek\u00e4 hallituksen kokouksia aiemmin mainitun p\u00e4\u00e4m\u00e4\u00e4r\u00e4n saavuttamiseksi. Seurataan aktiivisesti paikallista haja-asutusaluerakentamista sek\u00e4 vesi- ja viem\u00e4riasioita. Samoin seurataan &hellip; <a href=\"https:\/\/www.nokiankylat.fi\/taivalkunta\/yhdistykset\/taivalkunnan-kylat-ry\/kylayhdistyksen-arkisto\/kylayhdistyksen-toimintasuunnitelma-vuodelle-2017\/\">Jatkuu<\/a><\/p>\n","protected":false},"author":4,"featured_media":0,"parent":186,"menu_order":0,"comment_status":"closed","ping_status":"closed","template":"","meta":{"_acf_changed":false,"footnotes":""},"class_list":["post-1692","page","type-page","status-publish","hentry"],"acf":[],"_links":{"self":[{"href":"https:\/\/www.nokiankylat.fi\/taivalkunta\/wp-json\/wp\/v2\/pages\/1692","targetHints":{"allow":["GET"]}}],"collection":[{"href":"https:\/\/www.nokiankylat.fi\/taivalkunta\/wp-json\/wp\/v2\/pages"}],"about":[{"href":"https:\/\/www.nokiankylat.fi\/taivalkunta\/wp-json\/wp\/v2\/types\/page"}],"author":[{"embeddable":true,"href":"https:\/\/www.nokiankylat.fi\/taivalkunta\/wp-json\/wp\/v2\/users\/4"}],"replies":[{"embeddable":true,"href":"https:\/\/www.nokiankylat.fi\/taivalkunta\/wp-json\/wp\/v2\/comments?post=1692"}],"version-history":[{"count":5,"href":"https:\/\/www.nokiankylat.fi\/taivalkunta\/wp-json\/wp\/v2\/pages\/1692\/revisions"}],"predecessor-version":[{"id":1742,"href":"https:\/\/www.nokiankylat.fi\/taivalkunta\/wp-json\/wp\/v2\/pages\/1692\/revisions\/1742"}],"up":[{"embeddable":true,"href":"https:\/\/www.nokiankylat.fi\/taivalkunta\/wp-json\/wp\/v2\/pages\/186"}],"wp:attachment":[{"href":"https:\/\/www.nokiankylat.fi\/taivalkunta\/wp-json\/wp\/v2\/media?parent=1692"}],"curies":[{"name":"wp","href":"https:\/\/api.w.org\/{rel}","templated":true}]}}