{"id":1697,"date":"2016-11-14T20:09:06","date_gmt":"2016-11-14T18:09:06","guid":{"rendered":"http:\/\/www.nokiankylat.fi\/taivalkunta\/?page_id=1697"},"modified":"2016-11-15T09:18:48","modified_gmt":"2016-11-15T07:18:48","slug":"syyskokous-16-11-2016","status":"publish","type":"page","link":"https:\/\/www.nokiankylat.fi\/taivalkunta\/yhdistykset\/taivalkunnan-kylat-ry\/kokoukset-ja-kylaillat\/syyskokous-16-11-2016\/","title":{"rendered":"Syyskokous 16-11-2016"},"content":{"rendered":"<p>Kyl\u00e4yhdistyksen s\u00e4\u00e4nt\u00f6m\u00e4\u00e4r\u00e4inen syyskokous koululla 16.11.2016.<\/p>\n","protected":false},"excerpt":{"rendered":"<p>Kyl\u00e4yhdistyksen s\u00e4\u00e4nt\u00f6m\u00e4\u00e4r\u00e4inen syyskokous koululla 16.11.2016.<\/p>\n","protected":false},"author":4,"featured_media":0,"parent":1034,"menu_order":0,"comment_status":"closed","ping_status":"closed","template":"","meta":{"_acf_changed":false,"footnotes":""},"class_list":["post-1697","page","type-page","status-publish","hentry"],"acf":[],"_links":{"self":[{"href":"https:\/\/www.nokiankylat.fi\/taivalkunta\/wp-json\/wp\/v2\/pages\/1697","targetHints":{"allow":["GET"]}}],"collection":[{"href":"https:\/\/www.nokiankylat.fi\/taivalkunta\/wp-json\/wp\/v2\/pages"}],"about":[{"href":"https:\/\/www.nokiankylat.fi\/taivalkunta\/wp-json\/wp\/v2\/types\/page"}],"author":[{"embeddable":true,"href":"https:\/\/www.nokiankylat.fi\/taivalkunta\/wp-json\/wp\/v2\/users\/4"}],"replies":[{"embeddable":true,"href":"https:\/\/www.nokiankylat.fi\/taivalkunta\/wp-json\/wp\/v2\/comments?post=1697"}],"version-history":[{"count":6,"href":"https:\/\/www.nokiankylat.fi\/taivalkunta\/wp-json\/wp\/v2\/pages\/1697\/revisions"}],"predecessor-version":[{"id":1702,"href":"https:\/\/www.nokiankylat.fi\/taivalkunta\/wp-json\/wp\/v2\/pages\/1697\/revisions\/1702"}],"up":[{"embeddable":true,"href":"https:\/\/www.nokiankylat.fi\/taivalkunta\/wp-json\/wp\/v2\/pages\/1034"}],"wp:attachment":[{"href":"https:\/\/www.nokiankylat.fi\/taivalkunta\/wp-json\/wp\/v2\/media?parent=1697"}],"curies":[{"name":"wp","href":"https:\/\/api.w.org\/{rel}","templated":true}]}}