{"id":1707,"date":"2016-11-18T07:50:33","date_gmt":"2016-11-18T05:50:33","guid":{"rendered":"http:\/\/www.nokiankylat.fi\/taivalkunta\/?page_id=1707"},"modified":"2016-12-08T18:26:29","modified_gmt":"2016-12-08T16:26:29","slug":"poytakirja-16-11-2016","status":"publish","type":"page","link":"https:\/\/www.nokiankylat.fi\/taivalkunta\/yhdistykset\/taivalkunnan-kylat-ry\/kokoukset-ja-kylaillat\/syyskokous-16-11-2016\/poytakirja-16-11-2016\/","title":{"rendered":"P\u00f6yt\u00e4kirja 16-11-2016"},"content":{"rendered":"<p><strong>Taivalkunnan Kyl\u00e4t ry\u00a0\u00a0\u00a0\u00a0\u00a0\u00a0\u00a0\u00a0\u00a0\u00a0\u00a0\u00a0\u00a0\u00a0\u00a0\u00a0\u00a0\u00a0\u00a0\u00a0\u00a0\u00a0\u00a0\u00a0\u00a0\u00a0\u00a0\u00a0\u00a0\u00a0\u00a0\u00a0\u00a0\u00a0\u00a0\u00a0\u00a0\u00a0\u00a0\u00a0\u00a0\u00a0\u00a0\u00a0 P\u00d6YT\u00c4KIRJA 2\/2016<\/strong><\/p>\n<p><strong>\u00a0<\/strong><\/p>\n<p><strong>S\u00c4\u00c4NT\u00d6M\u00c4\u00c4R\u00c4INEN SYYSKOKOUS\u00a0\u00a0\u00a0\u00a0\u00a0\u00a0\u00a0\u00a0\u00a0\u00a0\u00a0\u00a0\u00a0\u00a0\u00a0\u00a0 <\/strong><strong>\u00a0\u00a0\u00a0\u00a0\u00a0\u00a0\u00a0\u00a0\u00a0\u00a0\u00a0\u00a0\u00a0\u00a0\u00a0\u00a0\u00a0\u00a0\u00a0\u00a0\u00a0\u00a0\u00a0\u00a0\u00a0\u00a0\u00a0\u00a0\u00a0\u00a0\u00a0\u00a0\u00a0\u00a0\u00a0\u00a0\u00a0\u00a0\u00a0\u00a0\u00a0\u00a0\u00a0\u00a0\u00a0\u00a0\u00a0\u00a0\u00a0\u00a0\u00a0 <\/strong><\/p>\n<p>Aika: 16.11.2016 klo 18.30<br \/>\nPaikka: Taivalkunnan koulu, Taivalkunnantie 575, 37120 Nokia<\/p>\n<p>Paikalla: Terhi Leskinen, Teemu Lehtim\u00e4ki, Elina J\u00e4rvinen, Olli Sorva, Minna M\u00e4kinen, Tomi Teuho-Markkola, Veijo Hynninen, Anja Mattila, Risto Mattila, Reeta Juvonen, Sisko Sorva, Olli Virta, Hetti Virta, Esa Alanne<\/p>\n<p>&nbsp;<\/p>\n<ol>\n<li>Kokouksen avaaminen<\/li>\n<\/ol>\n<p style=\"padding-left: 30px\">Hallituksen puheenjohtaja Olli Sorva avasi kokouksen klo 18.38<\/p>\n<ol start=\"2\">\n<li>Kokouksen j\u00e4rjest\u00e4ytyminen<\/li>\n<\/ol>\n<p style=\"padding-left: 30px\">Valittiin kokoukselle puheenjohtajaksi Olli Sorva ja sihteeriksi Minna M\u00e4kinen. P\u00f6yt\u00e4kirjan tarkastajiksi valittiin Esa Alanne ja Tomi Teuho-Markkola. Sovittiin, ett\u00e4 kaksi \u00e4\u00e4nten laskijaa valitaan tarvittaessa.<\/p>\n<ol start=\"3\">\n<li>Laillisuuden ja p\u00e4\u00e4t\u00f6svaltaisuuden toteaminen<\/li>\n<\/ol>\n<p style=\"padding-left: 30px\">Kokouskutsu on ollut viikkoa ennen kokousta paikallislehdess\u00e4 ja kokouskutsu on jaettu kyl\u00e4l\u00e4isille postilaatikkoihin ja se on l\u00e4hetetty my\u00f6s s\u00e4hk\u00f6postitse. Todettiin kokouksen olevan laillinen ja p\u00e4\u00e4t\u00f6svaltainen.<\/p>\n<ol start=\"4\">\n<li>Esityslistan hyv\u00e4ksyminen<\/li>\n<\/ol>\n<p style=\"padding-left: 30px\">K\u00e4ytiin kokouksen esityslista l\u00e4pi ja hyv\u00e4ksyttiin se.<\/p>\n<ol start=\"5\">\n<li>Toimintasuunnitelman ja talousarvion vahvistaminen seuraavalle vuodelle sek\u00e4 j\u00e4senmaksun suuruus<\/li>\n<\/ol>\n<p style=\"padding-left: 30px\">Esitettiin toimintasuunnitelma sek\u00e4 talousarvio seuraavalle kalenterivuodelle. Toimintasuunnitelmasta p\u00e4\u00e4tettiin korvata sana s\u00e4hk\u00f6postirekisteri s\u00e4hk\u00f6postilistalla. P\u00e4\u00e4tettiin my\u00f6s lis\u00e4t\u00e4 toimintasuunnitelmaan maininta Nokia 80 vuoden huomioinnista kauden 2017 kyl\u00e4ll\u00e4 j\u00e4rjestett\u00e4v\u00e4n toiminnan suunnittelussa.<\/p>\n<p style=\"padding-left: 30px\">Vahvistettiin toimintasuunnitelma ja talousarvio 2017. P\u00e4\u00e4tettiin ker\u00e4t\u00e4 j\u00e4senmaksua 5eur\/j\u00e4sen.<\/p>\n<ol start=\"6\">\n<li>Hallituksen puheenjohtajan valinta<\/li>\n<\/ol>\n<p style=\"padding-left: 30px\">Valittiin yhdistyksen puheenjohtajaksi seuraavalle kalenterivuodelle Olli Sorva.<\/p>\n<ol start=\"7\">\n<li>Hallituksen j\u00e4senten valinta<\/li>\n<\/ol>\n<p style=\"padding-left: 30px\">Valittiin hallituksen j\u00e4seniksi erovuoroisten tilalle Minna M\u00e4kinen, Terhi Leskinen, Elina J\u00e4rvinen ja Tomi Teuho-Markkola. Hallituksen muut j\u00e4senet ovat Anja Mattila, Reeta Juvonen ja Teemu Lehtim\u00e4ki.<\/p>\n<ol start=\"8\">\n<li>Toiminnantarkastajan ja varatoiminnantarkastajan valinta<\/li>\n<\/ol>\n<p style=\"padding-left: 30px\">Yhdistyksen toiminnantarkastajaksi kaudelle 2017 valittiin Veijo Hynninen ja yhdistyksen varatoiminnantarkastajaksi Olli Sorva kysyy Leena Myllyntaustaa (Leenalta kysytty ja saatu my\u00f6nteinen vastaus kokouksen p\u00e4\u00e4tt\u00e4misen j\u00e4lkeen).<\/p>\n<ol start=\"9\">\n<li>Muut esille tulevat asiat<\/li>\n<\/ol>\n<p style=\"padding-left: 30px\">Esiteltiin Nokian Kaupungin rakennuspaikkojen kaavoitusjaoston tekem\u00e4\u00e4 esityst\u00e4 Maaseutumaisen alueen rakennuspaikkojen mitoitusperiaatteista 2017.<\/p>\n<ol start=\"10\">\n<li>Kokouksen p\u00e4\u00e4tt\u00e4minen<\/li>\n<\/ol>\n<p style=\"padding-left: 30px\">Kokouksen puheenjohtaja Olli Sorva kiitti aktiivista kokousv\u00e4ke\u00e4 ja p\u00e4\u00e4tti kokouksen klo 19.41.<\/p>\n<p>&nbsp;<\/p>\n<p>____________________________<\/p>\n<p>Olli Sorva, puheenjohtaja<\/p>\n<p>&nbsp;<\/p>\n<p>_____________________________<\/p>\n<p>Minna M\u00e4kinen, sihteeri<\/p>\n<p>&nbsp;<\/p>\n<p>____________________________<\/p>\n<p>Esa Alanne, p\u00f6yt\u00e4kirjan tarkastaja<\/p>\n<p>&nbsp;<\/p>\n<p>______________________________<\/p>\n<p>Tomi Teuho-Markkola, p\u00f6yt\u00e4kirjan tarkastaja<\/p>\n","protected":false},"excerpt":{"rendered":"<p>Taivalkunnan Kyl\u00e4t ry\u00a0\u00a0\u00a0\u00a0\u00a0\u00a0\u00a0\u00a0\u00a0\u00a0\u00a0\u00a0\u00a0\u00a0\u00a0\u00a0\u00a0\u00a0\u00a0\u00a0\u00a0\u00a0\u00a0\u00a0\u00a0\u00a0\u00a0\u00a0\u00a0\u00a0\u00a0\u00a0\u00a0\u00a0\u00a0\u00a0\u00a0\u00a0\u00a0\u00a0\u00a0\u00a0\u00a0\u00a0 P\u00d6YT\u00c4KIRJA 2\/2016 \u00a0 S\u00c4\u00c4NT\u00d6M\u00c4\u00c4R\u00c4INEN SYYSKOKOUS\u00a0\u00a0\u00a0\u00a0\u00a0\u00a0\u00a0\u00a0\u00a0\u00a0\u00a0\u00a0\u00a0\u00a0\u00a0\u00a0 \u00a0\u00a0\u00a0\u00a0\u00a0\u00a0\u00a0\u00a0\u00a0\u00a0\u00a0\u00a0\u00a0\u00a0\u00a0\u00a0\u00a0\u00a0\u00a0\u00a0\u00a0\u00a0\u00a0\u00a0\u00a0\u00a0\u00a0\u00a0\u00a0\u00a0\u00a0\u00a0\u00a0\u00a0\u00a0\u00a0\u00a0\u00a0\u00a0\u00a0\u00a0\u00a0\u00a0\u00a0\u00a0\u00a0\u00a0\u00a0\u00a0\u00a0\u00a0 Aika: 16.11.2016 klo 18.30 Paikka: Taivalkunnan koulu, Taivalkunnantie 575, 37120 Nokia Paikalla: Terhi Leskinen, Teemu Lehtim\u00e4ki, Elina J\u00e4rvinen, Olli Sorva, Minna M\u00e4kinen, Tomi Teuho-Markkola, Veijo Hynninen, Anja Mattila, Risto Mattila, Reeta Juvonen, Sisko Sorva, Olli Virta, Hetti Virta, Esa Alanne &nbsp; Kokouksen avaaminen Hallituksen puheenjohtaja Olli &hellip; <a href=\"https:\/\/www.nokiankylat.fi\/taivalkunta\/yhdistykset\/taivalkunnan-kylat-ry\/kokoukset-ja-kylaillat\/syyskokous-16-11-2016\/poytakirja-16-11-2016\/\">Jatkuu<\/a><\/p>\n","protected":false},"author":4,"featured_media":0,"parent":1697,"menu_order":0,"comment_status":"closed","ping_status":"closed","template":"","meta":{"_acf_changed":false,"footnotes":""},"class_list":["post-1707","page","type-page","status-publish","hentry"],"acf":[],"_links":{"self":[{"href":"https:\/\/www.nokiankylat.fi\/taivalkunta\/wp-json\/wp\/v2\/pages\/1707","targetHints":{"allow":["GET"]}}],"collection":[{"href":"https:\/\/www.nokiankylat.fi\/taivalkunta\/wp-json\/wp\/v2\/pages"}],"about":[{"href":"https:\/\/www.nokiankylat.fi\/taivalkunta\/wp-json\/wp\/v2\/types\/page"}],"author":[{"embeddable":true,"href":"https:\/\/www.nokiankylat.fi\/taivalkunta\/wp-json\/wp\/v2\/users\/4"}],"replies":[{"embeddable":true,"href":"https:\/\/www.nokiankylat.fi\/taivalkunta\/wp-json\/wp\/v2\/comments?post=1707"}],"version-history":[{"count":4,"href":"https:\/\/www.nokiankylat.fi\/taivalkunta\/wp-json\/wp\/v2\/pages\/1707\/revisions"}],"predecessor-version":[{"id":1728,"href":"https:\/\/www.nokiankylat.fi\/taivalkunta\/wp-json\/wp\/v2\/pages\/1707\/revisions\/1728"}],"up":[{"embeddable":true,"href":"https:\/\/www.nokiankylat.fi\/taivalkunta\/wp-json\/wp\/v2\/pages\/1697"}],"wp:attachment":[{"href":"https:\/\/www.nokiankylat.fi\/taivalkunta\/wp-json\/wp\/v2\/media?parent=1707"}],"curies":[{"name":"wp","href":"https:\/\/api.w.org\/{rel}","templated":true}]}}