{"id":1713,"date":"2016-11-15T09:17:23","date_gmt":"2016-11-15T07:17:23","guid":{"rendered":"http:\/\/www.nokiankylat.fi\/taivalkunta\/?page_id=1713"},"modified":"2016-11-15T09:17:23","modified_gmt":"2016-11-15T07:17:23","slug":"kokouskutsu-16-11-2016","status":"publish","type":"page","link":"https:\/\/www.nokiankylat.fi\/taivalkunta\/yhdistykset\/taivalkunnan-kylat-ry\/kokoukset-ja-kylaillat\/syyskokous-16-11-2016\/kokouskutsu-16-11-2016\/","title":{"rendered":"Kokouskutsu 16-11-2016"},"content":{"rendered":"<p>Kutsu Taivalkunnan kyl\u00e4t ry:n syyskokoukseen l\u00f6ytyy PDF-tiedostona t\u00e4\u00e4lt\u00e4\u00a0<a href=\"https:\/\/www.nokiankylat.fi\/taivalkunta\/wp-content\/uploads\/sites\/11\/2016\/11\/KUTSU-SYYSKOKOUKSEEN-16-11-2016.pdf\">kutsu-syyskokoukseen-16-11-2016<\/a>.<\/p>\n","protected":false},"excerpt":{"rendered":"<p>Kutsu Taivalkunnan kyl\u00e4t ry:n syyskokoukseen l\u00f6ytyy PDF-tiedostona t\u00e4\u00e4lt\u00e4\u00a0kutsu-syyskokoukseen-16-11-2016.<\/p>\n","protected":false},"author":4,"featured_media":0,"parent":1697,"menu_order":0,"comment_status":"closed","ping_status":"closed","template":"","meta":{"_acf_changed":false,"footnotes":""},"class_list":["post-1713","page","type-page","status-publish","hentry"],"acf":[],"_links":{"self":[{"href":"https:\/\/www.nokiankylat.fi\/taivalkunta\/wp-json\/wp\/v2\/pages\/1713","targetHints":{"allow":["GET"]}}],"collection":[{"href":"https:\/\/www.nokiankylat.fi\/taivalkunta\/wp-json\/wp\/v2\/pages"}],"about":[{"href":"https:\/\/www.nokiankylat.fi\/taivalkunta\/wp-json\/wp\/v2\/types\/page"}],"author":[{"embeddable":true,"href":"https:\/\/www.nokiankylat.fi\/taivalkunta\/wp-json\/wp\/v2\/users\/4"}],"replies":[{"embeddable":true,"href":"https:\/\/www.nokiankylat.fi\/taivalkunta\/wp-json\/wp\/v2\/comments?post=1713"}],"version-history":[{"count":2,"href":"https:\/\/www.nokiankylat.fi\/taivalkunta\/wp-json\/wp\/v2\/pages\/1713\/revisions"}],"predecessor-version":[{"id":1716,"href":"https:\/\/www.nokiankylat.fi\/taivalkunta\/wp-json\/wp\/v2\/pages\/1713\/revisions\/1716"}],"up":[{"embeddable":true,"href":"https:\/\/www.nokiankylat.fi\/taivalkunta\/wp-json\/wp\/v2\/pages\/1697"}],"wp:attachment":[{"href":"https:\/\/www.nokiankylat.fi\/taivalkunta\/wp-json\/wp\/v2\/media?parent=1713"}],"curies":[{"name":"wp","href":"https:\/\/api.w.org\/{rel}","templated":true}]}}