{"id":1785,"date":"2017-01-14T10:41:04","date_gmt":"2017-01-14T08:41:04","guid":{"rendered":"http:\/\/www.nokiankylat.fi\/taivalkunta\/?page_id=1785"},"modified":"2017-01-14T10:46:25","modified_gmt":"2017-01-14T08:46:25","slug":"kylayhdistyksen-hallitus-2016","status":"publish","type":"page","link":"https:\/\/www.nokiankylat.fi\/taivalkunta\/yhdistykset\/taivalkunnan-kylat-ry\/kylayhdistyksen-arkisto\/kylayhdistyksen-hallitus-2016\/","title":{"rendered":"Kyl\u00e4yhdistyksen hallitus 2016"},"content":{"rendered":"<h2>Hallitus 2016<\/h2>\n<h3>Puheenjohtaja: Olli Sorva<\/h3>\n<h3>Varapuheenjohtaja: Tomi Teuho-Markkola<\/h3>\n<h3>Sihteeri: Minna M\u00e4kinen<\/h3>\n<h3>Rahastonhoita: Anja Mattila<\/h3>\n<h3>Muu hallitus: Reeta Juvonen, Elina J\u00e4rvinen, Teemu Lehtim\u00e4ki ja Terhi Leskinen<\/h3>\n","protected":false},"excerpt":{"rendered":"<p>Hallitus 2016 Puheenjohtaja: Olli Sorva Varapuheenjohtaja: Tomi Teuho-Markkola Sihteeri: Minna M\u00e4kinen Rahastonhoita: Anja Mattila Muu hallitus: Reeta Juvonen, Elina J\u00e4rvinen, Teemu Lehtim\u00e4ki ja Terhi Leskinen<\/p>\n","protected":false},"author":4,"featured_media":0,"parent":186,"menu_order":0,"comment_status":"closed","ping_status":"closed","template":"","meta":{"_acf_changed":false,"footnotes":""},"class_list":["post-1785","page","type-page","status-publish","hentry"],"acf":[],"_links":{"self":[{"href":"https:\/\/www.nokiankylat.fi\/taivalkunta\/wp-json\/wp\/v2\/pages\/1785","targetHints":{"allow":["GET"]}}],"collection":[{"href":"https:\/\/www.nokiankylat.fi\/taivalkunta\/wp-json\/wp\/v2\/pages"}],"about":[{"href":"https:\/\/www.nokiankylat.fi\/taivalkunta\/wp-json\/wp\/v2\/types\/page"}],"author":[{"embeddable":true,"href":"https:\/\/www.nokiankylat.fi\/taivalkunta\/wp-json\/wp\/v2\/users\/4"}],"replies":[{"embeddable":true,"href":"https:\/\/www.nokiankylat.fi\/taivalkunta\/wp-json\/wp\/v2\/comments?post=1785"}],"version-history":[{"count":1,"href":"https:\/\/www.nokiankylat.fi\/taivalkunta\/wp-json\/wp\/v2\/pages\/1785\/revisions"}],"predecessor-version":[{"id":1786,"href":"https:\/\/www.nokiankylat.fi\/taivalkunta\/wp-json\/wp\/v2\/pages\/1785\/revisions\/1786"}],"up":[{"embeddable":true,"href":"https:\/\/www.nokiankylat.fi\/taivalkunta\/wp-json\/wp\/v2\/pages\/186"}],"wp:attachment":[{"href":"https:\/\/www.nokiankylat.fi\/taivalkunta\/wp-json\/wp\/v2\/media?parent=1785"}],"curies":[{"name":"wp","href":"https:\/\/api.w.org\/{rel}","templated":true}]}}