{"id":1790,"date":"2017-01-14T10:57:00","date_gmt":"2017-01-14T08:57:00","guid":{"rendered":"http:\/\/www.nokiankylat.fi\/taivalkunta\/?page_id=1790"},"modified":"2017-03-11T16:23:18","modified_gmt":"2017-03-11T14:23:18","slug":"kylakirje-14-1-2017","status":"publish","type":"page","link":"https:\/\/www.nokiankylat.fi\/taivalkunta\/yhdistykset\/taivalkunnan-kylat-ry\/kylayhdistyksen-arkisto\/kylakirjeet\/kylakirjeet-2017\/kylakirje-14-1-2017\/","title":{"rendered":"Kyl\u00e4kirje 14-1-2017"},"content":{"rendered":"<p><strong>Taivalkunnan kyl\u00e4kirje 14.1.2017<\/strong><\/p>\n<p>Taivalkunnan kyl\u00e4t ry j\u00e4rjest\u00e4\u00e4 talvitapahtuman kyl\u00e4n urheilustadionilla (Taivalkunnan j\u00e4\u00e4kent\u00e4ll\u00e4) su <strong>12.2.2017 klo 14 alkaen<\/strong>. Luvassa on makkaranpaistoa nuotiolla, kahvia ja mehua sek\u00e4 taustamusiikkia. Osallistua voi mm. potkukelkkaviestiin ja liukukiekkokisaan. Ne ovat teemap\u00e4iv\u00e4\u00e4n r\u00e4\u00e4t\u00e4l\u00f6ityj\u00e4 uutuuksia ja voittajille on luvassa palkinnot. Tapahtumassa pelataan s\u00e4\u00e4varauksella my\u00f6s aikuiset vastaan lapset j\u00e4\u00e4kiekko-ottelu.<\/p>\n<p>Nokian kaupunki pit\u00e4\u00e4 kuntaillan <strong>23.2.2017 kello 18.00 valtuustosalissa<\/strong> teemana \u201dArjen turvallisuus ja yhteistoiminta kyl\u00e4yhdistysten kanssa\u201d. Tilaisuus on kaikille avoin, vaikka se onkin kyl\u00e4yhdistyksille suunnattu. Asiatietoa on antamassa Pirkan kyl\u00e4t, Kantri ja Nokian kaupungin edustus. Luvassa on runsaasti turvallisuustietoutta ja ehk\u00e4 jo saamme tietoa \u201dSote\u201d vaikutuksesta kuntaan ja kyliin.<\/p>\n<p>Kyl\u00e4yhdistyksen j\u00e4rjest\u00e4m\u00e4 kyl\u00e4ilta on ke <strong>15.3.2017 Taivalkunnan koululla klo 18.30<\/strong>. Kyl\u00e4illan ohjelma on viel\u00e4 avoin. Se voi olla 100 -vuotta yhdess\u00e4-teeman ymp\u00e4rille rakennettu eri ik\u00e4ryhm\u00e4t ja eri sukupolvet tiiviimp\u00e4\u00e4n vuorovaikutukseen saattava ilta. Ajatuksia on my\u00f6s lapsi-varamummu teemaan sek\u00e4 uusille kyl\u00e4l\u00e4isille kohdistettua tutustumista. Sis\u00e4ll\u00f6st\u00e4 annetaan tietoa tarkemmin sitten ensi kuussa.<\/p>\n<p>Kyl\u00e4yhdistyksen <strong>kev\u00e4tkokous pidet\u00e4\u00e4n ke 26.4.2017 klo 18.30 koululla<\/strong>. K\u00e4sitell\u00e4\u00e4n lakis\u00e4\u00e4teiset asiat. Luvassa on my\u00f6s kahvit sek\u00e4 kyl\u00e4\u00e4 koskevaa asiaa. Mahdollisesti joku alustaja ajankohtaisesta teemasta tai sitten kyl\u00e4hallituksen tekem\u00e4 info. T\u00e4m\u00e4 asia tarkentuu my\u00f6hemmin, mutta laittakaa kokouksen ajankohta muistiin.<\/p>\n<p>Kyl\u00e4n perinteiset <strong>Kev\u00e4tkarkelot pidet\u00e4\u00e4n to 18.5.2017 klo 18.00<\/strong> alkaen Taivalkunnan koululla. J\u00e4rjestelyvastuu on Taivalkunnan kyl\u00e4t ry:ll\u00e4, mutta kutsumme kaikki muutkin Taivalkuntalaiset yhdistykset osallistumaan ja ideoimaan 5.4 pidett\u00e4v\u00e4\u00e4n suunnittelupalaveriin. Karkeloillan tuotto kanavoidaan koulumme oppilaiden virkistystoimintaan. Tapahtumaa vietet\u00e4\u00e4n koulun pihassa seurustellen ja kisaillen sek\u00e4 tavaten tuttavia ja uusia kyl\u00e4l\u00e4isi\u00e4. Tarjoilu on monipuolinen.<\/p>\n<p>Kev\u00e4\u00e4ll\u00e4 kylille tulee ehk\u00e4 Turvallinen kyl\u00e4-tilaisuudet, mutta se asia on auki.<\/p>\n<p>Kyl\u00e4yhdistyksemme suunnittelee pidemm\u00e4llekin viety\u00e4 kyl\u00e4turvallisuutta koskien mm. oppilaiden koulup\u00e4iv\u00e4n j\u00e4lkeist\u00e4 aikaa ja naapuriapua. Ajatus on my\u00f6s, ett\u00e4 Taivalkunnassa otetaan huomioon yksin\u00e4iset ja ehk\u00e4ist\u00e4\u00e4n syrj\u00e4ytymist\u00e4.<\/p>\n<p>Toinen kyl\u00e4kirje ilmestyy muutaman p\u00e4iv\u00e4n p\u00e4\u00e4st\u00e4 ja siin\u00e4 on sis\u00e4lt\u00f6n\u00e4 ainakin kyl\u00e4n tietoliikenneasiat. Ollaan taas yhteydess\u00e4 puolin ja toisin.<\/p>\n<p>Taivalkunnan kyl\u00e4t ry pj. Olli Sorva<\/p>\n","protected":false},"excerpt":{"rendered":"<p>Taivalkunnan kyl\u00e4kirje 14.1.2017 Taivalkunnan kyl\u00e4t ry j\u00e4rjest\u00e4\u00e4 talvitapahtuman kyl\u00e4n urheilustadionilla (Taivalkunnan j\u00e4\u00e4kent\u00e4ll\u00e4) su 12.2.2017 klo 14 alkaen. Luvassa on makkaranpaistoa nuotiolla, kahvia ja mehua sek\u00e4 taustamusiikkia. Osallistua voi mm. potkukelkkaviestiin ja liukukiekkokisaan. Ne ovat teemap\u00e4iv\u00e4\u00e4n r\u00e4\u00e4t\u00e4l\u00f6ityj\u00e4 uutuuksia ja voittajille on luvassa palkinnot. Tapahtumassa pelataan s\u00e4\u00e4varauksella my\u00f6s aikuiset vastaan lapset j\u00e4\u00e4kiekko-ottelu. Nokian kaupunki pit\u00e4\u00e4 kuntaillan 23.2.2017 &hellip; <a href=\"https:\/\/www.nokiankylat.fi\/taivalkunta\/yhdistykset\/taivalkunnan-kylat-ry\/kylayhdistyksen-arkisto\/kylakirjeet\/kylakirjeet-2017\/kylakirje-14-1-2017\/\">Jatkuu<\/a><\/p>\n","protected":false},"author":4,"featured_media":0,"parent":1776,"menu_order":0,"comment_status":"closed","ping_status":"closed","template":"","meta":{"_acf_changed":false,"footnotes":""},"class_list":["post-1790","page","type-page","status-publish","hentry"],"acf":[],"_links":{"self":[{"href":"https:\/\/www.nokiankylat.fi\/taivalkunta\/wp-json\/wp\/v2\/pages\/1790","targetHints":{"allow":["GET"]}}],"collection":[{"href":"https:\/\/www.nokiankylat.fi\/taivalkunta\/wp-json\/wp\/v2\/pages"}],"about":[{"href":"https:\/\/www.nokiankylat.fi\/taivalkunta\/wp-json\/wp\/v2\/types\/page"}],"author":[{"embeddable":true,"href":"https:\/\/www.nokiankylat.fi\/taivalkunta\/wp-json\/wp\/v2\/users\/4"}],"replies":[{"embeddable":true,"href":"https:\/\/www.nokiankylat.fi\/taivalkunta\/wp-json\/wp\/v2\/comments?post=1790"}],"version-history":[{"count":2,"href":"https:\/\/www.nokiankylat.fi\/taivalkunta\/wp-json\/wp\/v2\/pages\/1790\/revisions"}],"predecessor-version":[{"id":1793,"href":"https:\/\/www.nokiankylat.fi\/taivalkunta\/wp-json\/wp\/v2\/pages\/1790\/revisions\/1793"}],"up":[{"embeddable":true,"href":"https:\/\/www.nokiankylat.fi\/taivalkunta\/wp-json\/wp\/v2\/pages\/1776"}],"wp:attachment":[{"href":"https:\/\/www.nokiankylat.fi\/taivalkunta\/wp-json\/wp\/v2\/media?parent=1790"}],"curies":[{"name":"wp","href":"https:\/\/api.w.org\/{rel}","templated":true}]}}