{"id":1803,"date":"2017-01-21T16:43:24","date_gmt":"2017-01-21T14:43:24","guid":{"rendered":"http:\/\/www.nokiankylat.fi\/taivalkunta\/?page_id=1803"},"modified":"2017-03-11T16:24:35","modified_gmt":"2017-03-11T14:24:35","slug":"kylakirje-21-1-2017","status":"publish","type":"page","link":"https:\/\/www.nokiankylat.fi\/taivalkunta\/yhdistykset\/taivalkunnan-kylat-ry\/kylayhdistyksen-arkisto\/kylakirjeet\/kylakirjeet-2017\/kylakirje-21-1-2017\/","title":{"rendered":"Kyl\u00e4kirje 21-1-2017"},"content":{"rendered":"<p><strong>Taivalkunnan kyl\u00e4kirje 21.1.2017<\/strong><\/p>\n<p>Tulevana kes\u00e4n\u00e4 s\u00e4hk\u00f6yhti\u00f6 laittaa verkkonsa maan alle Ristiver\u00e4j\u00e4-Ylistalontie v\u00e4lill\u00e4 ja my\u00f6s Elisa poistaa nykyisen verkkonsa pylv\u00e4ist\u00e4. Pylv\u00e4\u00e4t ovat yhteisk\u00e4yt\u00f6ss\u00e4, eik\u00e4 verkko-operaattori aio niit\u00e4 s\u00e4hk\u00f6laitokselta lunastaa.<\/p>\n<p>Kyl\u00e4yhdistys pyrkii varmistamaan, ett\u00e4 kiinte\u00e4 lankaliittym\u00e4mahdollisuus kuparikaapelina s\u00e4ilyisi kyl\u00e4ll\u00e4mme tietoliikenneyhteyten\u00e4.<\/p>\n<p>Olen operaattorin kanssa k\u00e4ynyt puhelinkeskusteluja t\u00e4st\u00e4 asiasta. Hyvin todenn\u00e4k\u00f6isesti Elisa saneeraa kupariverkkonsa omana investointinaan. Varmaa lupausta en siit\u00e4 viel\u00e4 ole saanut, mutta suunnittelu on heill\u00e4 verkonrakennuspuolella ty\u00f6n alla. Kyl\u00e4yhdistyksemme on kev\u00e4\u00e4n mittaan aktiivinen ja pyrkii varmistamaan lankaliittymien s\u00e4ilymisen.<\/p>\n<p>Kuparipohjainen tietoverkko tehd\u00e4\u00e4n maakaapelina. Se putkitetaan mahdollisia tulevia tarpeita varten, joten reitti kuiduillekin olisi olemassa ilman kaapeliojakaivuita. Kaapeliojakustannukset s\u00e4hk\u00f6- ja telelaitos sopisivat kesken\u00e4\u00e4n. Televerkkoa vahvistetaan ja nykyaikaistetaan saneerauksen yhteydess\u00e4, mik\u00e4 takaisi nykyist\u00e4 huomattavasti nopeamman siirtoyhteyden kyl\u00e4mme lankaliittymiin. T\u00e4m\u00e4 saneeraus ei toisi lis\u00e4hintaa liittymiin, vaan se katsottaisiin operaattorin normaaliksi verkon yll\u00e4pidoksi. Suunnittelu on t\u00e4ll\u00e4 hetkell\u00e4 operaattorin verkonrakennuspuolella menossa ja toivon\/uskon, ett\u00e4 rakentaminenkin toteutuu, vaikka rakentamisp\u00e4\u00e4t\u00f6st\u00e4 ei viel\u00e4 ole tehty.<\/p>\n<p>Taivalkunta ei ole niin tiivis alue, ett\u00e4 kyseeseen voisi tulla verkko-operaattorin omana investointinaan rakentama valokuituverkko. T\u00e4m\u00e4 tarkoittaa, ett\u00e4 kuituverkon rakentamisen ehtona olisi koko investoinnin rahoittaminen heti liittym\u00e4hintoina. Valmiit putkireitit maan alla takaisivat kuitenkin sen, ett\u00e4 yksitt\u00e4iselle kiinteist\u00f6lle saisi vedetty\u00e4 kuidun ilman kaivuut\u00f6it\u00e4 ja hinta muodostuisi vain kuidusta ja asennust\u00f6ist\u00e4. Hintaan ei juurikaan vaikuta kyl\u00e4ll\u00e4 olevien liittyjien m\u00e4\u00e4r\u00e4 eik\u00e4 liittyj\u00e4n ajankohta. Kiinteist\u00f6n fyysinen paikka vaikuttaa hintaan.<\/p>\n<p>Kyl\u00e4ll\u00e4mme on langaton 4G\/150 verkko ja operaattori voisi asentaa tarvittaessa toistimia, jos yhteys jossain p\u00e4in kyl\u00e4\u00e4 toimiakseen sit\u00e4 vaatii. Sis\u00e4tiloissa toimivuutta voi rajoittaa rakennuksen materiaalit yms. joista mahdollisesti johtuvat ongelmat t\u00e4ytyy kiinteist\u00f6n jatkossakin ratkaista itse.<\/p>\n<p>Vaikka kaikkia kyl\u00e4n kiinteist\u00f6j\u00e4 kattavaa valokuituverkkoa ei nyt saada, niin ilmaisemanne kiinnostus liittymi\u00e4 kohtaan on edesauttanut neuvotteluissa. Kiitos teille yhteisty\u00f6st\u00e4, joka t\u00e4ll\u00e4 kertaa on kyl\u00e4mme tietoliikenneyhteyksien hyv\u00e4ksi.<\/p>\n<p>Ollaan yhteydess\u00e4 sek\u00e4 t\u00e4st\u00e4 ett\u00e4 muista ihanaa kyl\u00e4\u00e4mme koskevista asioista.<\/p>\n<p>Kyl\u00e4terveisin Taivalkunnan kyl\u00e4t ry pj. Olli Sorva<\/p>\n","protected":false},"excerpt":{"rendered":"<p>Taivalkunnan kyl\u00e4kirje 21.1.2017 Tulevana kes\u00e4n\u00e4 s\u00e4hk\u00f6yhti\u00f6 laittaa verkkonsa maan alle Ristiver\u00e4j\u00e4-Ylistalontie v\u00e4lill\u00e4 ja my\u00f6s Elisa poistaa nykyisen verkkonsa pylv\u00e4ist\u00e4. Pylv\u00e4\u00e4t ovat yhteisk\u00e4yt\u00f6ss\u00e4, eik\u00e4 verkko-operaattori aio niit\u00e4 s\u00e4hk\u00f6laitokselta lunastaa. Kyl\u00e4yhdistys pyrkii varmistamaan, ett\u00e4 kiinte\u00e4 lankaliittym\u00e4mahdollisuus kuparikaapelina s\u00e4ilyisi kyl\u00e4ll\u00e4mme tietoliikenneyhteyten\u00e4. Olen operaattorin kanssa k\u00e4ynyt puhelinkeskusteluja t\u00e4st\u00e4 asiasta. Hyvin todenn\u00e4k\u00f6isesti Elisa saneeraa kupariverkkonsa omana investointinaan. Varmaa lupausta en &hellip; <a href=\"https:\/\/www.nokiankylat.fi\/taivalkunta\/yhdistykset\/taivalkunnan-kylat-ry\/kylayhdistyksen-arkisto\/kylakirjeet\/kylakirjeet-2017\/kylakirje-21-1-2017\/\">Jatkuu<\/a><\/p>\n","protected":false},"author":4,"featured_media":0,"parent":1776,"menu_order":0,"comment_status":"closed","ping_status":"closed","template":"","meta":{"_acf_changed":false,"footnotes":""},"class_list":["post-1803","page","type-page","status-publish","hentry"],"acf":[],"_links":{"self":[{"href":"https:\/\/www.nokiankylat.fi\/taivalkunta\/wp-json\/wp\/v2\/pages\/1803","targetHints":{"allow":["GET"]}}],"collection":[{"href":"https:\/\/www.nokiankylat.fi\/taivalkunta\/wp-json\/wp\/v2\/pages"}],"about":[{"href":"https:\/\/www.nokiankylat.fi\/taivalkunta\/wp-json\/wp\/v2\/types\/page"}],"author":[{"embeddable":true,"href":"https:\/\/www.nokiankylat.fi\/taivalkunta\/wp-json\/wp\/v2\/users\/4"}],"replies":[{"embeddable":true,"href":"https:\/\/www.nokiankylat.fi\/taivalkunta\/wp-json\/wp\/v2\/comments?post=1803"}],"version-history":[{"count":2,"href":"https:\/\/www.nokiankylat.fi\/taivalkunta\/wp-json\/wp\/v2\/pages\/1803\/revisions"}],"predecessor-version":[{"id":1805,"href":"https:\/\/www.nokiankylat.fi\/taivalkunta\/wp-json\/wp\/v2\/pages\/1803\/revisions\/1805"}],"up":[{"embeddable":true,"href":"https:\/\/www.nokiankylat.fi\/taivalkunta\/wp-json\/wp\/v2\/pages\/1776"}],"wp:attachment":[{"href":"https:\/\/www.nokiankylat.fi\/taivalkunta\/wp-json\/wp\/v2\/media?parent=1803"}],"curies":[{"name":"wp","href":"https:\/\/api.w.org\/{rel}","templated":true}]}}