{"id":1808,"date":"2017-01-30T08:14:07","date_gmt":"2017-01-30T06:14:07","guid":{"rendered":"http:\/\/www.nokiankylat.fi\/taivalkunta\/?page_id=1808"},"modified":"2017-03-11T16:25:07","modified_gmt":"2017-03-11T14:25:07","slug":"kylakirje-30-1-2017","status":"publish","type":"page","link":"https:\/\/www.nokiankylat.fi\/taivalkunta\/yhdistykset\/taivalkunnan-kylat-ry\/kylayhdistyksen-arkisto\/kylakirjeet\/kylakirjeet-2017\/kylakirje-30-1-2017\/","title":{"rendered":"Kyl\u00e4kirje 30-1-2017"},"content":{"rendered":"<p>Tervetuloa kyl\u00e4kahvilaan!<\/p>\n<p><a href=\"https:\/\/www.nokiankylat.fi\/taivalkunta\/wp-content\/uploads\/sites\/11\/2017\/01\/KYL\u00c4KAHVILAMAINOS.png\"><img loading=\"lazy\" decoding=\"async\" class=\"alignnone size-medium wp-image-1807\" src=\"https:\/\/www.nokiankylat.fi\/taivalkunta\/wp-content\/uploads\/sites\/11\/2017\/01\/KYL\u00c4KAHVILAMAINOS-300x211.png\" alt=\"\" width=\"300\" height=\"211\" srcset=\"https:\/\/www.nokiankylat.fi\/taivalkunta\/wp-content\/uploads\/sites\/11\/2017\/01\/KYL\u00c4KAHVILAMAINOS-300x211.png 300w, https:\/\/www.nokiankylat.fi\/taivalkunta\/wp-content\/uploads\/sites\/11\/2017\/01\/KYL\u00c4KAHVILAMAINOS-768x540.png 768w, https:\/\/www.nokiankylat.fi\/taivalkunta\/wp-content\/uploads\/sites\/11\/2017\/01\/KYL\u00c4KAHVILAMAINOS.png 903w\" sizes=\"auto, (max-width: 300px) 100vw, 300px\" \/><\/a><\/p>\n<p><strong>Aktiivinen koulumme ja oppilaat<\/strong> pit\u00e4v\u00e4t kyl\u00e4kahvilaa koululla pe 3.2 , 10.2 ja 17.2 \u00a0kello 12.00-13.30. Viimevuotisista kyl\u00e4kahviloista j\u00e4i miellytt\u00e4v\u00e4 kokemus, joten eik\u00f6h\u00e4n taas menn\u00e4 nauttimaan edulliset kahvit ja leivonnaiset sek\u00e4 pit\u00e4m\u00e4\u00e4n pient\u00e4 rupatteluhetke\u00e4 tuttujen kyl\u00e4l\u00e4isten kera. On se hienoa, kun\u00a0<strong>koulun henkil\u00f6kunta ja oppilaat<\/strong> antavat panoksensa kyl\u00e4yhteis\u00f6n vuorovaikutukseen ja <strong>kutsuvat<\/strong> kaikkia j\u00e4rjest\u00e4m\u00e4\u00e4ns\u00e4 tapahtumaan. Kaikilla, joilla vaan on tilaisuus tulla, niin tulkaa ja ottakaapa naapuri ja tutut mukaanne.<\/p>\n<p>Oppilaiden viestinv\u00e4litt\u00e4j\u00e4n\u00e4 Taivalkunnan kyl\u00e4t ry pj.Olli Sorva<\/p>\n","protected":false},"excerpt":{"rendered":"<p>Tervetuloa kyl\u00e4kahvilaan! Aktiivinen koulumme ja oppilaat pit\u00e4v\u00e4t kyl\u00e4kahvilaa koululla pe 3.2 , 10.2 ja 17.2 \u00a0kello 12.00-13.30. Viimevuotisista kyl\u00e4kahviloista j\u00e4i miellytt\u00e4v\u00e4 kokemus, joten eik\u00f6h\u00e4n taas menn\u00e4 nauttimaan edulliset kahvit ja leivonnaiset sek\u00e4 pit\u00e4m\u00e4\u00e4n pient\u00e4 rupatteluhetke\u00e4 tuttujen kyl\u00e4l\u00e4isten kera. On se hienoa, kun\u00a0koulun henkil\u00f6kunta ja oppilaat antavat panoksensa kyl\u00e4yhteis\u00f6n vuorovaikutukseen ja kutsuvat kaikkia j\u00e4rjest\u00e4m\u00e4\u00e4ns\u00e4 tapahtumaan. Kaikilla, &hellip; <a href=\"https:\/\/www.nokiankylat.fi\/taivalkunta\/yhdistykset\/taivalkunnan-kylat-ry\/kylayhdistyksen-arkisto\/kylakirjeet\/kylakirjeet-2017\/kylakirje-30-1-2017\/\">Jatkuu<\/a><\/p>\n","protected":false},"author":4,"featured_media":0,"parent":1776,"menu_order":0,"comment_status":"closed","ping_status":"closed","template":"","meta":{"_acf_changed":false,"footnotes":""},"class_list":["post-1808","page","type-page","status-publish","hentry"],"acf":[],"_links":{"self":[{"href":"https:\/\/www.nokiankylat.fi\/taivalkunta\/wp-json\/wp\/v2\/pages\/1808","targetHints":{"allow":["GET"]}}],"collection":[{"href":"https:\/\/www.nokiankylat.fi\/taivalkunta\/wp-json\/wp\/v2\/pages"}],"about":[{"href":"https:\/\/www.nokiankylat.fi\/taivalkunta\/wp-json\/wp\/v2\/types\/page"}],"author":[{"embeddable":true,"href":"https:\/\/www.nokiankylat.fi\/taivalkunta\/wp-json\/wp\/v2\/users\/4"}],"replies":[{"embeddable":true,"href":"https:\/\/www.nokiankylat.fi\/taivalkunta\/wp-json\/wp\/v2\/comments?post=1808"}],"version-history":[{"count":6,"href":"https:\/\/www.nokiankylat.fi\/taivalkunta\/wp-json\/wp\/v2\/pages\/1808\/revisions"}],"predecessor-version":[{"id":1815,"href":"https:\/\/www.nokiankylat.fi\/taivalkunta\/wp-json\/wp\/v2\/pages\/1808\/revisions\/1815"}],"up":[{"embeddable":true,"href":"https:\/\/www.nokiankylat.fi\/taivalkunta\/wp-json\/wp\/v2\/pages\/1776"}],"wp:attachment":[{"href":"https:\/\/www.nokiankylat.fi\/taivalkunta\/wp-json\/wp\/v2\/media?parent=1808"}],"curies":[{"name":"wp","href":"https:\/\/api.w.org\/{rel}","templated":true}]}}