{"id":1828,"date":"2017-02-02T20:08:52","date_gmt":"2017-02-02T18:08:52","guid":{"rendered":"http:\/\/www.nokiankylat.fi\/taivalkunta\/?page_id=1828"},"modified":"2017-03-11T16:24:04","modified_gmt":"2017-03-11T14:24:04","slug":"kylakirje-2-2-2017","status":"publish","type":"page","link":"https:\/\/www.nokiankylat.fi\/taivalkunta\/yhdistykset\/taivalkunnan-kylat-ry\/kylayhdistyksen-arkisto\/kylakirjeet\/kylakirjeet-2017\/kylakirje-2-2-2017\/","title":{"rendered":"Kyl\u00e4kirje 2-2-2017"},"content":{"rendered":"<p>Taivalkunnan kyl\u00e4t ry kutsuu kaikki kyl\u00e4l\u00e4iset talvitapahtumaan12.2.2017 kello 14.00. Kutsu l\u00f6ytyy my\u00f6s PDF-tiedostona t\u00e4\u00e4lt\u00e4\u00a0<a href=\"https:\/\/www.nokiankylat.fi\/taivalkunta\/wp-content\/uploads\/sites\/11\/2017\/02\/KUTSU-TALVITPAHTUMAAN-2017.pdf\">KUTSU TALVITPAHTUMAAN 2017<\/a>.<\/p>\n<p><a href=\"https:\/\/www.nokiankylat.fi\/taivalkunta\/wp-content\/uploads\/sites\/11\/2017\/02\/KUTSU-TALVITAPAHTUMAAN-2017-e1486111486880.jpg\"><img loading=\"lazy\" decoding=\"async\" class=\"alignnone wp-image-1835 size-medium\" src=\"https:\/\/www.nokiankylat.fi\/taivalkunta\/wp-content\/uploads\/sites\/11\/2017\/02\/KUTSU-TALVITAPAHTUMAAN-2017-e1486111486880-206x300.jpg\" width=\"206\" height=\"300\" srcset=\"https:\/\/www.nokiankylat.fi\/taivalkunta\/wp-content\/uploads\/sites\/11\/2017\/02\/KUTSU-TALVITAPAHTUMAAN-2017-e1486111486880-206x300.jpg 206w, https:\/\/www.nokiankylat.fi\/taivalkunta\/wp-content\/uploads\/sites\/11\/2017\/02\/KUTSU-TALVITAPAHTUMAAN-2017-e1486111486880-768x1119.jpg 768w, https:\/\/www.nokiankylat.fi\/taivalkunta\/wp-content\/uploads\/sites\/11\/2017\/02\/KUTSU-TALVITAPAHTUMAAN-2017-e1486111486880-703x1024.jpg 703w, https:\/\/www.nokiankylat.fi\/taivalkunta\/wp-content\/uploads\/sites\/11\/2017\/02\/KUTSU-TALVITAPAHTUMAAN-2017-e1486111486880.jpg 1408w\" sizes=\"auto, (max-width: 206px) 100vw, 206px\" \/><\/a><\/p>\n","protected":false},"excerpt":{"rendered":"<p>Taivalkunnan kyl\u00e4t ry kutsuu kaikki kyl\u00e4l\u00e4iset talvitapahtumaan12.2.2017 kello 14.00. Kutsu l\u00f6ytyy my\u00f6s PDF-tiedostona t\u00e4\u00e4lt\u00e4\u00a0KUTSU TALVITPAHTUMAAN 2017.<\/p>\n","protected":false},"author":4,"featured_media":0,"parent":1776,"menu_order":0,"comment_status":"closed","ping_status":"closed","template":"","meta":{"_acf_changed":false,"footnotes":""},"class_list":["post-1828","page","type-page","status-publish","hentry"],"acf":[],"_links":{"self":[{"href":"https:\/\/www.nokiankylat.fi\/taivalkunta\/wp-json\/wp\/v2\/pages\/1828","targetHints":{"allow":["GET"]}}],"collection":[{"href":"https:\/\/www.nokiankylat.fi\/taivalkunta\/wp-json\/wp\/v2\/pages"}],"about":[{"href":"https:\/\/www.nokiankylat.fi\/taivalkunta\/wp-json\/wp\/v2\/types\/page"}],"author":[{"embeddable":true,"href":"https:\/\/www.nokiankylat.fi\/taivalkunta\/wp-json\/wp\/v2\/users\/4"}],"replies":[{"embeddable":true,"href":"https:\/\/www.nokiankylat.fi\/taivalkunta\/wp-json\/wp\/v2\/comments?post=1828"}],"version-history":[{"count":5,"href":"https:\/\/www.nokiankylat.fi\/taivalkunta\/wp-json\/wp\/v2\/pages\/1828\/revisions"}],"predecessor-version":[{"id":1837,"href":"https:\/\/www.nokiankylat.fi\/taivalkunta\/wp-json\/wp\/v2\/pages\/1828\/revisions\/1837"}],"up":[{"embeddable":true,"href":"https:\/\/www.nokiankylat.fi\/taivalkunta\/wp-json\/wp\/v2\/pages\/1776"}],"wp:attachment":[{"href":"https:\/\/www.nokiankylat.fi\/taivalkunta\/wp-json\/wp\/v2\/media?parent=1828"}],"curies":[{"name":"wp","href":"https:\/\/api.w.org\/{rel}","templated":true}]}}