{"id":1845,"date":"2017-02-16T15:35:39","date_gmt":"2017-02-16T13:35:39","guid":{"rendered":"http:\/\/www.nokiankylat.fi\/taivalkunta\/?page_id=1845"},"modified":"2018-02-17T10:50:16","modified_gmt":"2018-02-17T08:50:16","slug":"toimintakertomus-2016","status":"publish","type":"page","link":"https:\/\/www.nokiankylat.fi\/taivalkunta\/yhdistykset\/taivalkunnan-kylat-ry\/kylayhdistyksen-arkisto\/toimintakertomus-2016\/","title":{"rendered":"Toimintakertomus 2016"},"content":{"rendered":"<p><strong>Taivalkunnan kyl\u00e4t ry vuosikertomus 2016<\/strong><\/p>\n<p>Yhdistyksen toiminta-alueena on koko Taivalkunta koostuen seuraavista kylist\u00e4: Taipale, Kohmala, Kennola, Vastam\u00e4ki, Memmola, Kassila, Haapaniemi, Kontaa, Lukkila ja K\u00e4rjenmaa.<\/p>\n<p>Yhdistyksen tarkoituksena on toimia Taivalkunnan asukkaiden ja yhteis\u00f6jen yhteisty\u00f6elimen\u00e4 pyrkimyksiss\u00e4 parantaa edell\u00e4 mainituilla alueilla vakituisesti tai vapaa-aikanaan asuvien ihmisten hyvinvointia.<\/p>\n<p>Yhdistyksen tarkoituksena on kannustaa toiminta-alueensa asukkaita yhteistoimintaan kotiseutunsa kehitt\u00e4miseksi sek\u00e4 kehitt\u00e4\u00e4 yhteisty\u00f6t\u00e4 toiminta-alueensa p\u00e4\u00e4tt\u00e4jien ja viranhaltijoiden kanssa kylien kehitt\u00e4misess\u00e4 ja kylien asukkaiden hyvinvoinnin parantamisessa. Tarkoituksena on verkostoitua muiden vastaavien tahojen ja maaseudun kehitt\u00e4misorganisaatioiden kanssa.<\/p>\n<p>Vuosi 2016 oli vilkas toiminnan vuosi ja toiminta kulki tiedostetusti kohti sovittuja p\u00e4\u00e4m\u00e4\u00e4ri\u00e4.<\/p>\n<p><strong>Hallinto<\/strong><\/p>\n<p>Taivalkunnan kyl\u00e4t ry:n hallitukseen 2016 ovat kuuluneet puheenjohtaja Olli Sorva, varapuheenjohtaja Tomi Teuho-Markkola, sihteeri Minna M\u00e4kinen, taloudenhoitaja Anja Mattila ja muut j\u00e4senet Elina J\u00e4rvinen, Teemu Lehtim\u00e4ki, Terhi Leskinen sek\u00e4 Reeta Juvonen.<\/p>\n<p>Toiminnantarkastajana kaudella 2016 toimi Sisko Sorva ja h\u00e4nen varahenkil\u00f6n\u00e4\u00e4n Leena Myllyntausta.<\/p>\n<p>Taivalkunnan kyl\u00e4t ry:n kev\u00e4tkokous pidettiin 27.4.2016 ja syyskokous 16.11.2016.<\/p>\n<p><strong>\u00a0<\/strong><\/p>\n<p><strong>Hallituksen kokoukset ja edustukset<\/strong><\/p>\n<p>Taivalkunnan kyl\u00e4t ry:n hallitus piti vuonna 2016 omia kokouksiaan viisi kertaa. Kokousten yhteishenki oli hyv\u00e4 ja niinp\u00e4 asioita saatiin eteenp\u00e4in vauhdilla ja aikaa oli paneutua my\u00f6s tulevaisuuden toimintaan ja kehitysn\u00e4kymiin.<\/p>\n<p>Nokian kylien yhteistapaaminen oli ti 26.4.2016 klo 17 Nokian kaupungintalon valtuustosalissa. Yhdistyst\u00e4mme tuossa tilaisuudessa edusti puheenjohtajamme ja paikalla oli muutama muukin Taivalkuntalainen. Illan aiheena oli kylien ajankohtaiset sek\u00e4 kyl\u00e4aktivaattorin palvelut. Kaupungin edustajana oli elinkeinop\u00e4\u00e4llikk\u00f6 Henry Moisio ja Kantri ry:st\u00e4 kyl\u00e4aktivaattori Anna Kulmakorpi.<\/p>\n<p>Kyl\u00e4yhdistyksemme edustajana pj. Olli Sorva oli paikalla Hinttalassa 8.6 kaupungin kulttuuritoimen j\u00e4rjest\u00e4m\u00e4ss\u00e4 Nokialla toimivien lastenkulttuuritoimijoiden yhteistapaamisessa. Aiheina mm. Suomi100- ja Nokia 80-info sek\u00e4 ideointia Nokia-viikolle juhlap\u00e4iv\u00e4\u00e4n (la 20.5.2017) osana kaupungin 80-vuotisjuhlavuotta.<\/p>\n<p>Puheenjohtajamme oli edustamassa yhdistyst\u00e4mme Tottij\u00e4rven Jukolassa 7.9 olleessa teemaillassa. Aiheena olivat kyl\u00e4- ja seurantalojen pihat sek\u00e4 kyl\u00e4maisema. Maisemasuunnittelija Jutta Ahro oli puhumassa miten alueita voisi kehitt\u00e4\u00e4. Tilaisuuden j\u00e4rjesti Kantrin kyl\u00e4aktivaattori hanke.<\/p>\n<p><strong>Aloitteet ja vetoomukset<\/strong><\/p>\n<p>Taulaj\u00e4rven uimapaikan k\u00e4ytt\u00f6 on puhuttanut kyl\u00e4l\u00e4isi\u00e4 ja her\u00e4tt\u00e4nyt kysymyksi\u00e4. Kyl\u00e4yhdistyksen pj. Olli Sorva on k\u00e4ynyt asiasta s\u00e4hk\u00f6postikeskustelua 8.3.2016 kaupunginpuutarhuri Jyrki Lehtim\u00e4en kanssa. Rakentavassa keskustelussa tuli ilmi, ett\u00e4 kaupungilla ei ole rahaa tehd\u00e4 paikasta virallista uimarantaa, mutta ei my\u00f6sk\u00e4\u00e4n ole mit\u00e4\u00e4n sit\u00e4 vastaan, jos jatkossakin k\u00e4yt\u00e4mme paikkaa jokamiehen oikeuden nojalla.<\/p>\n<p>5.10.2016 oli Harjunniityn koululla info liittyen kouluverkkoselvitykseen. Kyl\u00e4yhdistyksemme edustus ja paljon muitakin kyl\u00e4l\u00e4isi\u00e4 oli kuuntelemassa selvityst\u00e4, joka loi vakavan lopettamisuhan kyl\u00e4koulujen ylle ja hyvin kyseenalaisin perustein.<\/p>\n<p>Kyl\u00e4yhdistyksen pj. oli mukana Taivalkunnan vanhempainyhdistyksen palaverissa 14.10, jossa mietittiin vastinetta kaupungin ehdotuksille hyl\u00e4t\u00e4 kylien koulut ilman j\u00e4rkev\u00e4\u00e4 perustetta. Taivalkunnan kyl\u00e4t ry teki Taivalkunnan koulun vanhempainyhdistyksen kanssa vetoomuksen kyl\u00e4koulumme puolesta 17.10.2016. Vetoomus toimitettiin kaupunginjohtajalle, kaupunginhallituksen puheenjohtajalle, lautakunnan puheenjohtajalle ja allekirjoitettuna my\u00f6s sivistysjohtaja Pikalle. Teksti laitettiin my\u00f6s kaupungin sivuille kyseisen asian palautekanavaan. Loppuvuodesta saimme kuulla, ett\u00e4 kaupunki oli muuttanut alustavaa p\u00e4\u00e4t\u00f6st\u00e4\u00e4n ja antanut kyl\u00e4kouluille viiden vuoden ty\u00f6rauhan ja vasta sitten tarkastelee asiaa uudestaan. T\u00e4m\u00e4 uusi kaupungin p\u00e4\u00e4t\u00f6s on nyt yhdistyksemme mielest\u00e4 j\u00e4rkev\u00e4.<\/p>\n<p><strong>Kevyen liiketeen v\u00e4yl\u00e4 ja kyl\u00e4n tietoliikenneyhteydet<\/strong><\/p>\n<p>Nyt tuo kyl\u00e4yhdistyksen pitk\u00e4\u00e4n ajama asia nytk\u00e4hti eteenp\u00e4in, kun saimme ELY-keskuksen tekem\u00e4\u00e4n suunnitelman kevyenliikenteen v\u00e4yl\u00e4st\u00e4. Juuri ennen kev\u00e4tkokoustamme (27.4) oli yleis\u00f6tilaisuus, jossa Ramboll esitteli alustavaa suunnitelmaa. V\u00e4ke\u00e4 oli paikalla noin 50 henke\u00e4 ja mukaan oli saatu my\u00f6s kaupungin ja Nokian veden edustus.<\/p>\n<p>Elenia on laittamassa s\u00e4hk\u00f6verkkoaan ensi kev\u00e4\u00e4n\u00e4 maan alle ja kyl\u00e4yhdistys on huolissaan mit\u00e4 tulee tilalle, kun samassa yhteydess\u00e4 Elisa on poistamassa kupariverkkoaan yhteisk\u00e4ytt\u00f6pylv\u00e4ist\u00e4. Syksyn 2016 aikana on k\u00e4yty neuvotteluja verkko-operaattori Elisan kanssa kyseisest\u00e4 asiasta ja n\u00e4ytt\u00e4\u00e4 silt\u00e4, ett\u00e4 asiaan saadaan tyydytt\u00e4v\u00e4 ratkaisu. Ajatus on, ett\u00e4 nettiyhteydet paranisivat Elisan verkkosaneerauksen yhteydess\u00e4. Tuossa saneerausasiassa ei ole viel\u00e4 p\u00e4\u00e4t\u00f6st\u00e4, mutta suunnittelu on operaattorilla k\u00e4ynniss\u00e4 ja yhdistyksemme on aktiivinen asian suhteen my\u00f6s tulevan kev\u00e4\u00e4n 2017 aikana.<\/p>\n<p><strong>Turvallisuussuunnitelma<\/strong><\/p>\n<p>Taivalkunnan kyl\u00e4t ry:n hallitus antoi turvallisuussuunnitelman toteuttamisen teht\u00e4v\u00e4ksi ty\u00f6tyhm\u00e4lle, johon nimettiin Minna M\u00e4kinen, Olli Sorva ja Tomi Teuho-Markkola. Olli Sorva nimettiin ryhm\u00e4n koollekutsujaksi. Ryhm\u00e4n aloituspalaveri oli 28.1 ja siin\u00e4 oli mukana ty\u00f6ryhm\u00e4mme lis\u00e4ksi kutsuttuina Pirkanmaan kyl\u00e4asiamies Marja Vehn\u00e4maa (Pirkan kyl\u00e4t ry) ja Kyl\u00e4aktivaattori Anna Kulmakorpi (Kantri ry). Toinen ty\u00f6ryhm\u00e4n kokous oli 30.3, jossa ryhm\u00e4n lis\u00e4ksi kutsuttuina olivat paikalla Pirkanmaan kyl\u00e4asiamies Marja Vehn\u00e4maa (Pirkan kyl\u00e4t ry) ja elinkeinop\u00e4\u00e4llikk\u00f6 Henry Moisio (Nokian Kaupunki). K\u00e4ytett\u00e4viss\u00e4mme oli my\u00f6s kyl\u00e4illassa 16.3 saamamme anti.<\/p>\n<p>27.4.2016 Kyl\u00e4yhdistyksen pj. Olli Sorva piti palaveria kaupungintalolla Lauri V\u00e4h\u00e4talon kanssa aineena Taivalkunnan kyl\u00e4turvallisuussuunnitelma.<\/p>\n<p>Kyl\u00e4yhdistyksen hallitus k\u00e4sitteli turvallisuussuunnitelman kokouksessaan 5.9.2016 ja suunnitelma julkaistiin kyl\u00e4illassa 10.10.2016. Suunnitelma l\u00f6ytyy kyl\u00e4n sivuilta.<\/p>\n<p><strong>Talvitapahtuma<\/strong><\/p>\n<p>Talvitapahtumaa vietettiin Jutkulan m\u00e4ess\u00e4 7.2 kello 14.00 alkaen. Ohjelmassa oli pulkkam\u00e4ke\u00e4, hiihtokilpailu lapsille ja makkaranpaistoa nuotiolla. Talvitapahtuma veti yli 60 kyl\u00e4l\u00e4ist\u00e4 yhdess\u00e4oloon.<\/p>\n<p><strong>Kev\u00e4\u00e4n kyl\u00e4ilta <\/strong><\/p>\n<p>Kyl\u00e4illan 16.3.2016 teemana oli kyl\u00e4turvallisuus. Olli Sorvan diaesitys kertoi yhdistyksen tiedottamistavoista, kyl\u00e4l\u00e4isilt\u00e4 tulleesta palautteesta sek\u00e4 hallituksen ja ty\u00f6ryhm\u00e4n kokoonpanosta. My\u00f6s lasten turvallisuuspalaute oli esill\u00e4.<\/p>\n<p>Koulumme rehtori Marika Pajunen kertoi turvallisuudesta koulun n\u00e4k\u00f6kulmasta ja toi ajatuksia kyl\u00e4n yhteisist\u00e4 asioista. Marja Vehn\u00e4maa kertoi Pirkan Kylien terveiset sek\u00e4 alusti turvallisuuskysymyst\u00e4. Paikalla oli noin 20 henkil\u00f6\u00e4 ja arjen asioita turvallisuusn\u00e4k\u00f6kulmasta k\u00e4ytiin l\u00e4pi ja mietittiin voisiko jotenkin turvallisuutta lis\u00e4t\u00e4.<\/p>\n<p><strong>Kev\u00e4tkarkelot<\/strong><\/p>\n<p>Kev\u00e4tp\u00e4iv\u00e4 26.5.2016 ei s\u00e4\u00e4n puolesta suosinut, mutta meill\u00e4 koululla oli perinteiset kev\u00e4tkarkelot. Karkelot j\u00e4rjestettiin Taivalkunnassa toimivien eri yhdistysten yhteisvoimin ja vastuullisena toimijana oli Taivalkunnan Kyl\u00e4t ry. Ohjelmassa oli kasvomaalausta, ongintaa, kisailua, heppa-ajelua, lapset vastaan aikuiset jalkapallo-ottelu ja mukavaa yhdess\u00e4oloa sek\u00e4 muurinpohjalettuja, makkaraa ja kahvia. V\u00e4ke\u00e4 oli paikalla noin 80 henke\u00e4.<\/p>\n<p><strong>Syksyn kyl\u00e4ilta<\/strong><\/p>\n<p>Ilta oli jatkoa kev\u00e4\u00e4n turvallisuusillalle. Syksyn tilaisuus oli 10.10.2016 ja kutsuttuna alustajina oli Nokian kaupungin kehityspalveluista Lauri V\u00e4h\u00e4talo sek\u00e4 Pirkan kylien Kyl\u00e4asiamies Marja Vehn\u00e4maa. Koulumme rehtori Marika Pajunen oli kertomassa, miten koululaisetkin olivat viett\u00e4neet t\u00e4t\u00e4 kyl\u00e4n turvallisuusp\u00e4iv\u00e4\u00e4. N\u00e4ytill\u00e4 oli my\u00f6s oppilaiden tekem\u00e4t 43 kuvaa turvallisesta liikkumisesta ja n\u00e4kymisest\u00e4 liikenteess\u00e4. Parhaat ty\u00f6t valitsivat opettajat ja kyl\u00e4yhdistys palkitsi ne Nokian S\u00e4hk\u00f6talon lahjoittamilla palkinnoilla. Palkinnot saivat tyt\u00f6ist\u00e4 Neea Isom\u00e4ki 2lk ja pojista Niko Sorva 5lk.<\/p>\n<p>Lauri V\u00e4h\u00e4talo oli puhumassa varautumisasioista kunnan n\u00e4k\u00f6kulmasta ja kyl\u00e4st\u00e4 osana kuntaa.<\/p>\n<p>Marja Vehn\u00e4maa puhui varautumisesta yksitt\u00e4isen ihmisen n\u00e4k\u00f6kulmasta. Mit\u00e4 olisi aina hyv\u00e4 olla kotona ja miten yll\u00e4tt\u00e4viin tilanteisiin kannattaisi varautua. Olli Sorva Taivalkunnan kyl\u00e4t ry:st\u00e4 julkaisi kyl\u00e4n turvallisuussuunnitelman ja k\u00e4vi l\u00e4pi 13-osaisen diaesityksen. Suunnitelma l\u00f6ytyy netist\u00e4 kyl\u00e4yhdistyksen sivuilta ja koko diaesitys on my\u00f6s n\u00e4ht\u00e4viss\u00e4 Kokoukset ja kyl\u00e4illat-osiossa.<\/p>\n<p><strong>Nuorten asiat<\/strong><\/p>\n<p>Edelliskev\u00e4\u00e4n\u00e4 pidetyn lasten kyl\u00e4kyselyn pohjalta turvallisuusty\u00f6ryhm\u00e4 mietti asioita my\u00f6s lasten n\u00e4k\u00f6kulmasta ja pyrki ottamaan ne mukaan kyl\u00e4n turvallisuussuunnitelmaan. Koulun rehtorin j\u00e4rjest\u00e4m\u00e4 syksyinen piirustuskilpailu toi my\u00f6s esiin lasten ajatuksia ja niit\u00e4 hy\u00f6dynnet\u00e4\u00e4n my\u00f6s jatkossakin. Eri-ik\u00e4isten ihmisten keskin\u00e4inen yhteisty\u00f6 sujuu kyl\u00e4ll\u00e4, mutta vuorovaikutusta halutaan jatkossa lis\u00e4t\u00e4 osana kyl\u00e4viihtyvyytt\u00e4.<\/p>\n<p><strong>Julkisuuskuvan rakentaminen<\/strong><\/p>\n<p>Vuonna 2016 yhten\u00e4 painopoistealueena oli kyl\u00e4yhdistyksen toiminnan avoimuus ja tiedotuksen lis\u00e4\u00e4minen voimakkaasti. Vahvistettiin siis yhdistyksen julkisuuskuvaa (br\u00e4ndi\u00e4). Tiedotus oli s\u00e4\u00e4nn\u00f6llist\u00e4 ja kyl\u00e4kirjeiden m\u00e4\u00e4r\u00e4\u00e4 lis\u00e4ttiin s\u00e4hk\u00f6postitse ja postilaatikkojakona. Taivalkunnan kotisivu-uudistus saatiin maaliin. Oltiin yhteydess\u00e4 kaupungin virkailijoihin ja kehitettiin yhteisty\u00f6t\u00e4 median kanssa. Kyl\u00e4n yhteiset asiat saivat paljon lis\u00e4\u00e4 palstatilaa paikallislehdess\u00e4 ja radio Musassakin oli tarinaa kyl\u00e4lt\u00e4mme. Kaikki edell\u00e4 mainittu l\u00f6ytyy kyl\u00e4n sivuilta lehtileikkeist\u00e4, uutisista ja kyl\u00e4kirjeist\u00e4. Koulu on aina ollut yhteisty\u00f6kumppanimme ja muutenkin my\u00f6t\u00e4mielinen toiminnallemme. Syksyll\u00e4 vuoden 2017 toimintasuunnitelmaan kirjattiin lis\u00e4materiaalin tuottaminen kotisivuillemme ja sen arkistointi hyvin l\u00f6ytyv\u00e4\u00e4n muotoon.<\/p>\n<p><strong>Muistamiset ja stipendit<\/strong><\/p>\n<p>Kev\u00e4\u00e4ll\u00e4 2016 Taivalkunnan kyl\u00e4t ry stipendit meniv\u00e4t kouluille jakoon seuraavasti:<\/p>\n<p>Taivalkunnan alakoulu 2 x 30,00eur stipendit kiva kaveri periaatteella saivat Aleksi Saarela ja Mona Granath<\/p>\n<p>Em\u00e4kosken yl\u00e4koulu 50eur stipendi parhaalle p\u00e4\u00e4sev\u00e4lle 9-luokkalaiselle, Venla Haavisto 9F<\/p>\n<p>Nokianvirran yl\u00e4koululla ei ollut p\u00e4\u00e4sevi\u00e4 taivalkuntalaisia 9-luokkalaisia.<\/p>\n<p><strong>Liikunnan iloa<\/strong><\/p>\n<p>Taivalkunnan Kyl\u00e4t ry sai j\u00e4rjestetyksi kev\u00e4tkaudelle 2016 koululle viikoittaiset Kahvakuula ja PhysioPilates-tunnit. Kyl\u00e4l\u00e4iset toivoivat, ett\u00e4 jatkoakin tunneille saataisiin.<\/p>\n<p>Kes\u00e4-elokuussa oli kyl\u00e4yhdistyksen j\u00e4rjest\u00e4m\u00e4t pes\u00e4pallopelit parin viikon v\u00e4lein. Mukana oli kaikenik\u00e4iset eik\u00e4 aiempaa pelikokemusta tarvittu.<\/p>\n<p><strong>Joululaulut ilta<\/strong><\/p>\n<p>Taivalkunnan kyl\u00e4t ry j\u00e4rjesti koululla yhteislauluillan 21.12.2016 ja laulajia oli yli 60 henkil\u00f6\u00e4. Paikalla oli nykyisi\u00e4 ja entisi\u00e4 kyl\u00e4l\u00e4isi\u00e4 ja tunnelma oli l\u00e4mminhenkinen. Kyl\u00e4yhteis\u00f6mme on pieni, joten v\u00e4ke\u00e4 oli todella kiitett\u00e4v\u00e4sti. Laulattajana oli Tomi. Laulujen lomassa oli my\u00f6s kyl\u00e4n aikamiesten &#8221;tiernapappaesitys&#8221;, joka my\u00f6s osoittautui menestykseksi. Toivottavasti perinne jatkuu tulevina vuosina.<\/p>\n<p><strong>Tulevaisuuden n\u00e4kym\u00e4t<\/strong><\/p>\n<p>Kyl\u00e4yhdistys on suunnittelemassa kaupungin kanssa teht\u00e4v\u00e4\u00e4 pilottihanketta lis\u00e4\u00e4m\u00e4\u00e4n kyl\u00e4l\u00e4isten turvallisuuden tunnetta. Hankkeen idea on l\u00e4ht\u00f6isin kyl\u00e4yhdistykselt\u00e4mme ja siksi olemme olleet asiassa aktiivisia. Pj. Olli Sorva oli mukana kaupungintalolla palaverissa14.12.2016, jossa t\u00e4t\u00e4 asiaa k\u00e4ytiin l\u00e4pi. Mukana palaverissa Ollin lis\u00e4ksi olivat kaupungin edustajina kehityspalveluista Lauri V\u00e4h\u00e4talo (h\u00e4nelle kuuluu kunnan turvallisuusasiat) ja perusturvajohtaja Eeva Halme. Koska meid\u00e4n \u201dpilotoimaa\u201d hanketta on tarkoitus laajentaa koskemaan mahdollisesti muitakin Pirkanmaan kyli\u00e4, niin mukana olivat my\u00f6s Kantri ry:lt\u00e4 Anna Kulmakorpi ja Pirkan kyl\u00e4t ry:lt\u00e4 Marja Vehn\u00e4maa. Kun sopimusehdotus saadaan valmiiksi, niin sitten tehd\u00e4\u00e4n lopullinen p\u00e4\u00e4t\u00f6s mahdollisesta yhteisty\u00f6st\u00e4. T\u00e4m\u00e4 toteutunee ehk\u00e4 jo kev\u00e4\u00e4n 2017 aikana.<\/p>\n<p>Kyl\u00e4yhdistyksen hallitus on koostunut toiminnallisista ja yhteisty\u00f6kykyisist\u00e4 henkil\u00f6ist\u00e4 sek\u00e4 lis\u00e4ksi kyl\u00e4l\u00e4iset olivat kiitett\u00e4v\u00e4sti mukana toiminnassa ja rakentamassa yhteishenke\u00e4. T\u00e4m\u00e4 takaa kivalle kyl\u00e4llemme hyv\u00e4t tulevaisuudenn\u00e4kym\u00e4t. Siksi kyl\u00e4yhdistyksen hallituksen puheenjohtajana ja toimintakertomuksen laatijana Olli Sorva haluaa kiitt\u00e4\u00e4 kaikkia kyl\u00e4l\u00e4isi\u00e4 siit\u00e4, ett\u00e4 olemme menossa hyv\u00e4\u00e4n suuntaan.<\/p>\n<p>Taivalkunnan Kyl\u00e4t ry hallitus 31.12.2016<\/p>\n","protected":false},"excerpt":{"rendered":"<p>Taivalkunnan kyl\u00e4t ry vuosikertomus 2016 Yhdistyksen toiminta-alueena on koko Taivalkunta koostuen seuraavista kylist\u00e4: Taipale, Kohmala, Kennola, Vastam\u00e4ki, Memmola, Kassila, Haapaniemi, Kontaa, Lukkila ja K\u00e4rjenmaa. Yhdistyksen tarkoituksena on toimia Taivalkunnan asukkaiden ja yhteis\u00f6jen yhteisty\u00f6elimen\u00e4 pyrkimyksiss\u00e4 parantaa edell\u00e4 mainituilla alueilla vakituisesti tai vapaa-aikanaan asuvien ihmisten hyvinvointia. Yhdistyksen tarkoituksena on kannustaa toiminta-alueensa asukkaita yhteistoimintaan kotiseutunsa kehitt\u00e4miseksi sek\u00e4 kehitt\u00e4\u00e4 &hellip; <a href=\"https:\/\/www.nokiankylat.fi\/taivalkunta\/yhdistykset\/taivalkunnan-kylat-ry\/kylayhdistyksen-arkisto\/toimintakertomus-2016\/\">Jatkuu<\/a><\/p>\n","protected":false},"author":4,"featured_media":0,"parent":186,"menu_order":0,"comment_status":"closed","ping_status":"closed","template":"","meta":{"_acf_changed":false,"footnotes":""},"class_list":["post-1845","page","type-page","status-publish","hentry"],"acf":[],"_links":{"self":[{"href":"https:\/\/www.nokiankylat.fi\/taivalkunta\/wp-json\/wp\/v2\/pages\/1845","targetHints":{"allow":["GET"]}}],"collection":[{"href":"https:\/\/www.nokiankylat.fi\/taivalkunta\/wp-json\/wp\/v2\/pages"}],"about":[{"href":"https:\/\/www.nokiankylat.fi\/taivalkunta\/wp-json\/wp\/v2\/types\/page"}],"author":[{"embeddable":true,"href":"https:\/\/www.nokiankylat.fi\/taivalkunta\/wp-json\/wp\/v2\/users\/4"}],"replies":[{"embeddable":true,"href":"https:\/\/www.nokiankylat.fi\/taivalkunta\/wp-json\/wp\/v2\/comments?post=1845"}],"version-history":[{"count":2,"href":"https:\/\/www.nokiankylat.fi\/taivalkunta\/wp-json\/wp\/v2\/pages\/1845\/revisions"}],"predecessor-version":[{"id":2112,"href":"https:\/\/www.nokiankylat.fi\/taivalkunta\/wp-json\/wp\/v2\/pages\/1845\/revisions\/2112"}],"up":[{"embeddable":true,"href":"https:\/\/www.nokiankylat.fi\/taivalkunta\/wp-json\/wp\/v2\/pages\/186"}],"wp:attachment":[{"href":"https:\/\/www.nokiankylat.fi\/taivalkunta\/wp-json\/wp\/v2\/media?parent=1845"}],"curies":[{"name":"wp","href":"https:\/\/api.w.org\/{rel}","templated":true}]}}