{"id":1859,"date":"2017-02-17T19:58:25","date_gmt":"2017-02-17T17:58:25","guid":{"rendered":"http:\/\/www.nokiankylat.fi\/taivalkunta\/?page_id=1859"},"modified":"2017-02-18T10:11:24","modified_gmt":"2017-02-18T08:11:24","slug":"nokian-uutiset-2-5-2016","status":"publish","type":"page","link":"https:\/\/www.nokiankylat.fi\/taivalkunta\/kuvat\/lehtileikkeita\/lehtileikkeita-2016\/nokian-uutiset-2-5-2016\/","title":{"rendered":"Nokian Uutiset 2-5-2016"},"content":{"rendered":"<figure id=\"attachment_1848\" aria-describedby=\"caption-attachment-1848\" style=\"width: 300px\" class=\"wp-caption alignnone\"><a href=\"http:\/\/nokiankylat.fi\/taivalkunta\/wp-content\/uploads\/sites\/11\/2017\/02\/NU-2-5-2016-e1487353150993.jpg\"><img loading=\"lazy\" decoding=\"async\" class=\"size-medium wp-image-1848\" src=\"https:\/\/www.nokiankylat.fi\/taivalkunta\/wp-content\/uploads\/sites\/11\/2017\/02\/NU-2-5-2016-e1487353150993-300x285.jpg\" alt=\"\" width=\"300\" height=\"285\" srcset=\"https:\/\/www.nokiankylat.fi\/taivalkunta\/wp-content\/uploads\/sites\/11\/2017\/02\/NU-2-5-2016-e1487353150993-300x285.jpg 300w, https:\/\/www.nokiankylat.fi\/taivalkunta\/wp-content\/uploads\/sites\/11\/2017\/02\/NU-2-5-2016-e1487353150993-768x731.jpg 768w, https:\/\/www.nokiankylat.fi\/taivalkunta\/wp-content\/uploads\/sites\/11\/2017\/02\/NU-2-5-2016-e1487353150993-1024x974.jpg 1024w\" sizes=\"auto, (max-width: 300px) 100vw, 300px\" \/><\/a><figcaption id=\"caption-attachment-1848\" class=\"wp-caption-text\">Kevyenliikenteen v\u00e4yl\u00e4suunnitelman tiedotustilaisuus. Kyl\u00e4yhdistyksen pj:n tekam\u00e4 juttu.<\/figcaption><\/figure>\n","protected":false},"excerpt":{"rendered":"","protected":false},"author":4,"featured_media":0,"parent":794,"menu_order":0,"comment_status":"closed","ping_status":"closed","template":"","meta":{"_acf_changed":false,"footnotes":""},"class_list":["post-1859","page","type-page","status-publish","hentry"],"acf":[],"_links":{"self":[{"href":"https:\/\/www.nokiankylat.fi\/taivalkunta\/wp-json\/wp\/v2\/pages\/1859","targetHints":{"allow":["GET"]}}],"collection":[{"href":"https:\/\/www.nokiankylat.fi\/taivalkunta\/wp-json\/wp\/v2\/pages"}],"about":[{"href":"https:\/\/www.nokiankylat.fi\/taivalkunta\/wp-json\/wp\/v2\/types\/page"}],"author":[{"embeddable":true,"href":"https:\/\/www.nokiankylat.fi\/taivalkunta\/wp-json\/wp\/v2\/users\/4"}],"replies":[{"embeddable":true,"href":"https:\/\/www.nokiankylat.fi\/taivalkunta\/wp-json\/wp\/v2\/comments?post=1859"}],"version-history":[{"count":4,"href":"https:\/\/www.nokiankylat.fi\/taivalkunta\/wp-json\/wp\/v2\/pages\/1859\/revisions"}],"predecessor-version":[{"id":1892,"href":"https:\/\/www.nokiankylat.fi\/taivalkunta\/wp-json\/wp\/v2\/pages\/1859\/revisions\/1892"}],"up":[{"embeddable":true,"href":"https:\/\/www.nokiankylat.fi\/taivalkunta\/wp-json\/wp\/v2\/pages\/794"}],"wp:attachment":[{"href":"https:\/\/www.nokiankylat.fi\/taivalkunta\/wp-json\/wp\/v2\/media?parent=1859"}],"curies":[{"name":"wp","href":"https:\/\/api.w.org\/{rel}","templated":true}]}}