{"id":1879,"date":"2017-02-18T09:51:46","date_gmt":"2017-02-18T07:51:46","guid":{"rendered":"http:\/\/www.nokiankylat.fi\/taivalkunta\/?page_id=1879"},"modified":"2017-02-18T10:48:09","modified_gmt":"2017-02-18T08:48:09","slug":"nokian-seutu-22-6-2016","status":"publish","type":"page","link":"https:\/\/www.nokiankylat.fi\/taivalkunta\/kuvat\/lehtileikkeita\/lehtileikkeita-2016\/nokian-seutu-22-6-2016\/","title":{"rendered":"Nokian Seutu 22-6-2016"},"content":{"rendered":"<figure id=\"attachment_1857\" aria-describedby=\"caption-attachment-1857\" style=\"width: 237px\" class=\"wp-caption alignnone\"><a href=\"http:\/\/nokiankylat.fi\/taivalkunta\/wp-content\/uploads\/sites\/11\/2017\/02\/NOKIAN-SEUTU-22-6-2016-e1487353872994.jpg\"><img loading=\"lazy\" decoding=\"async\" class=\"size-medium wp-image-1857\" src=\"https:\/\/www.nokiankylat.fi\/taivalkunta\/wp-content\/uploads\/sites\/11\/2017\/02\/NOKIAN-SEUTU-22-6-2016-e1487353872994-237x300.jpg\" alt=\"\" width=\"237\" height=\"300\" srcset=\"https:\/\/www.nokiankylat.fi\/taivalkunta\/wp-content\/uploads\/sites\/11\/2017\/02\/NOKIAN-SEUTU-22-6-2016-e1487353872994-237x300.jpg 237w, https:\/\/www.nokiankylat.fi\/taivalkunta\/wp-content\/uploads\/sites\/11\/2017\/02\/NOKIAN-SEUTU-22-6-2016-e1487353872994-768x973.jpg 768w, https:\/\/www.nokiankylat.fi\/taivalkunta\/wp-content\/uploads\/sites\/11\/2017\/02\/NOKIAN-SEUTU-22-6-2016-e1487353872994-808x1024.jpg 808w\" sizes=\"auto, (max-width: 237px) 100vw, 237px\" \/><\/a><figcaption id=\"caption-attachment-1857\" class=\"wp-caption-text\">Kulttuurimaisemaa ja kyl\u00e4henke\u00e4. Toimittajan oppaina Sisko ja Olli Sorva.<\/figcaption><\/figure>\n<figure id=\"attachment_1858\" aria-describedby=\"caption-attachment-1858\" style=\"width: 300px\" class=\"wp-caption alignnone\"><a href=\"http:\/\/nokiankylat.fi\/taivalkunta\/wp-content\/uploads\/sites\/11\/2017\/02\/NOKIAN-SEUTU-22-6-2016_2-e1487353932692.jpg\"><img loading=\"lazy\" decoding=\"async\" class=\"size-medium wp-image-1858\" src=\"https:\/\/www.nokiankylat.fi\/taivalkunta\/wp-content\/uploads\/sites\/11\/2017\/02\/NOKIAN-SEUTU-22-6-2016_2-e1487353932692-300x131.jpg\" alt=\"\" width=\"300\" height=\"131\" srcset=\"https:\/\/www.nokiankylat.fi\/taivalkunta\/wp-content\/uploads\/sites\/11\/2017\/02\/NOKIAN-SEUTU-22-6-2016_2-e1487353932692-300x131.jpg 300w, https:\/\/www.nokiankylat.fi\/taivalkunta\/wp-content\/uploads\/sites\/11\/2017\/02\/NOKIAN-SEUTU-22-6-2016_2-e1487353932692-768x336.jpg 768w, https:\/\/www.nokiankylat.fi\/taivalkunta\/wp-content\/uploads\/sites\/11\/2017\/02\/NOKIAN-SEUTU-22-6-2016_2-e1487353932692-1024x448.jpg 1024w\" sizes=\"auto, (max-width: 300px) 100vw, 300px\" \/><\/a><figcaption id=\"caption-attachment-1858\" class=\"wp-caption-text\">Kyl\u00e4koulua ja yritt\u00e4jyytt\u00e4<\/figcaption><\/figure>\n","protected":false},"excerpt":{"rendered":"","protected":false},"author":4,"featured_media":0,"parent":794,"menu_order":0,"comment_status":"closed","ping_status":"closed","template":"","meta":{"_acf_changed":false,"footnotes":""},"class_list":["post-1879","page","type-page","status-publish","hentry"],"acf":[],"_links":{"self":[{"href":"https:\/\/www.nokiankylat.fi\/taivalkunta\/wp-json\/wp\/v2\/pages\/1879","targetHints":{"allow":["GET"]}}],"collection":[{"href":"https:\/\/www.nokiankylat.fi\/taivalkunta\/wp-json\/wp\/v2\/pages"}],"about":[{"href":"https:\/\/www.nokiankylat.fi\/taivalkunta\/wp-json\/wp\/v2\/types\/page"}],"author":[{"embeddable":true,"href":"https:\/\/www.nokiankylat.fi\/taivalkunta\/wp-json\/wp\/v2\/users\/4"}],"replies":[{"embeddable":true,"href":"https:\/\/www.nokiankylat.fi\/taivalkunta\/wp-json\/wp\/v2\/comments?post=1879"}],"version-history":[{"count":2,"href":"https:\/\/www.nokiankylat.fi\/taivalkunta\/wp-json\/wp\/v2\/pages\/1879\/revisions"}],"predecessor-version":[{"id":1900,"href":"https:\/\/www.nokiankylat.fi\/taivalkunta\/wp-json\/wp\/v2\/pages\/1879\/revisions\/1900"}],"up":[{"embeddable":true,"href":"https:\/\/www.nokiankylat.fi\/taivalkunta\/wp-json\/wp\/v2\/pages\/794"}],"wp:attachment":[{"href":"https:\/\/www.nokiankylat.fi\/taivalkunta\/wp-json\/wp\/v2\/media?parent=1879"}],"curies":[{"name":"wp","href":"https:\/\/api.w.org\/{rel}","templated":true}]}}