{"id":1958,"date":"2017-02-18T16:45:16","date_gmt":"2017-02-18T14:45:16","guid":{"rendered":"http:\/\/www.nokiankylat.fi\/taivalkunta\/?page_id=1958"},"modified":"2020-02-16T12:18:07","modified_gmt":"2020-02-16T10:18:07","slug":"valokuvat-2017","status":"publish","type":"page","link":"https:\/\/www.nokiankylat.fi\/taivalkunta\/kuvat\/valokuvia\/valokuvat-2017\/","title":{"rendered":"Valokuvat 2017"},"content":{"rendered":"<p><span style=\"float: none;background-color: #ffffff;color: #222222;cursor: text;font-family: 'Open Sans','Helvetica Neue',Helvetica,Arial,sans-serif;font-size: 16px;font-style: normal;font-variant: normal;font-weight: 400;letter-spacing: normal;text-align: left;text-decoration: none;text-indent: 0px;text-transform: none\">Kyl\u00e4yhdistys on arkistoinut t\u00e4nne vuoden mittaan\u00a0olleista tapahtumista valokuvia. Kyseinen galleria avautuu aina napsauttamalla p\u00e4iv\u00e4m\u00e4\u00e4r\u00e4\u00e4.<\/span><\/p>\n","protected":false},"excerpt":{"rendered":"<p>Kyl\u00e4yhdistys on arkistoinut t\u00e4nne vuoden mittaan\u00a0olleista tapahtumista valokuvia. Kyseinen galleria avautuu aina napsauttamalla p\u00e4iv\u00e4m\u00e4\u00e4r\u00e4\u00e4.<\/p>\n","protected":false},"author":4,"featured_media":0,"parent":342,"menu_order":0,"comment_status":"closed","ping_status":"closed","template":"","meta":{"_acf_changed":false,"footnotes":""},"class_list":["post-1958","page","type-page","status-publish","hentry"],"acf":[],"_links":{"self":[{"href":"https:\/\/www.nokiankylat.fi\/taivalkunta\/wp-json\/wp\/v2\/pages\/1958","targetHints":{"allow":["GET"]}}],"collection":[{"href":"https:\/\/www.nokiankylat.fi\/taivalkunta\/wp-json\/wp\/v2\/pages"}],"about":[{"href":"https:\/\/www.nokiankylat.fi\/taivalkunta\/wp-json\/wp\/v2\/types\/page"}],"author":[{"embeddable":true,"href":"https:\/\/www.nokiankylat.fi\/taivalkunta\/wp-json\/wp\/v2\/users\/4"}],"replies":[{"embeddable":true,"href":"https:\/\/www.nokiankylat.fi\/taivalkunta\/wp-json\/wp\/v2\/comments?post=1958"}],"version-history":[{"count":10,"href":"https:\/\/www.nokiankylat.fi\/taivalkunta\/wp-json\/wp\/v2\/pages\/1958\/revisions"}],"predecessor-version":[{"id":3411,"href":"https:\/\/www.nokiankylat.fi\/taivalkunta\/wp-json\/wp\/v2\/pages\/1958\/revisions\/3411"}],"up":[{"embeddable":true,"href":"https:\/\/www.nokiankylat.fi\/taivalkunta\/wp-json\/wp\/v2\/pages\/342"}],"wp:attachment":[{"href":"https:\/\/www.nokiankylat.fi\/taivalkunta\/wp-json\/wp\/v2\/media?parent=1958"}],"curies":[{"name":"wp","href":"https:\/\/api.w.org\/{rel}","templated":true}]}}