{"id":2045,"date":"2017-04-03T08:28:58","date_gmt":"2017-04-03T05:28:58","guid":{"rendered":"http:\/\/www.nokiankylat.fi\/taivalkunta\/?page_id=2045"},"modified":"2017-04-03T08:30:14","modified_gmt":"2017-04-03T05:30:14","slug":"kylakirje-3-4-2017","status":"publish","type":"page","link":"https:\/\/www.nokiankylat.fi\/taivalkunta\/yhdistykset\/taivalkunnan-kylat-ry\/kylayhdistyksen-arkisto\/kylakirjeet\/kylakirjeet-2017\/kylakirje-3-4-2017\/","title":{"rendered":"Kyl\u00e4kirje 3-4-2017"},"content":{"rendered":"<p>Taivalkunnan koulun oppilaat kutsuvat kaikkia kyl\u00e4iltakahvilaan 12.4 kello 17.30-19.00. Kutsun l\u00f6yd\u00e4t PDF-tiedostona t\u00e4\u00e4lt\u00e4.\u00a0<a href=\"https:\/\/www.nokiankylat.fi\/taivalkunta\/wp-content\/uploads\/sites\/11\/2017\/04\/KUTSU-KYL\u00c4KAHVILAAN-12.4.2017.pdf\">KUTSU KYL\u00c4KAHVILAAN 12.4.2017<\/a><\/p>\n<p><a href=\"https:\/\/www.nokiankylat.fi\/taivalkunta\/wp-content\/uploads\/sites\/11\/2017\/04\/2017-04-03-1-e1491197272950.png\"><img loading=\"lazy\" decoding=\"async\" class=\"alignnone size-medium wp-image-2048\" src=\"https:\/\/www.nokiankylat.fi\/taivalkunta\/wp-content\/uploads\/sites\/11\/2017\/04\/2017-04-03-1-e1491197272950-211x300.png\" alt=\"\" width=\"211\" height=\"300\" srcset=\"https:\/\/www.nokiankylat.fi\/taivalkunta\/wp-content\/uploads\/sites\/11\/2017\/04\/2017-04-03-1-e1491197272950-211x300.png 211w, https:\/\/www.nokiankylat.fi\/taivalkunta\/wp-content\/uploads\/sites\/11\/2017\/04\/2017-04-03-1-e1491197272950.png 614w\" sizes=\"auto, (max-width: 211px) 100vw, 211px\" \/><\/a><\/p>\n","protected":false},"excerpt":{"rendered":"<p>Taivalkunnan koulun oppilaat kutsuvat kaikkia kyl\u00e4iltakahvilaan 12.4 kello 17.30-19.00. Kutsun l\u00f6yd\u00e4t PDF-tiedostona t\u00e4\u00e4lt\u00e4.\u00a0KUTSU KYL\u00c4KAHVILAAN 12.4.2017<\/p>\n","protected":false},"author":4,"featured_media":0,"parent":1776,"menu_order":0,"comment_status":"closed","ping_status":"closed","template":"","meta":{"_acf_changed":false,"footnotes":""},"class_list":["post-2045","page","type-page","status-publish","hentry"],"acf":[],"_links":{"self":[{"href":"https:\/\/www.nokiankylat.fi\/taivalkunta\/wp-json\/wp\/v2\/pages\/2045","targetHints":{"allow":["GET"]}}],"collection":[{"href":"https:\/\/www.nokiankylat.fi\/taivalkunta\/wp-json\/wp\/v2\/pages"}],"about":[{"href":"https:\/\/www.nokiankylat.fi\/taivalkunta\/wp-json\/wp\/v2\/types\/page"}],"author":[{"embeddable":true,"href":"https:\/\/www.nokiankylat.fi\/taivalkunta\/wp-json\/wp\/v2\/users\/4"}],"replies":[{"embeddable":true,"href":"https:\/\/www.nokiankylat.fi\/taivalkunta\/wp-json\/wp\/v2\/comments?post=2045"}],"version-history":[{"count":3,"href":"https:\/\/www.nokiankylat.fi\/taivalkunta\/wp-json\/wp\/v2\/pages\/2045\/revisions"}],"predecessor-version":[{"id":2050,"href":"https:\/\/www.nokiankylat.fi\/taivalkunta\/wp-json\/wp\/v2\/pages\/2045\/revisions\/2050"}],"up":[{"embeddable":true,"href":"https:\/\/www.nokiankylat.fi\/taivalkunta\/wp-json\/wp\/v2\/pages\/1776"}],"wp:attachment":[{"href":"https:\/\/www.nokiankylat.fi\/taivalkunta\/wp-json\/wp\/v2\/media?parent=2045"}],"curies":[{"name":"wp","href":"https:\/\/api.w.org\/{rel}","templated":true}]}}