{"id":2073,"date":"2017-04-06T20:09:02","date_gmt":"2017-04-06T17:09:02","guid":{"rendered":"http:\/\/www.nokiankylat.fi\/taivalkunta\/?page_id=2073"},"modified":"2017-05-12T08:01:43","modified_gmt":"2017-05-12T05:01:43","slug":"suunnittelupalaveri-5-3-2017","status":"publish","type":"page","link":"https:\/\/www.nokiankylat.fi\/taivalkunta\/yhdistykset\/taivalkunnan-kylat-ry\/kokoukset-ja-kylaillat\/kevatkarkelot-18-5-2017\/suunnittelupalaveri-5-3-2017\/","title":{"rendered":"Suunnittelupalaveri 5-4-2017"},"content":{"rendered":"<p><strong>Taivalkunnan Kev\u00e4tkarkeloiden suunnittelupalaveri \u00a0\u00a0\u00a0\u00a0\u00a0\u00a0\u00a0\u00a0\u00a0\u00a0\u00a0\u00a0\u00a0\u00a0\u00a0\u00a0\u00a0\u00a0\u00a0\u00a0\u00a0\u00a0\u00a0\u00a0\u00a0\u00a0\u00a0\u00a0\u00a0\u00a0\u00a0\u00a0\u00a0\u00a0\u00a0\u00a0\u00a0\u00a0\u00a0\u00a0 MUISTIO<\/strong><\/p>\n<p>Aika: ke 5.4.2016 kello 18:30<br \/>\nPaikka: Taivalkunnan koulu<br \/>\nL\u00e4sn\u00e4: Taivalkuntalaisten yhdistysten edustajia Anja Mattila, Eeva-Liisa Hynninen, Olli Sorva, Miia Granath, Teemu Lehtim\u00e4ki, Elina J\u00e4rvinen, Terhi Leskinen, Katja Kallio, Tomi Teuho-Markkola ja Jaana Sorvaniemi<\/p>\n<ul>\n<li>Olli toivotti osallistujat tervetulleiksi ja toimi puheenjohtajana. Hy\u00f6dynnettiin \u201dvanhaa\u201d palaveria.<\/li>\n<li>Sovittiin, ett\u00e4 Olli tekee t\u00e4st\u00e4 palaverista muistion ja kirjaa siihen mukaan my\u00f6s parin seuraavan p\u00e4iv\u00e4n aikana tehdyt varmistukset henkil\u00f6ilt\u00e4, jotka eiv\u00e4t ole l\u00e4sn\u00e4 itse palaverissa.<\/li>\n<li>Kev\u00e4tkarkelot j\u00e4rjestet\u00e4\u00e4n yhdess\u00e4 Taivalkunnassa toimivien eri yhdistysten voimin to 18.5.2017 kello 18:00 &#8211; 20:00 Taivalkunnan koululla<\/li>\n<li>Tapahtuman mahdollinen tuotto kanavoidaan kokonaisuudessaan vanhempainyhdistyksen kautta koulun oppilaiden virkistystoimintaan.<\/li>\n<li>Olli on ilmoittanut koulun rehtorille tapahtumasta ja varmistanut tilojen k\u00e4ytt\u00f6mahdollisuuden<\/li>\n<li>Olli tekee kutsut ja Taivalkunnan Kyl\u00e4t ry vastuullisena j\u00e4rjest\u00e4j\u00e4n\u00e4 jakaa kutsut postilaatikkoihin. Tilaisuudesta ilmoitellaan my\u00f6s kyl\u00e4postin (Olli), Facebookin (Minna) ja kotisivujen (Olli) kautta.<\/li>\n<li>Jaana tekee mainokset kyl\u00e4n koululle ja ilmoitustauluille viimeist\u00e4\u00e4n 2 viikkoa ennen tapahtumaa.<\/li>\n<li>Reeta kysyy varaukseen telttakatosta (esim. Assilta) ja tuo sen koululle, jos s\u00e4\u00e4 n\u00e4ytt\u00e4\u00e4 huonolta\n<ul>\n<li><em>Reeta vahvistanut katoksen saannin ja tuo sen tarvitessa koululle (Olli varmisti Reetalta)<\/em><\/li>\n<\/ul>\n<\/li>\n<li>Tomi hoitamaan \u00e4\u00e4nentoistolaitteet ja musiikin sek\u00e4 toimii kuuluttajana<\/li>\n<li>Anja hoitaa pohjakassat (2kpl) tapahtumaan<\/li>\n<li>Tomi hommaa ja tuo makkarat tapahtumaan (200kpl). Sinappia on ennest\u00e4\u00e4n.\n<ul>\n<li>makkarat myyd\u00e4\u00e4n 2eur\/kpl<\/li>\n<\/ul>\n<\/li>\n<li>Elina tuo makkarapussit, k\u00e4sipaperit ja grillipihdit.<\/li>\n<li>Anja hommaa kahvin, teen, sokerin, ketsupin ja mehun(3mehukattia) sek\u00e4 mukit ja lusikat kahville ja mukit mehulle.<\/li>\n<li>Olli tuo kahvinkeittov\u00e4lineet, termoskannut kahville ja teevedelle sek\u00e4 hommaa kahvinkeitt\u00e4j\u00e4n.\n<ul>\n<li>kahvi ja mehu ilmaista<\/li>\n<\/ul>\n<\/li>\n<li>Anja ja Eeva hoitavat muurinpohjalettuihin taikinat, paiston tarvitsemat aineet ja v\u00e4lineet sek\u00e4 lautaset. He hommaavat my\u00f6s paistoon ja myyntiin tarvittavan miehityksen.\n<ul>\n<li>letut myyd\u00e4\u00e4n 2 eur\/kpl<\/li>\n<\/ul>\n<\/li>\n<li>Lettuhommaan Anja tuo 2X(kaasupullon, polttimen ja pannun) sek\u00e4 tulitikut. Eeva tuo 1X(\u2026\u2026\u2026.).<\/li>\n<li>Teemu tuo myyntip\u00f6yd\u00e4t 4-5 kpl ja roskiksen.<\/li>\n<li>Aikuiset vastaan lapset pes\u00e4pallo-ottelu.\n<ul>\n<li><em>Ottelun tuomarina toimii Juha K\u00e4lli (Olli varmistanut asian Juhalta)<\/em><\/li>\n<\/ul>\n<\/li>\n<li>Teemu j\u00e4rjest\u00e4\u00e4 tikanheiton tai jonkun muun kisan ja palkinnot.<\/li>\n<li>Miia ja Katja vastuullisina, Vanhempainyhdistys j\u00e4rjest\u00e4\u00e4 ohjelmaa lapsille ja lapsenmielisille sek\u00e4 mahdollisiin kilpailuihin palkinnot. Ilmoittavat ohjelman sis\u00e4ll\u00f6n Ollille ja Jaanalle 30.4 menness\u00e4, jotta tieto ehtii karkeloilmoitteluun mukaan.<\/li>\n<li>Jaana tuo hepan\/hepat tilaisuuteen (ja mahd. palkita vuoden hevosurheilija kiertopalkinnolla)<\/li>\n<li>Tarvitaanko jokin vakuutus ja mit\u00e4 on yhdistyksen vastuulla? Olli selvitt\u00e4\u00e4 asian ja hoitaa tarvittaessa vakuutuksen tuohon tapahtumaan.<\/li>\n<li>Palaveri kesti 35 minuuttia. Avoimia suunnitteluasioita ei j\u00e4\u00e4nyt, josta kiitos kyl\u00e4aktiiveille.<\/li>\n<li>Tapahtumap\u00e4iv\u00e4n\u00e4 kokoonnutaan kello 17:15 koululle j\u00e4rjest\u00e4m\u00e4\u00e4n paikkoja valmiiksi<\/li>\n<\/ul>\n<p>Muistion vakuudeksi palaverin koollekutsuja kyl\u00e4yhdistyksen pj. Olli Sorva<\/p>\n","protected":false},"excerpt":{"rendered":"<p>Taivalkunnan Kev\u00e4tkarkeloiden suunnittelupalaveri \u00a0\u00a0\u00a0\u00a0\u00a0\u00a0\u00a0\u00a0\u00a0\u00a0\u00a0\u00a0\u00a0\u00a0\u00a0\u00a0\u00a0\u00a0\u00a0\u00a0\u00a0\u00a0\u00a0\u00a0\u00a0\u00a0\u00a0\u00a0\u00a0\u00a0\u00a0\u00a0\u00a0\u00a0\u00a0\u00a0\u00a0\u00a0\u00a0\u00a0 MUISTIO Aika: ke 5.4.2016 kello 18:30 Paikka: Taivalkunnan koulu L\u00e4sn\u00e4: Taivalkuntalaisten yhdistysten edustajia Anja Mattila, Eeva-Liisa Hynninen, Olli Sorva, Miia Granath, Teemu Lehtim\u00e4ki, Elina J\u00e4rvinen, Terhi Leskinen, Katja Kallio, Tomi Teuho-Markkola ja Jaana Sorvaniemi Olli toivotti osallistujat tervetulleiksi ja toimi puheenjohtajana. Hy\u00f6dynnettiin \u201dvanhaa\u201d palaveria. Sovittiin, ett\u00e4 Olli tekee t\u00e4st\u00e4 palaverista muistion &hellip; <a href=\"https:\/\/www.nokiankylat.fi\/taivalkunta\/yhdistykset\/taivalkunnan-kylat-ry\/kokoukset-ja-kylaillat\/kevatkarkelot-18-5-2017\/suunnittelupalaveri-5-3-2017\/\">Jatkuu<\/a><\/p>\n","protected":false},"author":4,"featured_media":0,"parent":2090,"menu_order":0,"comment_status":"closed","ping_status":"closed","template":"","meta":{"_acf_changed":false,"footnotes":""},"class_list":["post-2073","page","type-page","status-publish","hentry"],"acf":[],"_links":{"self":[{"href":"https:\/\/www.nokiankylat.fi\/taivalkunta\/wp-json\/wp\/v2\/pages\/2073","targetHints":{"allow":["GET"]}}],"collection":[{"href":"https:\/\/www.nokiankylat.fi\/taivalkunta\/wp-json\/wp\/v2\/pages"}],"about":[{"href":"https:\/\/www.nokiankylat.fi\/taivalkunta\/wp-json\/wp\/v2\/types\/page"}],"author":[{"embeddable":true,"href":"https:\/\/www.nokiankylat.fi\/taivalkunta\/wp-json\/wp\/v2\/users\/4"}],"replies":[{"embeddable":true,"href":"https:\/\/www.nokiankylat.fi\/taivalkunta\/wp-json\/wp\/v2\/comments?post=2073"}],"version-history":[{"count":5,"href":"https:\/\/www.nokiankylat.fi\/taivalkunta\/wp-json\/wp\/v2\/pages\/2073\/revisions"}],"predecessor-version":[{"id":2129,"href":"https:\/\/www.nokiankylat.fi\/taivalkunta\/wp-json\/wp\/v2\/pages\/2073\/revisions\/2129"}],"up":[{"embeddable":true,"href":"https:\/\/www.nokiankylat.fi\/taivalkunta\/wp-json\/wp\/v2\/pages\/2090"}],"wp:attachment":[{"href":"https:\/\/www.nokiankylat.fi\/taivalkunta\/wp-json\/wp\/v2\/media?parent=2073"}],"curies":[{"name":"wp","href":"https:\/\/api.w.org\/{rel}","templated":true}]}}