{"id":2090,"date":"2017-04-18T18:24:20","date_gmt":"2017-04-18T15:24:20","guid":{"rendered":"http:\/\/www.nokiankylat.fi\/taivalkunta\/?page_id=2090"},"modified":"2017-06-01T16:55:50","modified_gmt":"2017-06-01T13:55:50","slug":"kevatkarkelot-18-5-2017","status":"publish","type":"page","link":"https:\/\/www.nokiankylat.fi\/taivalkunta\/yhdistykset\/taivalkunnan-kylat-ry\/kokoukset-ja-kylaillat\/kevatkarkelot-18-5-2017\/","title":{"rendered":"Kev\u00e4tkarkelot 18-5-2017"},"content":{"rendered":"<p>Kev\u00e4tkarkelot 18.5.2017 kello 18.00-20.00 koululla. Paikalla oli yli 90 kyl\u00e4l\u00e4ist\u00e4. Kuvia tapahtumasta l\u00f6ytyy Kuvia ja leikkeit\u00e4 osiosta.<\/p>\n","protected":false},"excerpt":{"rendered":"<p>Kev\u00e4tkarkelot 18.5.2017 kello 18.00-20.00 koululla. Paikalla oli yli 90 kyl\u00e4l\u00e4ist\u00e4. Kuvia tapahtumasta l\u00f6ytyy Kuvia ja leikkeit\u00e4 osiosta.<\/p>\n","protected":false},"author":4,"featured_media":0,"parent":1034,"menu_order":0,"comment_status":"closed","ping_status":"closed","template":"","meta":{"_acf_changed":false,"footnotes":""},"class_list":["post-2090","page","type-page","status-publish","hentry"],"acf":[],"_links":{"self":[{"href":"https:\/\/www.nokiankylat.fi\/taivalkunta\/wp-json\/wp\/v2\/pages\/2090","targetHints":{"allow":["GET"]}}],"collection":[{"href":"https:\/\/www.nokiankylat.fi\/taivalkunta\/wp-json\/wp\/v2\/pages"}],"about":[{"href":"https:\/\/www.nokiankylat.fi\/taivalkunta\/wp-json\/wp\/v2\/types\/page"}],"author":[{"embeddable":true,"href":"https:\/\/www.nokiankylat.fi\/taivalkunta\/wp-json\/wp\/v2\/users\/4"}],"replies":[{"embeddable":true,"href":"https:\/\/www.nokiankylat.fi\/taivalkunta\/wp-json\/wp\/v2\/comments?post=2090"}],"version-history":[{"count":4,"href":"https:\/\/www.nokiankylat.fi\/taivalkunta\/wp-json\/wp\/v2\/pages\/2090\/revisions"}],"predecessor-version":[{"id":2152,"href":"https:\/\/www.nokiankylat.fi\/taivalkunta\/wp-json\/wp\/v2\/pages\/2090\/revisions\/2152"}],"up":[{"embeddable":true,"href":"https:\/\/www.nokiankylat.fi\/taivalkunta\/wp-json\/wp\/v2\/pages\/1034"}],"wp:attachment":[{"href":"https:\/\/www.nokiankylat.fi\/taivalkunta\/wp-json\/wp\/v2\/media?parent=2090"}],"curies":[{"name":"wp","href":"https:\/\/api.w.org\/{rel}","templated":true}]}}